{"id":5481,"date":"2024-10-30T16:26:05","date_gmt":"2024-10-30T20:26:05","guid":{"rendered":"https:\/\/dev.proliquidpc.com\/boutique\/non%20class\u00e9\/ek-quantum-vector-trinity-rtx-3080-3090-backplate-active-d-rgb-plexi-831109836316\/"},"modified":"2025-01-19T16:20:59","modified_gmt":"2025-01-19T21:20:59","slug":"ek-quantum-vector-trinity-rtx-3080-3090-backplate-active-d-rgb-plexi-831109836316","status":"publish","type":"product","link":"https:\/\/proliquidpc.com\/fr\/boutique\/gpu-waterblock\/gpu-nvidia\/serie-3000\/ek-quantum-vector-trinity-rtx-3080-3090-backplate-active-d-rgb-plexi-831109836316\/","title":{"rendered":"EK-Quantum Vector Trinity RTX 3080\/3090 backplate Active, D-RGB &#8211; Plexi 831109836316"},"content":{"rendered":"<p>EK-Quantum Vector Trinity RTX 3080\/3090 Active Backplate D-RGB &#8211; Plexi est un ajout de pointe \u00e0 la gamme EK\u00ae Quantum. Il est con\u00e7u pour compl\u00e9ter les blocs d&rsquo;eau EK-Quantum Vector Trinity RTX 3080\/3090 existants et refroidir activement l&rsquo;arri\u00e8re de tous les GPU ZOTAC\u00ae GeForce RTX\u2122 3080 et 3090 Trinity.<\/p>\n<p>Pour une compatibilit\u00e9 pr\u00e9cise de ce Waterblock, nous vous recommandons de vous r\u00e9f\u00e9rer au configurateur de refroidissement EK.<\/p>\n<p>EK Trinity RTX 3080 3090 backplate active<\/p>\n<p>EK-Quantum Vector Trinity RTX 3080\/3090 backplate active<br \/>\nLa backplate active EK-Quantum Vector Trinity RTX 3080\/3090 relie le Waterblock et la partie arri\u00e8re active avec une nouvelle borne, qui remplace la borne d&rsquo;origine fournie avec votre Waterblock. De cette fa\u00e7on, l&rsquo;ensemble du bo\u00eetier ne n\u00e9cessite qu&rsquo;une seule entr\u00e9e et une seule sortie, ce qui permet d&rsquo;\u00e9liminer tout tube suppl\u00e9mentaire inutile et de r\u00e9duire l&rsquo;encombrement. C&rsquo;est la solution esth\u00e9tique et performante ultime qui trouve votre GPU pris en sandwich entre deux blocs d&rsquo;eau permettant un refroidissement maximal.<\/p>\n<p>EK Trinity RTX 3080 3090 backplate active<\/p>\n<p>La backplate Vector Active refroidit directement les points chauds du PCB qui se trouvent \u00e0 l&rsquo;arri\u00e8re du c\u0153ur du GPU et du VRM (module de r\u00e9gulation de tension). Sur le RX 3090, la VRAM situ\u00e9e \u00e0 l&rsquo;arri\u00e8re est refroidie, tandis que la RTX 3080 refroidit le circuit imprim\u00e9 situ\u00e9 autour de la VRAM mont\u00e9e \u00e0 l&rsquo;avant. Le liquide de refroidissement est canalis\u00e9 sur toutes ces zones critiques.<\/p>\n<p>Ces plaques arri\u00e8re actives nouvellement d\u00e9velopp\u00e9es sont dot\u00e9es d&rsquo;un r\u00e9seau d&rsquo;ailettes avec 6 canaux larges permettant une tr\u00e8s faible restriction de d\u00e9bit. Cela permet \u00e0 son tour des temp\u00e9ratures globalement plus basses, tandis que la backplate active obtient une surface plus que suffisante pour le transfert de chaleur.<\/p>\n<p>EK Trinity RTX 3080 3090 backplate active<\/p>\n<p>La base de la backplate active est usin\u00e9e CNC en cuivre \u00e9lectrolytique nickel\u00e9, tandis que sa partie sup\u00e9rieure est usin\u00e9e CNC en acrylique coul\u00e9 semblable \u00e0 du verre. Le reste de la backplate est en aluminium nickel\u00e9 et n&rsquo;entre pas en contact avec le liquide. Ces plaques arri\u00e8re Vector Active sont \u00e9galement dot\u00e9es de bornes en acrylique assorties au capot sup\u00e9rieur. L&rsquo;\u00e9tanch\u00e9it\u00e9 est assur\u00e9e par des joints toriques EPDM de haute qualit\u00e9.<\/p>\n<p>Eclairage D-RGB sur EK-Quantum Vector Trinity RTX 3080\/3090 Active Backplate Waterblock D-RGB<br \/>\nCompatibilit\u00e9 RVB<\/p>\n<p>L&#8217;embout esth\u00e9tique abrite la bande LED D-RGB adressable. Ce Waterblock dispose d&rsquo;un total de 8 LED RGB adressables individuellement, et il est compatible avec les technologies de synchronisation RVB populaires de tous les principaux fabricants de cartes m\u00e8res. Le marquage fl\u00e9ch\u00e9 sur le connecteur LED D-RGB \u00e0 3 broches doit \u00eatre align\u00e9 avec le marquage +5V sur l&rsquo;en-t\u00eate D-RGB (adressable). <\/p>\n<p>Avertissement:<br \/>\nEK ne garantit la compatibilit\u00e9 qu&rsquo;avec les coussinets thermiques de marque EK inclus. Le processus d&rsquo;installation, les performances de refroidissement et les contacts du bloc sont test\u00e9s exclusivement avec des tampons thermiques de marque EK.<br \/>\nLes \u00e9paisseurs de tampons thermiques indiqu\u00e9es ne s&rsquo;appliquent qu&rsquo;aux tampons thermiques EK qui sont inclus dans l&#8217;emballage.<br \/>\nEK ne garantit pas la compatibilit\u00e9 avec les alternatives du march\u00e9 secondaire pour les mat\u00e9riaux d&rsquo;interface thermique.<br \/>\nAssurez-vous qu&rsquo;il y a suffisamment d&rsquo;espace pour que la backplate active puisse s&rsquo;adapter au-dessus de l&#8217;emplacement PCIe. Cette backplate active n\u00e9cessite un d\u00e9gagement de 13 mm au-dessus du centre de l&#8217;emplacement PCIe.<br \/>\nCi-joint:<\/p>\n<p>&#8211; EK-Quantum Vector Trinity RTX 3080\/3090 backplate active D-RGB &#8211; Plexi<br \/>\n&#8211; Vis de montage, \u00e9crous et rondelles n\u00e9cessaires<br \/>\n&#8211; 1x Cheville en laiton nickel\u00e9 G1\/4&Prime;<br \/>\n&#8211; EK-Loop Multi Allen Key (6 mm, 8 mm, 9 mm)<br \/>\n&#8211; Coussinets thermiques<\/p>\n<p>Sp\u00e9cification technique:<br \/>\n&#8211; Dimensions : (LxHxL) &#8211; 231x124x15mm<br \/>\n&#8211; Longueur du c\u00e2ble D-RGB : 500 mm<br \/>\n&#8211; Nombre de LED D-RGB : 8<br \/>\n&#8211; Connecteur D-RGB standard 3 broches (+5V, Donn\u00e9es, Bloqu\u00e9, Masse)<\/p>\n<p>VEUILLEZ NOTER :<\/p>\n<p>Ce bloc est con\u00e7u pour les cartes ZOTAC Trinity 3080 et 3090. Il ne s&rsquo;agit pas d&rsquo;une unit\u00e9 autonome et n\u00e9cessite un Waterblock EK-Quantum Vector Trinity RTX 3080\/3090 pour l&rsquo;associer.<br \/>\nEn raison de l&rsquo;immense vari\u00e9t\u00e9 de fittings\/ardillons disponibles sur le march\u00e9, nous garantissons la compatibilit\u00e9 uniquement avec les fittings EK.<br \/>\nCe produit ne doit PAS \u00eatre install\u00e9 avec des pi\u00e8ces en aluminium Fluid Gaming !<br \/>\nL&rsquo;utilisation de liquides de refroidissement sp\u00e9cialement con\u00e7us qui contiennent de la corrosion, du tartre et des inhibiteurs biologiques est obligatoire pour \u00e9viter d&rsquo;endommager votre Waterblock nickel\u00e9 ! EK propose une s\u00e9lection de ces produits dans la section des liquides de refroidissement.<\/p>\n","protected":false},"excerpt":{"rendered":"<p>EK-Quantum Vector Trinity RTX 3080\/3090 Active Backplate D-RGB &#8211; Plexi est un ajout de pointe \u00e0 la gamme EK\u00ae Quantum. Il est con\u00e7u pour compl\u00e9ter les blocs d&rsquo;eau EK-Quantum Vector Trinity RTX 3080\/3090 existants et refroidir activement l&rsquo;arri\u00e8re de tous les GPU ZOTAC\u00ae GeForce RTX\u2122 3080 et 3090 Trinity. Pour une compatibilit\u00e9 pr\u00e9cise de ce [&hellip;]<\/p>\n","protected":false},"featured_media":5482,"template":"","meta":{"_genesis_hide_title":false,"_genesis_hide_breadcrumbs":false,"_genesis_hide_singular_image":false,"_genesis_hide_footer_widgets":false,"_genesis_custom_body_class":"","_genesis_custom_post_class":"","_genesis_layout":""},"product_brand":[],"product_cat":[39,57,38],"product_tag":[],"class_list":{"0":"post-5481","1":"product","2":"type-product","3":"status-publish","4":"has-post-thumbnail","6":"product_cat-gpu-nvidia","7":"product_cat-serie-3000","8":"product_cat-gpu-waterblock","9":"entry","11":"first","12":"instock","13":"taxable","14":"shipping-taxable","15":"purchasable","16":"product-type-simple"},"_links":{"self":[{"href":"https:\/\/proliquidpc.com\/fr\/wp-json\/wp\/v2\/product\/5481","targetHints":{"allow":["GET"]}}],"collection":[{"href":"https:\/\/proliquidpc.com\/fr\/wp-json\/wp\/v2\/product"}],"about":[{"href":"https:\/\/proliquidpc.com\/fr\/wp-json\/wp\/v2\/types\/product"}],"wp:featuredmedia":[{"embeddable":true,"href":"https:\/\/proliquidpc.com\/fr\/wp-json\/wp\/v2\/media\/5482"}],"wp:attachment":[{"href":"https:\/\/proliquidpc.com\/fr\/wp-json\/wp\/v2\/media?parent=5481"}],"wp:term":[{"taxonomy":"product_brand","embeddable":true,"href":"https:\/\/proliquidpc.com\/fr\/wp-json\/wp\/v2\/product_brand?post=5481"},{"taxonomy":"product_cat","embeddable":true,"href":"https:\/\/proliquidpc.com\/fr\/wp-json\/wp\/v2\/product_cat?post=5481"},{"taxonomy":"product_tag","embeddable":true,"href":"https:\/\/proliquidpc.com\/fr\/wp-json\/wp\/v2\/product_tag?post=5481"}],"curies":[{"name":"wp","href":"https:\/\/api.w.org\/{rel}","templated":true}]}}