{"id":5492,"date":"2024-10-30T16:26:05","date_gmt":"2024-10-30T20:26:05","guid":{"rendered":"https:\/\/dev.proliquidpc.com\/boutique\/non%20class\u00e9\/pack-de-colorants-ek-cryofuel\/"},"modified":"2025-03-20T23:12:20","modified_gmt":"2025-03-21T03:12:20","slug":"pack-de-colorants-ek-cryofuel","status":"publish","type":"product","link":"https:\/\/proliquidpc.com\/fr\/boutique\/liquides\/colorant\/pack-de-colorants-ek-cryofuel\/","title":{"rendered":"Pack de colorants EK-CryoFuel"},"content":{"rendered":"<p>D\u00e9tails<br \/>\nCe petit pack de cr\u00e9ativit\u00e9 permettra aux utilisateurs de transformer leurs liquides de refroidissement EK-CryoFuel transparents ou blancs en de belles couleurs personnalis\u00e9es et uniques. \u00c9galement soutenu par des tests rigoureux, EK s\u2019est assur\u00e9 que le pack de colorants EK suivra le chemin du succ\u00e8s des liquides de refroidissement EK-CryoFuel.<\/p>\n<p>L\u2019emballage se compose de bouteilles de colorant rouge, jaune et bleu que vous appliquez sur votre liquide de refroidissement de base &#8211; soit EK-Cryofuel Solid Cloud White, soit EK-Cryofuel Clear, selon la pr\u00e9f\u00e9rence pour un liquide de refroidissement transparent ou solide.  <\/p>\n<p>EK a fait quelques recettes de couleurs comme base, mais dans ce cas, le manuel est plus comme une ligne directrice. Vous pouvez le suivre, ou non. Les go\u00fbts diff\u00e8rent, alors pourquoi se conformer \u00e0 une norme quand vous pouvez cr\u00e9er quelque chose que vous appelez fi\u00e8rement le v\u00f4tre. En fin de compte, cela vous permet \u00e9galement d\u2019\u00e9changer la couleur de votre liquide de refroidissement si vous vous ennuyez. Il y a deux voies principales : choisir l\u2019EK-CryoFuel Solid Cloud White comme base pour obtenir le liquide de refroidissement solide ou opter pour la variante transparente en ayant la base en EK-CryoFuel Clear.<\/p>\n<p>Pack de colorants EK-CryoFuel<\/p>\n<p>Une bouteille de Dye Pack contient en moyenne environ 340 gouttes, mais le nombre peut \u00e9galement varier en fonction du dosage. Si vous visez une teinte plus intense, augmentez la quantit\u00e9 de colorant avec des rapports de m\u00e9lange appropri\u00e9s.<\/p>\n<p>Les rapports de m\u00e9lange dans les tableaux sont donn\u00e9s sous forme de gouttes pour un litre de liquide de refroidissement et ne sont qu\u2019informatifs Ce ne sont que des lignes directrices pour m\u00e9langer votre couleur et votre nuance. Le ton final peut s\u2019\u00e9carter des instructions indiqu\u00e9es. Il est obligatoire d\u2019utiliser des liquides de refroidissement sp\u00e9cialement con\u00e7us comme base qui contiennent la corrosion et le tartre afin d\u2019\u00e9viter d\u2019endommager votre bloc d\u2019eau nickel\u00e9 ! En cas d\u2019utilisation des concentr\u00e9s EK-CryoFuel Clear et EK-CryoFuel Solid Cloud White, nous vous sugg\u00e9rons de pr\u00e9parer d\u2019abord le pr\u00e9m\u00e9lange, puis de commencer \u00e0 m\u00e9langer les colorants.<\/p>\n<p>FICHE DE DONN\u00c9ES DE S\u00c9CURIT\u00c9<\/p>\n<p>VEUILLEZ NOTER :<\/p>\n<p>EK recommande vivement l\u2019utilisation d\u2019EK-Cryofuel Solid Cloud White ou d\u2019EK-Cryofuel Clear comme liquide de refroidissement de base !<br \/>\nIl est obligatoire d\u2019utiliser des liquides de refroidissement sp\u00e9cialement con\u00e7us qui contiennent de la corrosion, du tartre afin d\u2019\u00e9viter d\u2019endommager votre bloc d\u2019eau nickel\u00e9 !<\/p>\n<p><iframe loading=\"lazy\" title=\"Get Desired Coolant Color With EK-CryoFuel Dye Pack | EK HOW TO\" width=\"500\" height=\"281\" src=\"https:\/\/www.youtube.com\/embed\/T5TyhptL9VM?feature=oembed\" frameborder=\"0\" allow=\"accelerometer; autoplay; clipboard-write; encrypted-media; gyroscope; picture-in-picture; web-share\" referrerpolicy=\"strict-origin-when-cross-origin\" allowfullscreen><\/iframe><\/p>\n","protected":false},"excerpt":{"rendered":"<p>D\u00e9tails Ce petit pack de cr\u00e9ativit\u00e9 permettra aux utilisateurs de transformer leurs liquides de refroidissement EK-CryoFuel transparents ou blancs en de belles couleurs personnalis\u00e9es et uniques. \u00c9galement soutenu par des tests rigoureux, EK s\u2019est assur\u00e9 que le pack de colorants EK suivra le chemin du succ\u00e8s des liquides de refroidissement EK-CryoFuel. L\u2019emballage se compose de [&hellip;]<\/p>\n","protected":false},"featured_media":5347,"template":"","meta":{"_genesis_hide_title":false,"_genesis_hide_breadcrumbs":false,"_genesis_hide_singular_image":false,"_genesis_hide_footer_widgets":false,"_genesis_custom_body_class":"","_genesis_custom_post_class":"","_genesis_layout":""},"product_brand":[],"product_cat":[82,66],"product_tag":[],"class_list":{"0":"post-5492","1":"product","2":"type-product","3":"status-publish","4":"has-post-thumbnail","6":"product_cat-colorant","7":"product_cat-liquides","8":"entry","10":"first","11":"instock","12":"taxable","13":"shipping-taxable","14":"purchasable","15":"product-type-simple"},"_links":{"self":[{"href":"https:\/\/proliquidpc.com\/fr\/wp-json\/wp\/v2\/product\/5492","targetHints":{"allow":["GET"]}}],"collection":[{"href":"https:\/\/proliquidpc.com\/fr\/wp-json\/wp\/v2\/product"}],"about":[{"href":"https:\/\/proliquidpc.com\/fr\/wp-json\/wp\/v2\/types\/product"}],"wp:featuredmedia":[{"embeddable":true,"href":"https:\/\/proliquidpc.com\/fr\/wp-json\/wp\/v2\/media\/5347"}],"wp:attachment":[{"href":"https:\/\/proliquidpc.com\/fr\/wp-json\/wp\/v2\/media?parent=5492"}],"wp:term":[{"taxonomy":"product_brand","embeddable":true,"href":"https:\/\/proliquidpc.com\/fr\/wp-json\/wp\/v2\/product_brand?post=5492"},{"taxonomy":"product_cat","embeddable":true,"href":"https:\/\/proliquidpc.com\/fr\/wp-json\/wp\/v2\/product_cat?post=5492"},{"taxonomy":"product_tag","embeddable":true,"href":"https:\/\/proliquidpc.com\/fr\/wp-json\/wp\/v2\/product_tag?post=5492"}],"curies":[{"name":"wp","href":"https:\/\/api.w.org\/{rel}","templated":true}]}}