{"id":5494,"date":"2024-10-30T16:26:05","date_gmt":"2024-10-30T20:26:05","guid":{"rendered":"https:\/\/dev.proliquidpc.com\/boutique\/non%20class\u00e9\/ek-tube-zmt-noir-mat-159-95mm\/"},"modified":"2026-02-21T13:58:35","modified_gmt":"2026-02-21T18:58:35","slug":"ek-tube-zmt-noir-mat-159-95mm","status":"publish","type":"product","link":"https:\/\/proliquidpc.com\/fr\/boutique\/tubing\/soft-tubing-pvc\/ek-tube-zmt-noir-mat-159-95mm\/","title":{"rendered":"EK-Tube ZMT Noir mat 15,9\/9,5mm vendu au pied"},"content":{"rendered":"<p>EK-Loop ZMT Soft Tube (Zero Maintenance Tubing) est un tube en caoutchouc EPDM de haute qualit\u00e9, sans entretien, de qualit\u00e9 industrielle, en noir mat \u00e9l\u00e9gant.<\/p>\n<p>Ce tube est &#8211; tout comme le Norprene &#8211; con\u00e7u pour r\u00e9sister \u00e0 des conditions difficiles pendant une tr\u00e8s longue p\u00e9riode, offrant une dur\u00e9e de vie vraiment exceptionnelle m\u00eame en cas d\u2019exposition aux UV, \u00e0 l\u2019ozone et \u00e0 la chaleur pendant de nombreuses ann\u00e9es.<\/p>\n<p>Contrairement \u00e0 la plupart des tubes en PVC et en PUR, ce tube en caoutchouc EPDM de haute qualit\u00e9 fabriqu\u00e9 par EK garantit un fonctionnement durable et ne souffre pas d\u2019un effet de lixiviation des plastifiants qui peut provoquer un blocage (craquement) dans votre boucle de refroidissement liquide. Ce tube de 9,5\/15,9 mm (ID\/OD) permet \u00e9galement un tr\u00e8s petit rayon de courbure !<\/p>\n<p>Ce n\u2019est peut-\u00eatre pas le tube pour tout le monde, mais il est garanti d\u2019\u00eatre sans tracas m\u00eame \u00e0 long terme, ce que les autres tubes en PVC\/PUR ne peuvent pas offrir !<\/p>\n<p>Ce tube est un compagnon id\u00e9al pour les fittings \u00e0 compression EK-Quantum Torque STC &#8211; s\u00e9rie 10\/16.<\/p>\n<p>Caract\u00e9ristiques techniques :<br \/>\n&#8211; Mat\u00e9riau : EPDM<br \/>\n&#8211; Couleur : Noir, non r\u00e9actif aux UV<br \/>\n&#8211; Diam\u00e8tre int\u00e9rieur : 9,5 mm (3\/8&Prime;)<br \/>\n&#8211; Diam\u00e8tre ext\u00e9rieur : 15,9 mm (5\/8&Prime;)<br \/>\n&#8211; Plage de temp\u00e9rature de fonctionnement : -30 \u00b0C \u00e0 110 \u00b0C<br \/>\n&#8211; Compatible avec tous les liquides de refroidissement connus et largement utilis\u00e9s<\/p>\n<p>Emballage de vente au d\u00e9tail &#8211; 1 pied<\/p>\n<p>Conforme \u00e0 la directive RoHS.<\/p>\n<p>VEUILLEZ NOTER :<\/p>\n<p>En raison de la nature de la fabrication, le tube peut contenir des traces de charbon.<\/p>\n","protected":false},"excerpt":{"rendered":"<p>EK-Loop ZMT Soft Tube (Zero Maintenance Tubing) est un tube en caoutchouc EPDM de haute qualit\u00e9, sans entretien, de qualit\u00e9 industrielle, en noir mat \u00e9l\u00e9gant. Ce tube est &#8211; tout comme le Norprene &#8211; con\u00e7u pour r\u00e9sister \u00e0 des conditions difficiles pendant une tr\u00e8s longue p\u00e9riode, offrant une dur\u00e9e de vie vraiment exceptionnelle m\u00eame en [&hellip;]<\/p>\n","protected":false},"featured_media":5359,"template":"","meta":{"_genesis_hide_title":false,"_genesis_hide_breadcrumbs":false,"_genesis_hide_singular_image":false,"_genesis_hide_footer_widgets":false,"_genesis_custom_body_class":"","_genesis_custom_post_class":"","_genesis_layout":""},"product_brand":[],"product_cat":[77,27],"product_tag":[],"class_list":{"0":"post-5494","1":"product","2":"type-product","3":"status-publish","4":"has-post-thumbnail","6":"product_cat-soft-tubing-pvc","7":"product_cat-tubing","8":"entry","10":"first","11":"outofstock","12":"taxable","13":"shipping-taxable","14":"purchasable","15":"product-type-simple"},"_links":{"self":[{"href":"https:\/\/proliquidpc.com\/fr\/wp-json\/wp\/v2\/product\/5494","targetHints":{"allow":["GET"]}}],"collection":[{"href":"https:\/\/proliquidpc.com\/fr\/wp-json\/wp\/v2\/product"}],"about":[{"href":"https:\/\/proliquidpc.com\/fr\/wp-json\/wp\/v2\/types\/product"}],"wp:featuredmedia":[{"embeddable":true,"href":"https:\/\/proliquidpc.com\/fr\/wp-json\/wp\/v2\/media\/5359"}],"wp:attachment":[{"href":"https:\/\/proliquidpc.com\/fr\/wp-json\/wp\/v2\/media?parent=5494"}],"wp:term":[{"taxonomy":"product_brand","embeddable":true,"href":"https:\/\/proliquidpc.com\/fr\/wp-json\/wp\/v2\/product_brand?post=5494"},{"taxonomy":"product_cat","embeddable":true,"href":"https:\/\/proliquidpc.com\/fr\/wp-json\/wp\/v2\/product_cat?post=5494"},{"taxonomy":"product_tag","embeddable":true,"href":"https:\/\/proliquidpc.com\/fr\/wp-json\/wp\/v2\/product_tag?post=5494"}],"curies":[{"name":"wp","href":"https:\/\/api.w.org\/{rel}","templated":true}]}}