{"id":5496,"date":"2024-10-30T16:26:05","date_gmt":"2024-10-30T20:26:05","guid":{"rendered":"https:\/\/dev.proliquidpc.com\/boutique\/non%20class\u00e9\/ek-quantum-velocity-str4-d-rgb-nickel-plexi\/"},"modified":"2025-01-19T16:21:11","modified_gmt":"2025-01-19T21:21:11","slug":"ek-quantum-velocity-str4-d-rgb-nickel-plexi","status":"publish","type":"product","link":"https:\/\/proliquidpc.com\/fr\/boutique\/cpu-waterblock\/cpu-amd\/ek-quantum-velocity-str4-d-rgb-nickel-plexi\/","title":{"rendered":"EK-Quantum Velocity sTR4 D-RGB &#8211; Nickel + Plexi"},"content":{"rendered":"<p>EK-Quantum Velocity sTR4 est la 3e g\u00e9n\u00e9ration de blocs d\u2019eau CPU con\u00e7us sur mesure pour les processeurs AMD\u00ae Ryzen\u2122 Threadripper\u2122. Ils sont livr\u00e9s avec un m\u00e9canisme de montage pr\u00e9-assembl\u00e9 qui emp\u00eache les erreurs. L\u2019objectif principal de la conception du nouveau bloc d\u2019eau EK-Quantum Velocity sTR4 \u00e9tait de couvrir l\u2019ensemble de l\u2019IHS des processeurs HEDT AMD\u00ae Ryzen Threadripper et d\u2019am\u00e9liorer les performances par rapport \u00e0 la g\u00e9n\u00e9ration pr\u00e9c\u00e9dente de blocs d\u2019eau sTR4.<\/p>\n<p>Bloc d\u2019eau EK-Velocity sTR4<\/p>\n<p>Le dessus est fabriqu\u00e9 \u00e0 partir d\u2019un mat\u00e9riau acrylique semblable au verre usin\u00e9 CNC. Chaque bloc d\u2019eau EK-Quantum Velocity sTR4 est livr\u00e9 avec une base en cuivre usin\u00e9e avec pr\u00e9cision (parfois appel\u00e9e \u00ab plaque froide \u00bb) qui est fabriqu\u00e9e \u00e0 partir du cuivre le plus pur disponible sur le march\u00e9 et est trait\u00e9e par galvanoplastie au nickel.<\/p>\n<p>EK-Quantum Velocity sTR4 est livr\u00e9 avec un m\u00e9canisme de montage pr\u00e9-assembl\u00e9 emp\u00eachant les erreurs qui est install\u00e9 directement sur les trous de montage du SocketTR4. Le r\u00e9sultat est une installation parfaite qui se traduit par des performances optimales \u00e0 chaque fois. Cela signifie \u00e9galement que le bloc d\u2019eau est pr\u00eat \u00e0 l\u2019emploi, compatible avec les cartes m\u00e8res Socket SP3 de type serveur d\u2019AMD. Avec une telle solution de montage, l\u2019utilisateur n\u2019a pas besoin de retirer la carte m\u00e8re du bo\u00eetier et dispose donc d\u2019une proc\u00e9dure d\u2019installation sans probl\u00e8me du nouveau processeur. <\/p>\n<p>Ce produit est compatible avec les technologies de synchronisation RVB populaires de tous les principaux fabricants de cartes m\u00e8res. Le marquage fl\u00e9ch\u00e9 sur le connecteur LED \u00e0 3 broches doit \u00eatre align\u00e9 sur le marquage +5V sur l\u2019en-t\u00eate A-RGB(D_RGB). Vous pouvez facilement retirer le couvercle de la bande LED qui est mont\u00e9 avec deux vis pour remplacer la bande LED par un autre type de bande LED.<\/p>\n<p>EK RGB TOUT<\/p>\n<p>Il est recommand\u00e9 aux utilisateurs de suivre le manuel d\u2019installation du bloc d\u2019eau EK-Quantum Velocity sTR4 pour conna\u00eetre la m\u00e9thode sugg\u00e9r\u00e9e d\u2019application de la graisse thermique afin d\u2019obtenir les meilleurs r\u00e9sultats attendus.<\/p>\n<p>Compatibilit\u00e9 avec les sockets du processeur :<br \/>\n&#8211; Socket AMD sTRX4<br \/>\n&#8211; Socket AMD TR4 (Socket SP3r2)<br \/>\n&#8211; Socket AMD SP3<\/p>\n<p>AMD Ryzen Threadripper<\/p>\n<p>Ci-joint:<br \/>\n&#8211; EK-Quantum Velocity sTR4 D-RGB Nickel + Plexi bloc d\u2019eau<br \/>\n&#8211; TIM \/ graisse thermique : EK-TIM Ectotherm (1g)<br \/>\n&#8211; Cl\u00e9s Allen (hexagonales) &#8211; 1&#215;2,5 mm + 1&#215;2 mm<\/p>\n<p>VEUILLEZ NOTER :<\/p>\n<p>L\u2019utilisation de liquides de refroidissement sp\u00e9cialement con\u00e7us qui contiennent de la corrosion, du tartre et des inhibiteurs biologiques est obligatoire pour \u00e9viter d\u2019endommager votre bloc d\u2019eau nickel\u00e9 ! EK propose une s\u00e9lection de ces produits dans la section des liquides de refroidissement.<br \/>\nPour de meilleurs r\u00e9sultats, veuillez vous r\u00e9f\u00e9rer au manuel d\u2019installation concernant l\u2019application de la p\u00e2te thermique.<br \/>\nUne backplate n\u2019est pas incluse ! Le bloc d\u2019eau est mont\u00e9 directement sur les trous de montage du socket AMD TR4.<br \/>\nCe produit ne doit PAS \u00eatre install\u00e9 avec des pi\u00e8ces en aluminium Fluid Gaming !<br \/>\nLe marquage fl\u00e9ch\u00e9 sur le connecteur LED \u00e0 3 broches doit \u00eatre align\u00e9 avec le marquage +5V sur l\u2019en-t\u00eate D-RGB(A-RGB).<br \/>\nInformations compl\u00e9mentaires<br \/>\nMat\u00e9riau \/ Design \/ Option de couleur Nickel Plexi<br \/>\nFiletages G1\/4&Prime;<br \/>\nSockets AMD<\/p>\n","protected":false},"excerpt":{"rendered":"<p>EK-Quantum Velocity sTR4 est la 3e g\u00e9n\u00e9ration de blocs d\u2019eau CPU con\u00e7us sur mesure pour les processeurs AMD\u00ae Ryzen\u2122 Threadripper\u2122. Ils sont livr\u00e9s avec un m\u00e9canisme de montage pr\u00e9-assembl\u00e9 qui emp\u00eache les erreurs. L\u2019objectif principal de la conception du nouveau bloc d\u2019eau EK-Quantum Velocity sTR4 \u00e9tait de couvrir l\u2019ensemble de l\u2019IHS des processeurs HEDT AMD\u00ae [&hellip;]<\/p>\n","protected":false},"featured_media":5369,"template":"","meta":{"_genesis_hide_title":false,"_genesis_hide_breadcrumbs":false,"_genesis_hide_singular_image":false,"_genesis_hide_footer_widgets":false,"_genesis_custom_body_class":"","_genesis_custom_post_class":"","_genesis_layout":""},"product_brand":[],"product_cat":[37,36],"product_tag":[],"class_list":{"0":"post-5496","1":"product","2":"type-product","3":"status-publish","4":"has-post-thumbnail","6":"product_cat-cpu-amd","7":"product_cat-cpu-waterblock","8":"entry","10":"first","11":"instock","12":"taxable","13":"shipping-taxable","14":"purchasable","15":"product-type-simple"},"_links":{"self":[{"href":"https:\/\/proliquidpc.com\/fr\/wp-json\/wp\/v2\/product\/5496","targetHints":{"allow":["GET"]}}],"collection":[{"href":"https:\/\/proliquidpc.com\/fr\/wp-json\/wp\/v2\/product"}],"about":[{"href":"https:\/\/proliquidpc.com\/fr\/wp-json\/wp\/v2\/types\/product"}],"wp:featuredmedia":[{"embeddable":true,"href":"https:\/\/proliquidpc.com\/fr\/wp-json\/wp\/v2\/media\/5369"}],"wp:attachment":[{"href":"https:\/\/proliquidpc.com\/fr\/wp-json\/wp\/v2\/media?parent=5496"}],"wp:term":[{"taxonomy":"product_brand","embeddable":true,"href":"https:\/\/proliquidpc.com\/fr\/wp-json\/wp\/v2\/product_brand?post=5496"},{"taxonomy":"product_cat","embeddable":true,"href":"https:\/\/proliquidpc.com\/fr\/wp-json\/wp\/v2\/product_cat?post=5496"},{"taxonomy":"product_tag","embeddable":true,"href":"https:\/\/proliquidpc.com\/fr\/wp-json\/wp\/v2\/product_tag?post=5496"}],"curies":[{"name":"wp","href":"https:\/\/api.w.org\/{rel}","templated":true}]}}