{"id":5497,"date":"2024-10-30T16:26:05","date_gmt":"2024-10-30T20:26:05","guid":{"rendered":"https:\/\/dev.proliquidpc.com\/boutique\/non%20class\u00e9\/ek-cryofuel-indigo-violet-premixe-1000ml\/"},"modified":"2025-02-09T15:51:37","modified_gmt":"2025-02-09T20:51:37","slug":"ek-cryofuel-indigo-violet-premixe-1000ml","status":"publish","type":"product","link":"https:\/\/proliquidpc.com\/fr\/boutique\/liquides\/premixe\/ek-cryofuel-indigo-violet-premixe-1000ml\/","title":{"rendered":"EK-CryoFuel Indigo Violet (Pr\u00e9mix\u00e9 1000mL)"},"content":{"rendered":"<p>EK-CryoFuel contient \u00e9galement des inhibiteurs de corrosion synergiques pour prot\u00e9ger les m\u00e9taux que l&rsquo;on trouve couramment dans les syst\u00e8mes de refroidissement liquide des ordinateurs. Il a \u00e9t\u00e9 test\u00e9 conform\u00e9ment \u00e0 la norme BS5117 (ASTM D1384) et r\u00e9pond aux normes de corrosion pour le cuivre, le laiton, l&rsquo;aluminium et l&rsquo;acier inoxydable. Le liquide de refroidissement contient tout ce dont un syst\u00e8me de refroidissement liquide haut de gamme a besoin pour des performances thermiques efficaces et fournir la protection n\u00e9cessaire \u00e0 vos blocs d&rsquo;eau.<\/p>\n<p>EK-CryoFuel Indigo Violet<\/p>\n<p>Tous les m\u00e9langes EK-CryoFuel sont biod\u00e9gradables (90% sur une p\u00e9riode de 10 jours) et ne resteront pas dans l&rsquo;environnement ni ne provoqueront de bioaccumulation. EK-CryoFuel offre une dur\u00e9e de conservation de 4 ans \u00e0 compter de la date de mise en bouteille.<\/p>\n<p>EK recommande l&rsquo;utilisation de la bouteille de remplissage, qui est con\u00e7ue pour faciliter consid\u00e9rablement le processus de remplissage en boucle. <\/p>\n<p>Caract\u00e9ristiques:<br \/>\n&#8211; Faible conductivit\u00e9 \u00e9lectrique<br \/>\n&#8211; Protection contre la corrosion selon les normes BS5117 (ASTM D1384)<br \/>\n&#8211; Pigments concentr\u00e9s de haute qualit\u00e9 pour des couleurs intenses, vives et satur\u00e9es<br \/>\n&#8211; Compatible avec les mat\u00e9riaux acrylique, PETG, POM Ac\u00e9tal, caoutchouc (NBR, EPDM et Norprene)<br \/>\n&#8211; Respectueux de l&rsquo;environnement (biod\u00e9gradable \u00e0 90% en 10 jours)<br \/>\n&#8211; Conforme \u00e0 REACH<br \/>\n&#8211; 4 ans de conservation apr\u00e8s la mise en bouteille<\/p>\n<p>Caract\u00e9ristiques techniques :<br \/>\nCouleur : Indigo Violet (transparent)<br \/>\nContenu : 1000 mL<br \/>\nConductivit\u00e9 \u00e9lectrique (mS\/cm) : 1,04 \u00b110%<br \/>\nR\u00e9actif aux UV : Oui<br \/>\npH neutre : 6 &#8211; 8<br \/>\nTemp\u00e9rature de d\u00e9composition : &gt;65 \u00b0C (&gt;150 \u00b0F)*<br \/>\nPlage de temp\u00e9rature d&rsquo;utilisation recommand\u00e9e : 5 \u00e0 60 \u00b0C (40 \u00e0 140 \u00b0F)<\/p>\n<p>*La temp\u00e9rature de d\u00e9composition est le seuil de temp\u00e9rature \u00e0 partir duquel la d\u00e9composition des composants individuels (colorant, conservateurs) dans la solution peut commencer \u00e0 se produire. De plus, la vaporisation du liquide commence \u00e0 se produire \u00e0 cette temp\u00e9rature.<\/p>\n<p>FICHE DE DONN\u00c9ES DE S\u00c9CURIT\u00c9<\/p>\n<p>VEUILLEZ NOTER :<\/p>\n<p>Il est fortement sugg\u00e9r\u00e9 de changer le liquide de refroidissement au moins tous les 12 mois.<br \/>\nNe rincez pas toute la boucle avec de l&rsquo;eau distill\u00e9e. Utilisez plut\u00f4t la solution EK-Cryofuel Superflush.<br \/>\nPour une meilleure stabilit\u00e9 des couleurs, EK vous recommande vivement de ne pas rincer votre boucle avec des produits chimiques agressifs, du vinaigre, etc. avant d&rsquo;utiliser EK-CryoFuel.<br \/>\n\u00c0 l&rsquo;exception des radiateurs, il n&rsquo;est pas sugg\u00e9r\u00e9 de rincer les nouveaux composants de refroidissement par eau.<br \/>\nLaisser des orifices ouverts dans votre boucle peut provoquer l&rsquo;\u00e9vaporation des additifs de refroidissement protecteurs.<br \/>\nL&rsquo;ouverture des ports n&rsquo;aide pas \u00e0 \u00e9vacuer l&rsquo;air de votre boucle.<br \/>\nS&rsquo;il y a une baisse lente du niveau de liquide de refroidissement du r\u00e9servoir dans les semaines qui suivent le remplissage de la boucle, cela est g\u00e9n\u00e9ralement d\u00fb au remplacement de l&rsquo;air emprisonn\u00e9 \u00e0 l&rsquo;int\u00e9rieur des composants de la boucle (le plus souvent des radiateurs) par le liquide de refroidissement du r\u00e9servoir. Faites le plein de votre r\u00e9servoir pour vous assurer d&rsquo;avoir une r\u00e9serve pour l&rsquo;avenir.<br \/>\nAvant d&rsquo;introduire un liquide de refroidissement d&rsquo;une couleur diff\u00e9rente dans votre boucle, utilisez EK-CryoFuel Loop Cleaner + Superflush.<br \/>\nNon compatible avec la solution de nettoyage Mayhems Blitz !<br \/>\nAgitez avant utilisation !<br \/>\nNe pas m\u00e9langer avec d&rsquo;autres liquides de refroidissement de la s\u00e9rie EK-CryoFuel !<br \/>\nN&rsquo;ajoutez pas de biocides \u00e0 EK-CryoFuel car le produit contient d\u00e9j\u00e0 de tels additifs ! Le non-respect de cette consigne peut entra\u00eener une panne du colorant et du liquide de refroidissement.<br \/>\nLa dur\u00e9e de conservation prolong\u00e9e de 4 ans s&rsquo;applique \u00e9galement \u00e0 tous les liquides de refroidissement dont l&rsquo;ancien \u00e9tiquetage indique toujours une dur\u00e9e de conservation plus courte du produit.<br \/>\nAvant d&rsquo;utiliser votre nouveau liquide de refroidissement CryoFuel, EK vous conseille de consulter ce guide vid\u00e9o sur la pr\u00e9paration d&rsquo;une boucle.<\/p>\n<p><iframe loading=\"lazy\" title=\"Purpose-Made Coolants 101 | Basics of Liquid Cooling\" width=\"500\" height=\"281\" src=\"https:\/\/www.youtube.com\/embed\/ynUvaUosgOg?feature=oembed\" frameborder=\"0\" allow=\"accelerometer; autoplay; clipboard-write; encrypted-media; gyroscope; picture-in-picture; web-share\" referrerpolicy=\"strict-origin-when-cross-origin\" allowfullscreen><\/iframe><\/p>\n","protected":false},"excerpt":{"rendered":"<p>EK-CryoFuel contient \u00e9galement des inhibiteurs de corrosion synergiques pour prot\u00e9ger les m\u00e9taux que l&rsquo;on trouve couramment dans les syst\u00e8mes de refroidissement liquide des ordinateurs. Il a \u00e9t\u00e9 test\u00e9 conform\u00e9ment \u00e0 la norme BS5117 (ASTM D1384) et r\u00e9pond aux normes de corrosion pour le cuivre, le laiton, l&rsquo;aluminium et l&rsquo;acier inoxydable. Le liquide de refroidissement contient [&hellip;]<\/p>\n","protected":false},"featured_media":5380,"template":"","meta":{"_genesis_hide_title":false,"_genesis_hide_breadcrumbs":false,"_genesis_hide_singular_image":false,"_genesis_hide_footer_widgets":false,"_genesis_custom_body_class":"","_genesis_custom_post_class":"","_genesis_layout":""},"product_brand":[],"product_cat":[66,67],"product_tag":[],"class_list":{"0":"post-5497","1":"product","2":"type-product","3":"status-publish","4":"has-post-thumbnail","6":"product_cat-liquides","7":"product_cat-premixe","8":"entry","10":"first","11":"outofstock","12":"taxable","13":"shipping-taxable","14":"purchasable","15":"product-type-simple"},"_links":{"self":[{"href":"https:\/\/proliquidpc.com\/fr\/wp-json\/wp\/v2\/product\/5497","targetHints":{"allow":["GET"]}}],"collection":[{"href":"https:\/\/proliquidpc.com\/fr\/wp-json\/wp\/v2\/product"}],"about":[{"href":"https:\/\/proliquidpc.com\/fr\/wp-json\/wp\/v2\/types\/product"}],"wp:featuredmedia":[{"embeddable":true,"href":"https:\/\/proliquidpc.com\/fr\/wp-json\/wp\/v2\/media\/5380"}],"wp:attachment":[{"href":"https:\/\/proliquidpc.com\/fr\/wp-json\/wp\/v2\/media?parent=5497"}],"wp:term":[{"taxonomy":"product_brand","embeddable":true,"href":"https:\/\/proliquidpc.com\/fr\/wp-json\/wp\/v2\/product_brand?post=5497"},{"taxonomy":"product_cat","embeddable":true,"href":"https:\/\/proliquidpc.com\/fr\/wp-json\/wp\/v2\/product_cat?post=5497"},{"taxonomy":"product_tag","embeddable":true,"href":"https:\/\/proliquidpc.com\/fr\/wp-json\/wp\/v2\/product_tag?post=5497"}],"curies":[{"name":"wp","href":"https:\/\/api.w.org\/{rel}","templated":true}]}}