{"id":5533,"date":"2024-10-30T16:26:05","date_gmt":"2024-10-30T20:26:05","guid":{"rendered":"https:\/\/dev.proliquidpc.com\/boutique\/non%20class\u00e9\/outil-de-cintrage-de-hard-tubing-ek-loop-modulus-14-mm\/"},"modified":"2025-01-19T16:21:30","modified_gmt":"2025-01-19T21:21:30","slug":"outil-de-cintrage-de-hard-tubing-ek-loop-modulus-14-mm","status":"publish","type":"product","link":"https:\/\/proliquidpc.com\/fr\/boutique\/outils\/outil-de-cintrage-de-hard-tubing-ek-loop-modulus-14-mm\/","title":{"rendered":"Outil de cintrage de Hard tubing EK-Loop Modulus &#8211; 14 mm"},"content":{"rendered":"<p>L\u2019outil de cintrage de tube dur EK-Loop Modulus &#8211; 14 mm est l\u2019approche EK d\u2019une mani\u00e8re simple et directe de plier des tubes en acrylique et en PETG de 14 mm de diam\u00e8tre ext\u00e9rieur. Ces outils agissent comme un moule qui aide l\u2019utilisateur \u00e0 former le tube dans la forme souhait\u00e9e. Ces outils sont con\u00e7us pour \u00eatre intemporels et robustes, car ils sont usin\u00e9s \u00e0 partir d\u2019un morceau solide d\u2019ac\u00e9tal POM noir.<\/p>\n<p>Ces outils sont disponibles en 3 variantes en fonction du diam\u00e8tre ext\u00e9rieur (OD) du tube. Les mod\u00e8les disponibles sont pour des tubes de 12 mm, 14 mm et 16 mm.<\/p>\n<p>Ci-joint:<\/p>\n<p>&#8211; Outil de cintrage de tube dur EK-Loop Modulus<\/p>\n","protected":false},"excerpt":{"rendered":"<p>L\u2019outil de cintrage de tube dur EK-Loop Modulus &#8211; 14 mm est l\u2019approche EK d\u2019une mani\u00e8re simple et directe de plier des tubes en acrylique et en PETG de 14 mm de diam\u00e8tre ext\u00e9rieur. Ces outils agissent comme un moule qui aide l\u2019utilisateur \u00e0 former le tube dans la forme souhait\u00e9e. Ces outils sont con\u00e7us [&hellip;]<\/p>\n","protected":false},"featured_media":5534,"template":"","meta":{"_genesis_hide_title":false,"_genesis_hide_breadcrumbs":false,"_genesis_hide_singular_image":false,"_genesis_hide_footer_widgets":false,"_genesis_custom_body_class":"","_genesis_custom_post_class":"","_genesis_layout":""},"product_brand":[],"product_cat":[44],"product_tag":[],"class_list":{"0":"post-5533","1":"product","2":"type-product","3":"status-publish","4":"has-post-thumbnail","6":"product_cat-outils","7":"entry","9":"first","10":"instock","11":"taxable","12":"shipping-taxable","13":"purchasable","14":"product-type-simple"},"_links":{"self":[{"href":"https:\/\/proliquidpc.com\/fr\/wp-json\/wp\/v2\/product\/5533","targetHints":{"allow":["GET"]}}],"collection":[{"href":"https:\/\/proliquidpc.com\/fr\/wp-json\/wp\/v2\/product"}],"about":[{"href":"https:\/\/proliquidpc.com\/fr\/wp-json\/wp\/v2\/types\/product"}],"wp:featuredmedia":[{"embeddable":true,"href":"https:\/\/proliquidpc.com\/fr\/wp-json\/wp\/v2\/media\/5534"}],"wp:attachment":[{"href":"https:\/\/proliquidpc.com\/fr\/wp-json\/wp\/v2\/media?parent=5533"}],"wp:term":[{"taxonomy":"product_brand","embeddable":true,"href":"https:\/\/proliquidpc.com\/fr\/wp-json\/wp\/v2\/product_brand?post=5533"},{"taxonomy":"product_cat","embeddable":true,"href":"https:\/\/proliquidpc.com\/fr\/wp-json\/wp\/v2\/product_cat?post=5533"},{"taxonomy":"product_tag","embeddable":true,"href":"https:\/\/proliquidpc.com\/fr\/wp-json\/wp\/v2\/product_tag?post=5533"}],"curies":[{"name":"wp","href":"https:\/\/api.w.org\/{rel}","templated":true}]}}