{"id":5598,"date":"2024-10-30T16:27:30","date_gmt":"2024-10-30T20:27:30","guid":{"rendered":"https:\/\/dev.proliquidpc.com\/boutique\/non%20class\u00e9\/ek-quantum-kinetic-tbe-200-d5-pwm-d-rgb-plexi\/"},"modified":"2025-04-06T12:15:50","modified_gmt":"2025-04-06T16:15:50","slug":"ek-quantum-kinetic-tbe-200-d5-pwm-d-rgb-plexi","status":"publish","type":"product","link":"https:\/\/proliquidpc.com\/fr\/boutique\/reservoirs\/pompe-combo\/ek-quantum-kinetic-tbe-200-d5-pwm-d-rgb-plexi\/","title":{"rendered":"EK-Quantum Kinetic TBE 200 D5 PWM D-RGB &#8211; Plexi"},"content":{"rendered":"<p>L&rsquo;unit\u00e9 combo EK-Quantum Kinetic TBE D5 est la r\u00e9volution de la conception d&rsquo;assemblage pompe-r\u00e9servoir la plus populaire sur le march\u00e9. Les nouvelles unit\u00e9s combo Kinetic font partie de la gamme de produits EK Quantum et sont dot\u00e9es d&rsquo;une mise en \u0153uvre sophistiqu\u00e9e de l&rsquo;\u00e9clairage D-RGB adressable et d&rsquo;une v\u00e9ritable pompe D5 ! Le r\u00e9servoir est \u00e9quip\u00e9 d&rsquo;un total de six ports G1\/4&Prime; afin que les utilisateurs puissent choisir la configuration la plus optimale pour leurs boucles de refroidissement liquide.<\/p>\n<p>Le dessus comporte trois ports G1\/4&Prime;, dont l&rsquo;un a un tube interne en laiton nickel\u00e9 pr\u00e9install\u00e9 qui aide \u00e0 pr\u00e9venir les \u00e9claboussures de liquide de refroidissement \u00e0 l&rsquo;int\u00e9rieur du r\u00e9servoir si le dessus doit \u00eatre utilis\u00e9 comme entr\u00e9e. Cela r\u00e9duit les risques d&rsquo;aspiration d&rsquo;air par la pompe et de formation de mousse pour le liquide de refroidissement. N&rsquo;importe lequel de ces ports peut \u00e9galement \u00eatre utilis\u00e9 pour remplir le syst\u00e8me ou ajouter des accessoires suppl\u00e9mentaires (sondes thermiques, LED, etc.)<\/p>\n<p>EK-Quantum Kinetic TBE D5<\/p>\n<p>Trois autres ports G1\/4&Prime; standard de l&rsquo;industrie sont disponibles dans le bo\u00eetier combo inf\u00e9rieur. La mise \u00e0 niveau par rapport \u00e0 l&rsquo;unit\u00e9 combo pr\u00e9c\u00e9dente est le 3\u00e8me port lat\u00e9ral disponible, utilisable comme entr\u00e9e optionnelle ou comme orifice de drainage.<\/p>\n<p>Un amortisseur en caoutchouc sp\u00e9cial est utilis\u00e9 pour d\u00e9coupler le corps de la pompe principale du clip de montage pour un fonctionnement silencieux, sans bruit induit par les vibrations. De plus, le positionnement horizontal et vertical est pris en charge pour faciliter les possibilit\u00e9s d&rsquo;acheminement des tubes.<\/p>\n<p>Le tube de 60 mm de diam\u00e8tre est fabriqu\u00e9 en mat\u00e9riau acrylique de haute qualit\u00e9, tout comme le fond et le haut du r\u00e9servoir, tandis que l&rsquo;\u00e9tanch\u00e9it\u00e9 est assur\u00e9e par un joint torique EPDM de qualit\u00e9. La mise en \u0153uvre correcte des LED est l&rsquo;un des principaux points d&rsquo;int\u00e9r\u00eat d&rsquo;EK, de sorte qu&rsquo;il y a le moins de \u00ab points chauds LED \u00bb visibles que possible.<\/p>\n<p>Le D-RGB adressable int\u00e9gr\u00e9 est compatible avec les technologies de synchronisation RVB populaires de tous les principaux fabricants de cartes m\u00e8res. Le marquage fl\u00e9ch\u00e9 sur le connecteur LED \u00e0 3 broches doit \u00eatre align\u00e9 avec le marquage +5V sur l&rsquo;en-t\u00eate D-RGB.<\/p>\n<p>Ce r\u00e9servoir peut \u00eatre facilement mis \u00e0 niveau avec des tubes acryliques plus longs utilis\u00e9s par les r\u00e9servoirs de la s\u00e9rie EK-RES X3.<\/p>\n<p>Propri\u00e9t\u00e9s \u00e9lectriques et m\u00e9caniques de la pompe :<br \/>\n&#8211; Moteur : Moteur sph\u00e9rique \u00e0 commutation \u00e9lectronique<br \/>\n&#8211; Tension nominale : 12 V CC<br \/>\n&#8211; Consommation \u00e9lectrique : 23W<br \/>\n&#8211; Hauteur de pression maximale : 3,9 m<br \/>\n&#8211; D\u00e9bit maximal : 1500L\/h<br \/>\n&#8211; Temp\u00e9rature maximale du syst\u00e8me : 60\u00b0C<br \/>\n&#8211; Mat\u00e9riaux : Acier inoxydable, PPS-GF40, joints toriques EPDM, houille<br \/>\n&#8211; Connecteur d&rsquo;alimentation : alimentation SATA et connecteur FAN PWM \u00e0 4 broches<\/p>\n<p>Caract\u00e9ristiques techniques :<br \/>\n&#8211; Diam\u00e8tre du r\u00e9servoir 60mm<br \/>\n&#8211; Volume libre du r\u00e9servoir : 205mL<br \/>\n&#8211; Hauteur totale de l&rsquo;unit\u00e9 : 200 mm<br \/>\n&#8211; Mod\u00e8le de trou de montage : 65x34mm<br \/>\n&#8211; Nombre de LED D-RGB : 11<br \/>\n&#8211; Longueur du c\u00e2ble D-RGB : 50 cm<br \/>\n&#8211; Connecteur D-RGB standard 3 broches (5+, Num\u00e9rique, Bloqu\u00e9, Masse)<\/p>\n<p>R\u00e9gime op\u00e9rationnel :<br \/>\n&#8211; Cycle de service PWM : ~ 20-100%<br \/>\n&#8211; Comportement par d\u00e9faut : fonctionne \u00e0 100 % du rapport cyclique lorsqu&rsquo;aucun signal de retour PWM n&rsquo;est pr\u00e9sent<\/p>\n<p>Ci-joint:<br \/>\n&#8211; EK-Quantum Kinetic TBE 200 D5 PWM D-RGB<br \/>\n&#8211; Clip de montage avec insert en caoutchouc<br \/>\n&#8211; Autocollant autocollant de motif de trou de montage<br \/>\n&#8211; M\u00e9canisme de montage (y compris les cl\u00e9s Allen requises)<br \/>\n&#8211; Manuel d&rsquo;installation<\/p>\n<p>VEUILLEZ NOTER :<\/p>\n<p>L&rsquo;EK-D5 G3 PWM est une variante am\u00e9lior\u00e9e du Xylem D5 de renomm\u00e9e mondiale avec un contr\u00f4le am\u00e9lior\u00e9 de la gestion de l&rsquo;alimentation, qui permet un meilleur contr\u00f4le de la vitesse via le BIOS de la carte m\u00e8re ou un contr\u00f4leur de ventilateur d\u00e9di\u00e9.<br \/>\nLa pompe D5 est lubrifi\u00e9e \u00e0 l&rsquo;eau et ne doit pas fonctionner \u00e0 sec ; Sinon, des dommages permanents aux roulements peuvent survenir.<br \/>\nCe produit ne doit PAS \u00eatre install\u00e9 avec des pi\u00e8ces en aluminium Fluid Gaming !<\/p>\n","protected":false},"excerpt":{"rendered":"<p>L&rsquo;unit\u00e9 combo EK-Quantum Kinetic TBE D5 est la r\u00e9volution de la conception d&rsquo;assemblage pompe-r\u00e9servoir la plus populaire sur le march\u00e9. Les nouvelles unit\u00e9s combo Kinetic font partie de la gamme de produits EK Quantum et sont dot\u00e9es d&rsquo;une mise en \u0153uvre sophistiqu\u00e9e de l&rsquo;\u00e9clairage D-RGB adressable et d&rsquo;une v\u00e9ritable pompe D5 ! Le r\u00e9servoir est [&hellip;]<\/p>\n","protected":false},"featured_media":5599,"template":"","meta":{"_genesis_hide_title":false,"_genesis_hide_breadcrumbs":false,"_genesis_hide_singular_image":false,"_genesis_hide_footer_widgets":false,"_genesis_custom_body_class":"","_genesis_custom_post_class":"","_genesis_layout":""},"product_brand":[],"product_cat":[231,46],"product_tag":[],"class_list":{"0":"post-5598","1":"product","2":"type-product","3":"status-publish","4":"has-post-thumbnail","6":"product_cat-pompe-combo","7":"product_cat-pompes","8":"entry","10":"first","11":"instock","12":"taxable","13":"shipping-taxable","14":"purchasable","15":"product-type-simple"},"_links":{"self":[{"href":"https:\/\/proliquidpc.com\/fr\/wp-json\/wp\/v2\/product\/5598","targetHints":{"allow":["GET"]}}],"collection":[{"href":"https:\/\/proliquidpc.com\/fr\/wp-json\/wp\/v2\/product"}],"about":[{"href":"https:\/\/proliquidpc.com\/fr\/wp-json\/wp\/v2\/types\/product"}],"wp:featuredmedia":[{"embeddable":true,"href":"https:\/\/proliquidpc.com\/fr\/wp-json\/wp\/v2\/media\/5599"}],"wp:attachment":[{"href":"https:\/\/proliquidpc.com\/fr\/wp-json\/wp\/v2\/media?parent=5598"}],"wp:term":[{"taxonomy":"product_brand","embeddable":true,"href":"https:\/\/proliquidpc.com\/fr\/wp-json\/wp\/v2\/product_brand?post=5598"},{"taxonomy":"product_cat","embeddable":true,"href":"https:\/\/proliquidpc.com\/fr\/wp-json\/wp\/v2\/product_cat?post=5598"},{"taxonomy":"product_tag","embeddable":true,"href":"https:\/\/proliquidpc.com\/fr\/wp-json\/wp\/v2\/product_tag?post=5598"}],"curies":[{"name":"wp","href":"https:\/\/api.w.org\/{rel}","templated":true}]}}