{"id":5622,"date":"2024-10-30T16:27:30","date_gmt":"2024-10-30T20:27:30","guid":{"rendered":"https:\/\/dev.proliquidpc.com\/boutique\/non%20class\u00e9\/ek-quantum-kinetic-flt-120-ddc-pwm-d-rgb-plexi\/"},"modified":"2025-02-14T14:13:56","modified_gmt":"2025-02-14T19:13:56","slug":"ek-quantum-kinetic-flt-120-ddc-pwm-d-rgb-plexi","status":"publish","type":"product","link":"https:\/\/proliquidpc.com\/fr\/boutique\/reservoirs\/box\/ek-quantum-kinetic-flt-120-ddc-pwm-d-rgb-plexi\/","title":{"rendered":"EK-Quantum Kinetic FLT 120 DDC PWM D-RGB &#8211; Plexi"},"content":{"rendered":"<p>\u00ab\u00a0Toutes les nouvelles unit\u00e9s pompe-r\u00e9servoir EK-Quantum Kinetic FLT DDC de la s\u00e9rie Flat (FLT) ! Les nouvelles unit\u00e9s combo Kinetic font partie de la gamme de produits EK Quantum et sont livr\u00e9es avec une mise en \u0153uvre sophistiqu\u00e9e de l&rsquo;\u00e9clairage D-RGB adressable et une v\u00e9ritable pompe DDC ! Chaque unit\u00e9 est dot\u00e9e de trous de montage de ventilateur standard de 120 mm pour une flexibilit\u00e9 maximale lors de l&rsquo;installation. Le r\u00e9servoir est \u00e9quip\u00e9 d&rsquo;un total de six ports G1\/4&Prime; afin que les utilisateurs puissent choisir la configuration la plus optimale pour leurs boucles de refroidissement liquide.<\/p>\n<p>Les unit\u00e9s de pompe-r\u00e9servoir de la s\u00e9rie EK-Quantum Kinetic FLT DDC sont \u00e9quip\u00e9es de v\u00e9ritables pompes DDC 4.2, fabriqu\u00e9es en Europe, qui sont capables de fournir des d\u00e9bits de 1000 litres par heure avec une pression de refoulement maximale jusqu&rsquo;\u00e0 5,2 m\u00e8tres ! Ces nouvelles unit\u00e9s combin\u00e9es de la s\u00e9rie FLT sont disponibles en trois tailles diff\u00e9rentes de 120 mm, 240 mm et 360 mm.<\/p>\n<p>EK-Quantum Kinetic FLT<br \/>\nLes nouvelles unit\u00e9s pompe-r\u00e9servoir de forme plate vont r\u00e9volutionner la fa\u00e7on dont vous pensiez aux unit\u00e9s combin\u00e9es et \u00e0 la construction de boucles. \u00c9tant donn\u00e9 que les mod\u00e8les de montage de ventilateur de 120 mm sont les options de montage les plus dominantes \u00e0 l&rsquo;int\u00e9rieur des bo\u00eetiers PC de nos jours, ces nouvelles unit\u00e9s combin\u00e9es Kinetic FLT DDC permettront une plus grande flexibilit\u00e9 d&rsquo;installation car elles ne n\u00e9cessitent pas de percer de nouveaux trous de montage sur votre bo\u00eetier.<\/p>\n<p>L&rsquo;unit\u00e9 combin\u00e9e est \u00e9quip\u00e9e d&rsquo;un total de six ports G1\/4&Prime; standard de l&rsquo;industrie, qui peuvent \u00eatre, en fonction de l&rsquo;orientation de l&rsquo;unit\u00e9, utilis\u00e9s comme orifices d&rsquo;entr\u00e9e et de sortie, ainsi que comme orifices de remplissage et de vidange.<\/p>\n<p>Le r\u00e9servoir est fabriqu\u00e9 en mat\u00e9riau acrylique de premi\u00e8re qualit\u00e9, usin\u00e9 \u00e0 la perfection, tandis que l&rsquo;\u00e9tanch\u00e9it\u00e9 est effectu\u00e9e par un joint torique EPDM de qualit\u00e9. \u00c0 c\u00f4t\u00e9 du r\u00e9servoir se trouve un couvercle en aluminium anodis\u00e9 noir sous lequel la bande LED D-RGB adressable est plac\u00e9e. La mise en \u0153uvre correcte des LED est l&rsquo;un des principaux points d&rsquo;int\u00e9r\u00eat d&rsquo;EK, de sorte qu&rsquo;il y a le moins de \u00ab points chauds LED \u00bb visibles que possible.<\/p>\n<p>Ces combos sont associ\u00e9s \u00e0 des pompes DDC 4,2 PWM puissantes mais compactes, mais sont \u00e9galement compatibles avec les pompes de style D5.<\/p>\n<p>Caract\u00e9ristiques techniques :<br \/>\n\u2013 Dimensions (HxLxP) : 120x120x58mm (avec syst\u00e8me de montage)<br \/>\n\u2013 Contenance : ~100ml<br \/>\n\u2013 Connecteur D-RGB 3 broches 5V connecteur LED num\u00e9rique (brochage : 5V, D, bloqu\u00e9, masse)<\/p>\n<p>Propri\u00e9t\u00e9s \u00e9lectriques et m\u00e9caniques de la pompe :<br \/>\n\u2013 Moteur : Moteur \u00e0 roulement \u00e0 billes \u00e0 commutation \u00e9lectronique<br \/>\n\u2013 Tension nominale : 12 V DC<br \/>\n\u2013 Consommation \u00e9lectrique : 18 W<br \/>\n\u2013 Pression de refoulement maximale : jusqu&rsquo;\u00e0 5,2 m<br \/>\n\u2013 D\u00e9bit maximal : jusqu&rsquo;\u00e0 1000 L\/h<br \/>\n\u2013 Temp\u00e9rature maximale du liquide : 60 \u00b0C<br \/>\n\u2013 Mat\u00e9riaux : Acier inoxydable, PPS-GF40, joints toriques EPDM, oxyde d&rsquo;aluminium, houille<br \/>\n\u2013 Connecteur d&rsquo;alimentation : alimentation SATA et connecteur FAN PWM 4 broches<\/p>\n<p>R\u00e9gime op\u00e9rationnel :<br \/>\n\u2013 Cycle de service PWM : ~ 20-100%<br \/>\n\u2013 Comportement par d\u00e9faut : Fonctionne \u00e0 100 % du rapport cyclique lorsqu&rsquo;aucun signal de retour PWM n&rsquo;est pr\u00e9sent<\/p>\n<p>Ci-joint:<br \/>\n\u2013 EK-Quantum Kinetic FLT 120 PWM D-RGB<br \/>\n\u2013 M\u00e9canisme de montage avec toutes les vis n\u00e9cessaires pour le montage d&rsquo;un ventilateur de 120 mm<br \/>\n\u2013 Paire de supports de r\u00e9servoir EK avec vis de montage<br \/>\n\u2013 4 prises \u00d7 G1\/4\u00a0\u00bb<br \/>\n\u2013 1 cl\u00e9 Allen \u00d7 pour les porte-r\u00e9servoirs<\/p>\n<p>VEUILLEZ NOTER :<br \/>\nNe nettoyez pas le r\u00e9servoir avec des d\u00e9riv\u00e9s de l&rsquo;alcool ou d&rsquo;autres solvants car l&rsquo;acrylique pourrait se fissurer !<br \/>\nLe liquide de refroidissement et les bouchons suppl\u00e9mentaires ne sont que pour la vitrine et ne sont pas livr\u00e9s avec le produit !<br \/>\nLa pompe DDC est lubrifi\u00e9e \u00e0 l&rsquo;eau, c&rsquo;est-\u00e0-dire qu&rsquo;elle utilise une conception de rotor humide. Par cons\u00e9quent, il est fortement recommand\u00e9 de ne pas faire fonctionner la pompe \u00e0 sec.<\/p>\n","protected":false},"excerpt":{"rendered":"<p>\u00ab\u00a0Toutes les nouvelles unit\u00e9s pompe-r\u00e9servoir EK-Quantum Kinetic FLT DDC de la s\u00e9rie Flat (FLT) ! Les nouvelles unit\u00e9s combo Kinetic font partie de la gamme de produits EK Quantum et sont livr\u00e9es avec une mise en \u0153uvre sophistiqu\u00e9e de l&rsquo;\u00e9clairage D-RGB adressable et une v\u00e9ritable pompe DDC ! Chaque unit\u00e9 est dot\u00e9e de trous de [&hellip;]<\/p>\n","protected":false},"featured_media":5623,"template":"","meta":{"_genesis_hide_title":false,"_genesis_hide_breadcrumbs":false,"_genesis_hide_singular_image":false,"_genesis_hide_footer_widgets":false,"_genesis_custom_body_class":"","_genesis_custom_post_class":"","_genesis_layout":""},"product_brand":[],"product_cat":[41,52],"product_tag":[],"class_list":{"0":"post-5622","1":"product","2":"type-product","3":"status-publish","4":"has-post-thumbnail","6":"product_cat-reservoirs","7":"product_cat-box","8":"entry","10":"first","11":"outofstock","12":"taxable","13":"shipping-taxable","14":"purchasable","15":"product-type-simple"},"_links":{"self":[{"href":"https:\/\/proliquidpc.com\/fr\/wp-json\/wp\/v2\/product\/5622","targetHints":{"allow":["GET"]}}],"collection":[{"href":"https:\/\/proliquidpc.com\/fr\/wp-json\/wp\/v2\/product"}],"about":[{"href":"https:\/\/proliquidpc.com\/fr\/wp-json\/wp\/v2\/types\/product"}],"wp:featuredmedia":[{"embeddable":true,"href":"https:\/\/proliquidpc.com\/fr\/wp-json\/wp\/v2\/media\/5623"}],"wp:attachment":[{"href":"https:\/\/proliquidpc.com\/fr\/wp-json\/wp\/v2\/media?parent=5622"}],"wp:term":[{"taxonomy":"product_brand","embeddable":true,"href":"https:\/\/proliquidpc.com\/fr\/wp-json\/wp\/v2\/product_brand?post=5622"},{"taxonomy":"product_cat","embeddable":true,"href":"https:\/\/proliquidpc.com\/fr\/wp-json\/wp\/v2\/product_cat?post=5622"},{"taxonomy":"product_tag","embeddable":true,"href":"https:\/\/proliquidpc.com\/fr\/wp-json\/wp\/v2\/product_tag?post=5622"}],"curies":[{"name":"wp","href":"https:\/\/api.w.org\/{rel}","templated":true}]}}