{"id":5631,"date":"2024-10-30T16:27:30","date_gmt":"2024-10-30T20:27:30","guid":{"rendered":"https:\/\/dev.proliquidpc.com\/boutique\/non%20class\u00e9\/ek-quantum-kinetic-flt-240-d5-ddc-d-rgb-plexi\/"},"modified":"2025-01-19T16:22:11","modified_gmt":"2025-01-19T21:22:11","slug":"ek-quantum-kinetic-flt-240-d5-ddc-d-rgb-plexi","status":"publish","type":"product","link":"https:\/\/proliquidpc.com\/fr\/boutique\/reservoirs\/box\/ek-quantum-kinetic-flt-240-d5-ddc-d-rgb-plexi\/","title":{"rendered":"EK- Quantum Kinetic FLT 240 D5\/DDC D-RGB &#8211; Plexi"},"content":{"rendered":"<p>EK-Quantum Kinetic FLT 240 D5\/DDC Body D-RGB sont des versions autonomes sans pompe des unit\u00e9s combo Kinetic FLT r\u00e9cemment lanc\u00e9es. Cela signifie que le client peut fixer sa pompe DDC ou D5 d\u00e9j\u00e0 poss\u00e9d\u00e9e, ce qui permet un processus de mise \u00e0 niveau plus abordable. Cette unit\u00e9 autonome n\u2019inclut pas de pompe !<\/p>\n<p>Le corps EK-Quantum Kinetic FLT 240 D5\/DDC D-RGB est dot\u00e9 du nouveau r\u00e9servoir de forme plate qui r\u00e9volutionne la fa\u00e7on dont vous pensiez aux unit\u00e9s combin\u00e9es et \u00e0 la construction de boucles. \u00c9tant donn\u00e9 que les mod\u00e8les de montage de ventilateur de 120 mm sont les options de montage les plus dominantes \u00e0 l\u2019int\u00e9rieur des bo\u00eetiers PC de nos jours, ces nouvelles unit\u00e9s combin\u00e9es Kinetic FLT D5 permettront une plus grande flexibilit\u00e9 d\u2019installation car elles ne n\u00e9cessitent pas de percer de nouveaux trous de montage sur votre bo\u00eetier.<\/p>\n<p>Un total de 6 ports G1\/4&Prime; permet de nombreuses options d\u2019acheminement des tubes et des orifices suppl\u00e9mentaires pour les Valves de vidange\/remplissage si vous souhaitez les mettre en \u0153uvre. Le r\u00e9servoir est fabriqu\u00e9 en mat\u00e9riau acrylique de premi\u00e8re qualit\u00e9, usin\u00e9 \u00e0 la perfection, tandis que l\u2019\u00e9tanch\u00e9it\u00e9 est effectu\u00e9e par un joint torique EPDM de qualit\u00e9. \u00c0 c\u00f4t\u00e9 du r\u00e9servoir se trouve un couvercle en aluminium anodis\u00e9 noir sous lequel la bande LED D-RGB adressable est plac\u00e9e. La mise en \u0153uvre correcte des LED est l\u2019un des principaux points d\u2019int\u00e9r\u00eat d\u2019EK, de sorte qu\u2019il y a le moins de \u00ab points chauds LED \u00bb visibles que possible.<\/p>\n<p>Compatibilit\u00e9 LED<\/p>\n<p>Compatible avec les technologies de synchronisation D-RGB populaires de tous les principaux fabricants de cartes m\u00e8res. Le marquage fl\u00e9ch\u00e9 sur le connecteur LED \u00e0 3 broches doit \u00eatre align\u00e9 avec le marquage +5V sur l\u2019en-t\u00eate RVB.<\/p>\n<p>Caract\u00e9ristiques techniques :<\/p>\n<p>&#8211; Taille (HxLxP) : 245x120x86mm (avec le syst\u00e8me de montage D5)<br \/>\n&#8211; Taille (HxLxT) : 245x120x58mm (avec le syst\u00e8me de montage DDC)<br \/>\n&#8211; Contenance : ~265ml<br \/>\n&#8211; Connecteur D-RGB Embase LED num\u00e9rique 3 broches 5V (Brochage : +5V, D, Bloqu\u00e9, Masse)<\/p>\n<p>Ci-joint:<\/p>\n<p>&#8211; EK-Quantum Kinetic FLT 240 PWM D5\/DDC Bo\u00eetier D-RGB<br \/>\n&#8211; M\u00e9canisme de montage avec toutes les vis n\u00e9cessaires pour le montage d\u2019un trou de ventilateur de 120 mm<br \/>\n&#8211; 4 \u00d7 prises G1\/4&Prime;<br \/>\n&#8211; 1 \u00d7 cl\u00e9 Allen<\/p>\n<p>VEUILLEZ NOTER :<\/p>\n<p>La pompe n\u2019est pas incluse !<br \/>\nCompatible avec n\u2019importe quel moteur de pompe D5 ou DDC.<br \/>\nLa bande LED D-RGB \u00e0 3 broches install\u00e9e est compatible avec tous les principaux fabricants de cartes m\u00e8res et les contr\u00f4leurs D-RGB 5V grand public.<br \/>\nNe nettoyez pas le tube acrylique avec des d\u00e9riv\u00e9s de l\u2019alcool ou d\u2019autres solvants car l\u2019acrylique pourrait se fissurer !<br \/>\nCe produit ne doit PAS \u00eatre install\u00e9 avec des pi\u00e8ces en aluminium Fluid Gaming !<\/p>\n","protected":false},"excerpt":{"rendered":"<p>EK-Quantum Kinetic FLT 240 D5\/DDC Body D-RGB sont des versions autonomes sans pompe des unit\u00e9s combo Kinetic FLT r\u00e9cemment lanc\u00e9es. Cela signifie que le client peut fixer sa pompe DDC ou D5 d\u00e9j\u00e0 poss\u00e9d\u00e9e, ce qui permet un processus de mise \u00e0 niveau plus abordable. Cette unit\u00e9 autonome n\u2019inclut pas de pompe ! Le corps [&hellip;]<\/p>\n","protected":false},"featured_media":5632,"template":"","meta":{"_genesis_hide_title":false,"_genesis_hide_breadcrumbs":false,"_genesis_hide_singular_image":false,"_genesis_hide_footer_widgets":false,"_genesis_custom_body_class":"","_genesis_custom_post_class":"","_genesis_layout":""},"product_brand":[],"product_cat":[41,52],"product_tag":[],"class_list":{"0":"post-5631","1":"product","2":"type-product","3":"status-publish","4":"has-post-thumbnail","6":"product_cat-reservoirs","7":"product_cat-box","8":"entry","10":"first","11":"instock","12":"taxable","13":"shipping-taxable","14":"purchasable","15":"product-type-simple"},"_links":{"self":[{"href":"https:\/\/proliquidpc.com\/fr\/wp-json\/wp\/v2\/product\/5631","targetHints":{"allow":["GET"]}}],"collection":[{"href":"https:\/\/proliquidpc.com\/fr\/wp-json\/wp\/v2\/product"}],"about":[{"href":"https:\/\/proliquidpc.com\/fr\/wp-json\/wp\/v2\/types\/product"}],"wp:featuredmedia":[{"embeddable":true,"href":"https:\/\/proliquidpc.com\/fr\/wp-json\/wp\/v2\/media\/5632"}],"wp:attachment":[{"href":"https:\/\/proliquidpc.com\/fr\/wp-json\/wp\/v2\/media?parent=5631"}],"wp:term":[{"taxonomy":"product_brand","embeddable":true,"href":"https:\/\/proliquidpc.com\/fr\/wp-json\/wp\/v2\/product_brand?post=5631"},{"taxonomy":"product_cat","embeddable":true,"href":"https:\/\/proliquidpc.com\/fr\/wp-json\/wp\/v2\/product_cat?post=5631"},{"taxonomy":"product_tag","embeddable":true,"href":"https:\/\/proliquidpc.com\/fr\/wp-json\/wp\/v2\/product_tag?post=5631"}],"curies":[{"name":"wp","href":"https:\/\/api.w.org\/{rel}","templated":true}]}}