{"id":5657,"date":"2024-10-30T16:27:30","date_gmt":"2024-10-30T20:27:30","guid":{"rendered":"https:\/\/dev.proliquidpc.com\/boutique\/non%20class\u00e9\/ek-quantum-torque-rotatif-45-titane-satine\/"},"modified":"2025-02-10T03:43:04","modified_gmt":"2025-02-10T08:43:04","slug":"ek-quantum-torque-rotatif-45-titane-satine","status":"publish","type":"product","link":"https:\/\/proliquidpc.com\/fr\/boutique\/fittings\/45-90-190\/ek-quantum-torque-rotatif-45-titane-satine\/","title":{"rendered":"EK-Quantum Torque Rotatif 45\u00b0 &#8211; Titane satin\u00e9"},"content":{"rendered":"<p>EK-Quantum Torque Rotary (fitting adaptateur) est un fitting adaptateur coud\u00e9 rotatif (45\u00b0) avec filetage G1\/4&Prime;. Sous la forme d\u2019un cylindre de tron\u00e7onnage, il est tr\u00e8s robuste et il n\u2019y a aucun mouvement dans le joint tournant. Cet adaptateur Quantum Line est fabriqu\u00e9 en laiton usin\u00e9 CNC avec une finition argent satin\u00e9 de haute qualit\u00e9, tandis que le joint est fabriqu\u00e9 par des joints toriques en caoutchouc de qualit\u00e9. Les fittings de la s\u00e9rie Titane satin\u00e9 Quantum Torque ne sont intentionnellement pas peints \u00e0 l\u2019int\u00e9rieur pour r\u00e9duire le niveau de polluants possibles dans la boucle.  Il s\u2019agit d\u2019une pi\u00e8ce extr\u00eamement s\u00fbre et robuste qui durera pour de nombreuses constructions futures.<\/p>\n<p>EK-Quantum Torque Titane satin\u00e9<\/p>\n<p>L\u2019adaptateur permet de connecter le fitting avec des filetages G1\/4&Prime; pour \u00e9tendre les possibilit\u00e9s de tuyauterie dans votre syst\u00e8me refroidi \u00e0 l\u2019eau, ce qui permet des coudes plus faciles et une meilleure accessibilit\u00e9. <\/p>\n<p>Les produits de la s\u00e9rie EK-Quantum Torque ont re\u00e7u le prestigieux iF Design Award. Une esth\u00e9tique robuste et industrielle distingue la famille Torque en mettant en valeur les processus de fabrication pr\u00e9cis utilis\u00e9s pour les cr\u00e9er. De plus, les passionn\u00e9s peuvent ajouter un anneau de couleur unique pour donner un accent personnel \u00e0 la ligne d\u2019ajustement. La famille de fittings Torque offre un syst\u00e8me s\u00fbr et modulaire de connexions entre les composants de refroidissement liquide et les tubes au sein d\u2019un PC. Les produits de la s\u00e9rie Quantum Torque couvrent les adaptateurs coud\u00e9s, les fittings d&rsquo;extension rotatives et statiques, les s\u00e9parateurs, les bouchons G1\/4&Prime;, les Valves de vidange, les fittings et bien plus encore.<\/p>\n<p>Caract\u00e9ristiques techniques :<br \/>\n&#8211; Mat\u00e9riau : Laiton<br \/>\n&#8211; Finition : Argent satin\u00e9<br \/>\n-Filetage:<br \/>\n   * G1\/4&Prime; BSP ; Longueur du filetage m\u00e2le 4,5 mm<br \/>\n   * G1\/4&Prime; BSP, longueur de filetage femelle de 6 mm<br \/>\n&#8211; Le diam\u00e8tre ext\u00e9rieur : 23mm<br \/>\n&#8211; Hauteur install\u00e9e : 26 mm<br \/>\n&#8211; Scell\u00e9 avec un joint torique NBR de haute qualit\u00e9<\/p>\n<p>VEUILLEZ NOTER :<\/p>\n<p>Les fittings de la s\u00e9rie Titane satin\u00e9 Quantum Torque ne sont intentionnellement pas peints \u00e0 l\u2019int\u00e9rieur pour r\u00e9duire le niveau de polluants possibles dans la boucle.<\/p>\n","protected":false},"excerpt":{"rendered":"<p>EK-Quantum Torque Rotary (fitting adaptateur) est un fitting adaptateur coud\u00e9 rotatif (45\u00b0) avec filetage G1\/4&Prime;. Sous la forme d\u2019un cylindre de tron\u00e7onnage, il est tr\u00e8s robuste et il n\u2019y a aucun mouvement dans le joint tournant. Cet adaptateur Quantum Line est fabriqu\u00e9 en laiton usin\u00e9 CNC avec une finition argent satin\u00e9 de haute qualit\u00e9, tandis [&hellip;]<\/p>\n","protected":false},"featured_media":5658,"template":"","meta":{"_genesis_hide_title":false,"_genesis_hide_breadcrumbs":false,"_genesis_hide_singular_image":false,"_genesis_hide_footer_widgets":false,"_genesis_custom_body_class":"","_genesis_custom_post_class":"","_genesis_layout":""},"product_brand":[],"product_cat":[45,29],"product_tag":[],"class_list":{"0":"post-5657","1":"product","2":"type-product","3":"status-publish","4":"has-post-thumbnail","6":"product_cat-45-90-190","7":"product_cat-fittings","8":"entry","10":"first","11":"instock","12":"taxable","13":"shipping-taxable","14":"purchasable","15":"product-type-simple"},"_links":{"self":[{"href":"https:\/\/proliquidpc.com\/fr\/wp-json\/wp\/v2\/product\/5657","targetHints":{"allow":["GET"]}}],"collection":[{"href":"https:\/\/proliquidpc.com\/fr\/wp-json\/wp\/v2\/product"}],"about":[{"href":"https:\/\/proliquidpc.com\/fr\/wp-json\/wp\/v2\/types\/product"}],"wp:featuredmedia":[{"embeddable":true,"href":"https:\/\/proliquidpc.com\/fr\/wp-json\/wp\/v2\/media\/5658"}],"wp:attachment":[{"href":"https:\/\/proliquidpc.com\/fr\/wp-json\/wp\/v2\/media?parent=5657"}],"wp:term":[{"taxonomy":"product_brand","embeddable":true,"href":"https:\/\/proliquidpc.com\/fr\/wp-json\/wp\/v2\/product_brand?post=5657"},{"taxonomy":"product_cat","embeddable":true,"href":"https:\/\/proliquidpc.com\/fr\/wp-json\/wp\/v2\/product_cat?post=5657"},{"taxonomy":"product_tag","embeddable":true,"href":"https:\/\/proliquidpc.com\/fr\/wp-json\/wp\/v2\/product_tag?post=5657"}],"curies":[{"name":"wp","href":"https:\/\/api.w.org\/{rel}","templated":true}]}}