{"id":5686,"date":"2024-10-30T16:27:30","date_gmt":"2024-10-30T20:27:30","guid":{"rendered":"https:\/\/dev.proliquidpc.com\/boutique\/non%20class\u00e9\/ek-quantum-torque-lot-de-6-hdc-14-noir\/"},"modified":"2025-02-14T14:10:06","modified_gmt":"2025-02-14T19:10:06","slug":"ek-quantum-torque-lot-de-6-hdc-14-noir","status":"publish","type":"product","link":"https:\/\/proliquidpc.com\/fr\/boutique\/fittings\/hard-fittings-14mm\/ek-quantum-torque-lot-de-6-hdc-14-noir\/","title":{"rendered":"EK-Quantum Torque Lot de 6 HDC 14 &#8211; Noir"},"content":{"rendered":"<p>D\u00e9tails<br \/>\nEK-Quantum Torque 6-Pack HDC 14 est un multipack de fittings contenant six fittings EK-Quantum Torque HDC. Il s&rsquo;agit des fittings \u00e0 compression en tube dur de 14 mm de qualit\u00e9 sup\u00e9rieure d&rsquo;EK, con\u00e7us pour \u00eatre utilis\u00e9s avec des tubes solides tels que l&rsquo;acrylique et le PETG. Avec un look non intrusif, mais frappant, et sans aucune marque ajout\u00e9e. Ils peuvent \u00eatre compl\u00e9t\u00e9s par des anneaux de couleur esth\u00e9tiques interchangeables, et constituent un choix id\u00e9al pour tout le monde et s&rsquo;accordent parfaitement avec les produits de la s\u00e9rie EK-Quantum. Pour s&rsquo;assurer qu&rsquo;ils ne sont pas endommag\u00e9s pendant le transport, ils sont emball\u00e9s dans une bo\u00eete rembourr\u00e9e de mousse noire.<\/p>\n<p>Les produits de la s\u00e9rie EK-Quantum Torque ont re\u00e7u le prestigieux iF Design Award. Une esth\u00e9tique robuste et industrielle distingue la famille Torque en mettant en valeur les processus de fabrication pr\u00e9cis utilis\u00e9s pour les cr\u00e9er. De plus, les passionn\u00e9s peuvent ajouter un anneau de couleur unique pour donner un accent personnel \u00e0 la ligne d&rsquo;ajustement. La famille de fittings Torque offre un syst\u00e8me s\u00fbr et modulaire de connexions entre les composants de refroidissement liquide et les tubes au sein d&rsquo;un PC. Les produits de la s\u00e9rie Quantum Torque couvrent les adaptateurs coud\u00e9s, les fittings d&rsquo;extension rotatives et statiques, les s\u00e9parateurs, les bouchons G1\/4&Prime; \u00bb, les Valves de vidange, les fittings et bien plus encore.<\/p>\n<p>La bague de verrouillage emp\u00eache le tube solide d&rsquo;\u00eatre retir\u00e9 du fitting en comprimant le joint en caoutchouc sous l&rsquo;anneau. Les rainures \u00e0 l&rsquo;ext\u00e9rieur permettent un serrage \u00e0 la main plus facile. L&rsquo;anneau de compression a des d\u00e9coupes dans la forme de la signature EK Quantum permettant de montrer l&rsquo;anneau esth\u00e9tique color\u00e9. Les anneaux color\u00e9s sont disponibles dans de nombreuses couleurs et sont viss\u00e9s sur le fitting avant la bague de verrouillage \u00e0 compression. Les bagues esth\u00e9tiques sont vendues s\u00e9par\u00e9ment.<\/p>\n<p>L&rsquo;ardillon de fitting et les anneaux de compression sont recouverts d&rsquo;une finition argent\u00e9e satin\u00e9e unique et de haute qualit\u00e9. Les deux sont en laiton usin\u00e9 CNC et le joint est fabriqu\u00e9 par des joints toriques en caoutchouc de qualit\u00e9. <\/p>\n<p>La surface de montage de la base est lisse et n&rsquo;a pas de surface de pr\u00e9hension ad\u00e9quate, mais l&rsquo;int\u00e9rieur de l&rsquo;ardillon est embo\u00eet\u00e9 avec un motif de cl\u00e9 Allen hexagonale de 9 mm. Il est fortement recommand\u00e9 d&rsquo;utiliser une cl\u00e9 Allen de 9 mm (achet\u00e9e s\u00e9par\u00e9ment) pour \u00e9viter d&rsquo;endommager la peau du bout des doigts lors de l&rsquo;installation du fitting. Veuillez noter qu&rsquo;il ne faut pas utiliser de force excessive lors de la fixation des cannelures de montage \u00e0 l&rsquo;aide de la cl\u00e9 Allen 9 mm afin d&rsquo;\u00e9viter d&rsquo;endommager d&rsquo;autres produits de refroidissement liquide ! Nous vous recommandons d&rsquo;utiliser la cl\u00e9 EK-Loop Multi Allen (6 mm, 8 mm, 9 mm) qui est con\u00e7ue pour se casser si une force excessive est utilis\u00e9e, \u00e9vitant ainsi d&rsquo;endommager les composants plus co\u00fbteux de votre boucle.<\/p>\n<p>Ces fittings sont garantis compatibles avec tous les autres produits de refroidissement liquide EK Water Blocks.<\/p>\n<p>Caract\u00e9ristiques techniques :<br \/>\n&#8211; Finition : Argent satin\u00e9<br \/>\n&#8211; Filetage : G1 \/ 4 \u00ab  \u00bb BSP ; Longueur du filetage m\u00e2le de 4,5 mm<br \/>\n&#8211; Tube pris en charge : 14 mm OD<br \/>\n&#8211; Le diam\u00e8tre ext\u00e9rieur d&rsquo;un fitting : 22mm<br \/>\n&#8211; Hauteur install\u00e9e : 15 mm<br \/>\n&#8211; Tubes solides compatibles : Acrylique, PETG, Cuivre, Laiton, Acier inoxydable<\/p>\n<p>VEUILLEZ NOTER :<\/p>\n<p>L&rsquo;utilisation de liquides de refroidissement sp\u00e9cialement con\u00e7us qui contiennent de la corrosion, du tartre et des inhibiteurs biologiques est obligatoire pour \u00e9viter d&rsquo;endommager vos fittings nickel\u00e9s ! EK propose une s\u00e9lection de ces produits dans la section des liquides de refroidissement.<br \/>\nVeuillez mouiller le joint (joint torique) avec des gouttes d&rsquo;eau avant d&rsquo;installer le tube solide.<br \/>\nN&rsquo;utilisez pas de force excessive lors de l&rsquo;insertion d&rsquo;un tube solide !<br \/>\nN&rsquo;utilisez pas de force excessive lors de la fixation des cannelures de montage \u00e0 l&rsquo;aide de la cl\u00e9 Allen 9 mm afin d&rsquo;\u00e9viter tout dommage !<br \/>\nIl est obligatoire de chanfreiner les bords du tube plein fra\u00eechement coup\u00e9 afin d&rsquo;\u00e9viter d&rsquo;endommager le joint (joint torique). EK recommande un chanfrein de 0,5 mm x 45\u00b0.<br \/>\nCe produit ne doit PAS \u00eatre install\u00e9 avec des pi\u00e8ces en aluminium Fluid Gaming !<br \/>\nLes bagues esth\u00e9tiques sont vendues s\u00e9par\u00e9ment.<\/p>\n","protected":false},"excerpt":{"rendered":"<p>D\u00e9tails EK-Quantum Torque 6-Pack HDC 14 est un multipack de fittings contenant six fittings EK-Quantum Torque HDC. Il s&rsquo;agit des fittings \u00e0 compression en tube dur de 14 mm de qualit\u00e9 sup\u00e9rieure d&rsquo;EK, con\u00e7us pour \u00eatre utilis\u00e9s avec des tubes solides tels que l&rsquo;acrylique et le PETG. Avec un look non intrusif, mais frappant, et [&hellip;]<\/p>\n","protected":false},"featured_media":5687,"template":"","meta":{"_genesis_hide_title":false,"_genesis_hide_breadcrumbs":false,"_genesis_hide_singular_image":false,"_genesis_hide_footer_widgets":false,"_genesis_custom_body_class":"","_genesis_custom_post_class":"","_genesis_layout":""},"product_brand":[],"product_cat":[29,34],"product_tag":[],"class_list":{"0":"post-5686","1":"product","2":"type-product","3":"status-publish","4":"has-post-thumbnail","6":"product_cat-fittings","7":"product_cat-hard-fittings-14mm","8":"entry","10":"first","11":"outofstock","12":"taxable","13":"shipping-taxable","14":"purchasable","15":"product-type-simple"},"_links":{"self":[{"href":"https:\/\/proliquidpc.com\/fr\/wp-json\/wp\/v2\/product\/5686","targetHints":{"allow":["GET"]}}],"collection":[{"href":"https:\/\/proliquidpc.com\/fr\/wp-json\/wp\/v2\/product"}],"about":[{"href":"https:\/\/proliquidpc.com\/fr\/wp-json\/wp\/v2\/types\/product"}],"wp:featuredmedia":[{"embeddable":true,"href":"https:\/\/proliquidpc.com\/fr\/wp-json\/wp\/v2\/media\/5687"}],"wp:attachment":[{"href":"https:\/\/proliquidpc.com\/fr\/wp-json\/wp\/v2\/media?parent=5686"}],"wp:term":[{"taxonomy":"product_brand","embeddable":true,"href":"https:\/\/proliquidpc.com\/fr\/wp-json\/wp\/v2\/product_brand?post=5686"},{"taxonomy":"product_cat","embeddable":true,"href":"https:\/\/proliquidpc.com\/fr\/wp-json\/wp\/v2\/product_cat?post=5686"},{"taxonomy":"product_tag","embeddable":true,"href":"https:\/\/proliquidpc.com\/fr\/wp-json\/wp\/v2\/product_tag?post=5686"}],"curies":[{"name":"wp","href":"https:\/\/api.w.org\/{rel}","templated":true}]}}