{"id":5716,"date":"2024-10-30T16:27:30","date_gmt":"2024-10-30T20:27:30","guid":{"rendered":"https:\/\/dev.proliquidpc.com\/boutique\/non%20class\u00e9\/ek-quantum-reflection-pc-o11d-xl-d5-pwm-d-rgb-plexi\/"},"modified":"2025-09-08T03:20:58","modified_gmt":"2025-09-08T07:20:58","slug":"ek-quantum-reflection-pc-o11d-xl-d5-pwm-d-rgb-plexi","status":"publish","type":"product","link":"https:\/\/proliquidpc.com\/fr\/boutique\/reservoirs\/distroplates\/ek-quantum-reflection-pc-o11d-xl-d5-pwm-d-rgb-plexi\/","title":{"rendered":"EK-Quantum Reflection PC-O11D XL D5 PWM D-RGB &#8211; Plexi"},"content":{"rendered":"<p>L&rsquo;EK-Quantum Reflection PC-O11D XL D5 PWM D-RGB, une distroplate de refroidissement par eau con\u00e7ue sur mesure qui sert de r\u00e9servoir, d&rsquo;acheminement du liquide de refroidissement et de solution de pompe. Cette \u00ab distroplate \u00bb est sp\u00e9cialement con\u00e7ue pour s&rsquo;adapter \u00e0 l&rsquo;avant du bo\u00eetier Lian Li O11D XL afin de fournir une pi\u00e8ce ma\u00eetresse esth\u00e9tique exquise et une solution de refroidissement par eau avanc\u00e9e avec une v\u00e9ritable pompe D5 d\u00e9j\u00e0 install\u00e9e. Cette voie navigable est \u00e9galement \u00e9quip\u00e9e d&rsquo;un indicateur de d\u00e9bit physique unique qui donne une belle repr\u00e9sentation visuelle de la vitesse de la pompe.<\/p>\n<p>distroplate EK-Quantum Reflection pour Lian Li O11 Dynamic XL<\/p>\n<p>Cette distroplate d&rsquo;eau est livr\u00e9e avec une pompe D5 authentique tr\u00e8s puissante mais silencieuse, contr\u00f4l\u00e9e par PWM. L&rsquo;objectif \u00e9tait de fabriquer un produit suffisamment puissant pour offrir une grande fiabilit\u00e9 et des performances exceptionnelles avec plusieurs blocs et radiateurs tout en r\u00e9duisant le niveau de bruit au minimum.<\/p>\n<p>En installant cette distroplate \u00e0 l&rsquo;avant du bo\u00eetier, elle permet de placer un radiateur en PE de 360 mm d&rsquo;\u00e9paisseur et de 40 mm d&rsquo;\u00e9paisseur en haut et un radiateur 360 XE de 60 mm d&rsquo;\u00e9paisseur en bas, ainsi que des ventilateurs standard de 25 mm d&rsquo;\u00e9paisseur.<\/p>\n<p>L&rsquo;EK-Quantum Reflection PC-O11D D5 PWM D-RGB est con\u00e7u pour apporter une esth\u00e9tique immacul\u00e9e \u00e0 votre PC et pour simplifier le processus de routage de boucle de refroidissement par eau personnalis\u00e9 pour les constructeurs de PC d\u00e9butants qui entrent pour la premi\u00e8re fois dans le monde du refroidissement par eau de tube dur. La distroplate offre une solution tout-en-un qui comprend une pompe, un r\u00e9servoir, un m\u00e9canisme de montage simple et plusieurs normes industrielles G1\/4&Prime; ? Entr\u00e9e et sorties filet\u00e9es. L&#8217;emplacement de ces entr\u00e9es et sorties est parfaitement align\u00e9 avec les ports d&rsquo;autres composants de refroidissement liquide EK tels que les blocs d&rsquo;eau et les radiateurs afin de minimiser le nombre de coudes que l&rsquo;utilisateur doit effectuer pour cr\u00e9er une boucle d&rsquo;apparence propre. Il est capable de prendre en charge 1 CPU, 2 GPU et jusqu&rsquo;\u00e0 2 radiateurs avec une taille maximale de EK-Coolsteam PE 360 en haut et d&rsquo;un EK-Coolsteam XE 360 en bas.<\/p>\n<p>Con\u00e7u pour \u00eatre mont\u00e9 sur la vitre avant du bo\u00eetier, l&rsquo;EK-Quantum Reflection PC-O11D XL D5 PWM D-RGB s&rsquo;int\u00e9grera parfaitement dans le ch\u00e2ssis LIAN LI O11D XL. La roue indicatrice de d\u00e9bit int\u00e9gr\u00e9e con\u00e7ue sur mesure est une belle touche esth\u00e9tique, mais elle sert \u00e9galement \u00e0 indiquer la vitesse de la pompe. L&rsquo;indicateur de d\u00e9bit est dot\u00e9 d&rsquo;un corps de roue unique avec un centre ferm\u00e9 et des ailes de roue inclin\u00e9es qui emp\u00eachent l&rsquo;air de se coincer \u00e0 l&rsquo;int\u00e9rieur de l&rsquo;indicateur.<\/p>\n<p>La bande LED D-RGB adressable s&rsquo;\u00e9tend sur toute la longueur de l&rsquo;unit\u00e9, tandis qu&rsquo;un couvercle en aluminium anodis\u00e9 noir cache les points chauds LED ind\u00e9sirables. La bande LED adressable int\u00e9gr\u00e9e contient 28 LED num\u00e9riques et se connecte \u00e0 l&rsquo;en-t\u00eate 5V de la carte m\u00e8re. Il est \u00e9galement compatible avec les logiciels MSI MYSTIC LIGHT SYNC, ASROCK POLYCHROME SYNC, ASUS AURA SYNC et GIGABYTE RGB FUSION 2 pour un effet d&rsquo;\u00e9clairage coordonn\u00e9.<\/p>\n<p>EK RGB All<\/p>\n<p>R\u00e9servoir :\u2013 Dimensions avec la pompe attach\u00e9e (L x P x H) : 215 x 68 x 472 mm\u2013 Volume du r\u00e9servoir : ~787 ml \u2013 Nombre de LED D-RGB : 27<br \/>\n \u2013 Longueur du c\u00e2ble D-RGB : 500 mm\u2013 Connecteur D-RGB standard 3 broches (5V, Donn\u00e9es, Bloqu\u00e9, Masse)<\/p>\n<p>Sp\u00e9cifications techniques du moteur de la pompe :\u2013 Moteur : Moteur sph\u00e9rique \u00e0 commutation \u00e9lectronique\u2013 Tension nominale : 12V DC\u2013 Consommation \u00e9lectrique : 23W\u2013 Hauteur de pression maximale :  3,9 m\u2013 D\u00e9bit maximal : 1500L\/h\u2013 Temp\u00e9rature maximale du syst\u00e8me : 60\u00b0C\u2013 Mat\u00e9riaux : Acier inoxydable, PPS-GF40, joints toriques EPDM, oxyde d&rsquo;aluminium, houille \u2013 Connecteur d&rsquo;alimentation : Molex \u00e0 4 broches et connecteur FAN PWM \u00e0 4 broches<\/p>\n<p>R\u00e9gime de fonctionnement : \u2013 Cycle de service PWM : ~ 20-100%\u2013 Comportement par d\u00e9faut : fonctionne \u00e0 100% du cycle de service lorsqu&rsquo;aucun signal de retour PWM n&rsquo;est pr\u00e9sent<\/p>\n<p>Enferm\u00e9 :<\/p>\n<p>&#8211; EK-Quantum Reflection PC-O11D XL D5 PWM D-RGB- 1x cl\u00e9 Allen 2mm- 1x cl\u00e9 EK-Loop Multi Allen (6mm, 8mm, 9mm)- 5x vis M3x8 7991DIN- 2x vis M3x6 ISO 7380- 8x chevilles en laiton nickel\u00e9<\/p>\n<p>VEUILLEZ NOTER :<\/p>\n<p>L&rsquo;utilisation d&rsquo;un radiateur plus \u00e9pais que EK-Coolsteam PE et de ventilateurs plus \u00e9pais que 25 mm dans le haut du bo\u00eetier rendra difficiles les trajets droits vers les ports de la distroplate. Les plaques de distribution Quantum Reflection sont con\u00e7ues autour de fittings Quantum Torque et de radiateurs standard EK. Compatible uniquement avec la version Lian Li PC-O11D XL. La pompe D5 est lubrifi\u00e9e \u00e0 l&rsquo;eau, c&rsquo;est-\u00e0-dire qu&rsquo;elle utilise une conception de rotor humide. Par cons\u00e9quent, il est fortement recommand\u00e9 de ne pas faire fonctionner la pompe \u00e0 sec. Le bo\u00eetier Lian Li PC-O11D XL est uniquement destin\u00e9 \u00e0 la vitrine et il n&rsquo;est pas livr\u00e9 avec le produit. L&rsquo;oxyde d&rsquo;aluminium mentionn\u00e9 dans les sp\u00e9cifications des mat\u00e9riaux de la pompe D5 n&rsquo;est pas expos\u00e9 \u00e0 l&rsquo;eau et peut fonctionner en toute s\u00e9curit\u00e9 dans des boucles de cuivre\/nickel.<\/p>\n","protected":false},"excerpt":{"rendered":"<p>L&rsquo;EK-Quantum Reflection PC-O11D XL D5 PWM D-RGB, une distroplate de refroidissement par eau con\u00e7ue sur mesure qui sert de r\u00e9servoir, d&rsquo;acheminement du liquide de refroidissement et de solution de pompe. Cette \u00ab distroplate \u00bb est sp\u00e9cialement con\u00e7ue pour s&rsquo;adapter \u00e0 l&rsquo;avant du bo\u00eetier Lian Li O11D XL afin de fournir une pi\u00e8ce ma\u00eetresse esth\u00e9tique exquise [&hellip;]<\/p>\n","protected":false},"featured_media":5717,"template":"","meta":{"_genesis_hide_title":false,"_genesis_hide_breadcrumbs":false,"_genesis_hide_singular_image":false,"_genesis_hide_footer_widgets":false,"_genesis_custom_body_class":"","_genesis_custom_post_class":"","_genesis_layout":""},"product_brand":[],"product_cat":[42,41],"product_tag":[],"class_list":{"0":"post-5716","1":"product","2":"type-product","3":"status-publish","4":"has-post-thumbnail","6":"product_cat-distroplates","7":"product_cat-reservoirs","8":"entry","10":"first","11":"outofstock","12":"taxable","13":"shipping-taxable","14":"purchasable","15":"product-type-simple"},"_links":{"self":[{"href":"https:\/\/proliquidpc.com\/fr\/wp-json\/wp\/v2\/product\/5716","targetHints":{"allow":["GET"]}}],"collection":[{"href":"https:\/\/proliquidpc.com\/fr\/wp-json\/wp\/v2\/product"}],"about":[{"href":"https:\/\/proliquidpc.com\/fr\/wp-json\/wp\/v2\/types\/product"}],"wp:featuredmedia":[{"embeddable":true,"href":"https:\/\/proliquidpc.com\/fr\/wp-json\/wp\/v2\/media\/5717"}],"wp:attachment":[{"href":"https:\/\/proliquidpc.com\/fr\/wp-json\/wp\/v2\/media?parent=5716"}],"wp:term":[{"taxonomy":"product_brand","embeddable":true,"href":"https:\/\/proliquidpc.com\/fr\/wp-json\/wp\/v2\/product_brand?post=5716"},{"taxonomy":"product_cat","embeddable":true,"href":"https:\/\/proliquidpc.com\/fr\/wp-json\/wp\/v2\/product_cat?post=5716"},{"taxonomy":"product_tag","embeddable":true,"href":"https:\/\/proliquidpc.com\/fr\/wp-json\/wp\/v2\/product_tag?post=5716"}],"curies":[{"name":"wp","href":"https:\/\/api.w.org\/{rel}","templated":true}]}}