{"id":5769,"date":"2024-10-30T16:27:30","date_gmt":"2024-10-30T20:27:30","guid":{"rendered":"https:\/\/dev.proliquidpc.com\/boutique\/non%20class\u00e9\/ek-quantum-indicateur-de-debit-d-rgb-noir\/"},"modified":"2025-02-19T03:35:35","modified_gmt":"2025-02-19T08:35:35","slug":"ek-quantum-indicateur-de-debit-d-rgb-noir","status":"publish","type":"product","link":"https:\/\/proliquidpc.com\/fr\/boutique\/flow-meter-capteur-de-temperature\/ek-quantum-indicateur-de-debit-d-rgb-noir\/","title":{"rendered":"EK-QUANTUM Indicateur de d\u00e9bit D-RGB \u2013 Noir"},"content":{"rendered":"<p>L\u2019indicateur de d\u00e9bit EK-QUANTUM D-RGB est un indicateur de flux haut de gamme avec une impl\u00e9mentation RVB adressable appartenant \u00e0 la gamme Quantum. Il repr\u00e9sente visuellement le d\u00e9bit du liquide de refroidissement, qui est souvent difficile \u00e0 voir \u00e0 l\u2019\u0153il nu. Cela peut \u00eatre tr\u00e8s utile pour voir instantan\u00e9ment si le fonctionnement de votre boucle est nominal ou s\u2019il y a des probl\u00e8mes avec la pompe ou le d\u00e9bit dans une autre zone. En dehors de cela, il est tr\u00e8s \u00e9l\u00e9gant, ce qui en fait un d\u00e9tail esth\u00e9tique tr\u00e8s agr\u00e9able \u00e0 avoir dans votre boucle.<\/p>\n<p>Indicateur de d\u00e9bit autonome EK<\/p>\n<p>Il dispose de trois ports G1\/4&Prime;, tous femelles. Il peut \u00eatre mont\u00e9 \u00e0 mi-tube avec deux fittings ou fix\u00e9 \u00e0 n\u2019importe quel port G1\/4&Prime; sur un radiateur, une pompe ou m\u00eame un bloc via l\u2019utilisation d\u2019une rallonge \u00e0 double filetage m\u00e2le. N\u2019importe lequel des filetages peut \u00eatre utilis\u00e9 comme entr\u00e9e ou sortie. L\u2019indicateur de d\u00e9bit est dot\u00e9 d\u2019un corps de roue unique avec un centre ferm\u00e9 et des ailes de roue inclin\u00e9es qui emp\u00eachent l\u2019air de se coincer \u00e0 l\u2019int\u00e9rieur de l\u2019indicateur.<\/p>\n<p>EK D-RGB Tous<\/p>\n<p>Ce produit est compatible avec les technologies de synchronisation RVB populaires de tous les principaux fabricants de cartes m\u00e8res. Le marquage fl\u00e9ch\u00e9 sur le connecteur LED adressable \u00e0 3 broches doit \u00eatre align\u00e9 avec le marquage +5V sur l\u2019en-t\u00eate D-RGB (A-RGB). Un couvercle en aluminium anodis\u00e9 est utilis\u00e9 pour cacher les points chauds LED et offrir un \u00e9clairage uniforme sur l\u2019ensemble de l\u2019appareil. Il dispose d\u2019un total de 2 LED \u00e0 l\u2019int\u00e9rieur du bo\u00eetier.<\/p>\n<p>Cet indicateur de d\u00e9bit est fabriqu\u00e9 \u00e0 partir d\u2019un mat\u00e9riau acrylique moul\u00e9 usin\u00e9 CNC avec un couvercle en aluminium anodis\u00e9 qui a la m\u00eame finition que les plaques arri\u00e8re du GPU EK-Quantum Vector.<\/p>\n<p>Ci-joint:<br \/>\n&#8211; Indicateur de d\u00e9bit EK-QUANTUM D-RGB<br \/>\n&#8211; G1\/4&Prime; cheville en laiton nickel\u00e9 x 1<\/p>\n","protected":false},"excerpt":{"rendered":"<p>L\u2019indicateur de d\u00e9bit EK-QUANTUM D-RGB est un indicateur de flux haut de gamme avec une impl\u00e9mentation RVB adressable appartenant \u00e0 la gamme Quantum. Il repr\u00e9sente visuellement le d\u00e9bit du liquide de refroidissement, qui est souvent difficile \u00e0 voir \u00e0 l\u2019\u0153il nu. Cela peut \u00eatre tr\u00e8s utile pour voir instantan\u00e9ment si le fonctionnement de votre boucle [&hellip;]<\/p>\n","protected":false},"featured_media":5770,"template":"","meta":{"_genesis_hide_title":false,"_genesis_hide_breadcrumbs":false,"_genesis_hide_singular_image":false,"_genesis_hide_footer_widgets":false,"_genesis_custom_body_class":"","_genesis_custom_post_class":"","_genesis_layout":""},"product_brand":[],"product_cat":[68],"product_tag":[],"class_list":{"0":"post-5769","1":"product","2":"type-product","3":"status-publish","4":"has-post-thumbnail","6":"product_cat-flow-meter-capteur-de-temperature","7":"entry","9":"first","10":"outofstock","11":"taxable","12":"shipping-taxable","13":"purchasable","14":"product-type-simple"},"_links":{"self":[{"href":"https:\/\/proliquidpc.com\/fr\/wp-json\/wp\/v2\/product\/5769","targetHints":{"allow":["GET"]}}],"collection":[{"href":"https:\/\/proliquidpc.com\/fr\/wp-json\/wp\/v2\/product"}],"about":[{"href":"https:\/\/proliquidpc.com\/fr\/wp-json\/wp\/v2\/types\/product"}],"wp:featuredmedia":[{"embeddable":true,"href":"https:\/\/proliquidpc.com\/fr\/wp-json\/wp\/v2\/media\/5770"}],"wp:attachment":[{"href":"https:\/\/proliquidpc.com\/fr\/wp-json\/wp\/v2\/media?parent=5769"}],"wp:term":[{"taxonomy":"product_brand","embeddable":true,"href":"https:\/\/proliquidpc.com\/fr\/wp-json\/wp\/v2\/product_brand?post=5769"},{"taxonomy":"product_cat","embeddable":true,"href":"https:\/\/proliquidpc.com\/fr\/wp-json\/wp\/v2\/product_cat?post=5769"},{"taxonomy":"product_tag","embeddable":true,"href":"https:\/\/proliquidpc.com\/fr\/wp-json\/wp\/v2\/product_tag?post=5769"}],"curies":[{"name":"wp","href":"https:\/\/api.w.org\/{rel}","templated":true}]}}