{"id":5778,"date":"2024-10-30T16:28:53","date_gmt":"2024-10-30T20:28:53","guid":{"rendered":"https:\/\/dev.proliquidpc.com\/boutique\/non%20class\u00e9\/ek-quantum-rallonge-de-couple-rotative-mm-14-nickel\/"},"modified":"2025-01-19T16:22:49","modified_gmt":"2025-01-19T21:22:49","slug":"ek-quantum-rallonge-de-couple-rotative-mm-14-nickel","status":"publish","type":"product","link":"https:\/\/proliquidpc.com\/fr\/boutique\/fittings\/fitting-spacer\/ek-quantum-rallonge-de-couple-rotative-mm-14-nickel\/","title":{"rendered":"EK-Quantum Rallonge de couple rotative MM 14 &#8211; Nickel"},"content":{"rendered":"<p>EK-Quantum Torque Extender Rotary MM 14 est un interconnecteur d\u2019extension \u00e0 filetage m\u00e2le rotatif de qualit\u00e9 sup\u00e9rieure avec filetage m\u00e2le aux deux extr\u00e9mit\u00e9s. Il est utilis\u00e9 pour connecter deux composants de refroidissement par eau qui ont tous deux des filetages femelles G1\/4&Prime;.<\/p>\n<p>fittings d&rsquo;extension tournantes de la s\u00e9rie de fittings EK-Quantum Torque<\/p>\n<p>Fabriqu\u00e9 en laiton nickel\u00e9 usin\u00e9 CNC. Scell\u00e9 avec des joints toriques EPDM de qualit\u00e9.<\/p>\n<p>Les produits de la s\u00e9rie EK-Quantum Torque ont re\u00e7u le prestigieux iF Design Award. Une esth\u00e9tique robuste et industrielle distingue la famille Torque en mettant en valeur les processus de fabrication pr\u00e9cis utilis\u00e9s pour les cr\u00e9er. De plus, les passionn\u00e9s peuvent ajouter un anneau de couleur unique pour donner un accent personnel \u00e0 la ligne d\u2019ajustement. La famille de fittings Torque offre un syst\u00e8me s\u00fbr et modulaire de connexions entre les composants de refroidissement liquide et les tubes au sein d\u2019un PC. Les produits de la s\u00e9rie Quantum Torque couvrent les adaptateurs coud\u00e9s, les fittings d&rsquo;extension rotatives et statiques, les s\u00e9parateurs, les bouchons G1\/4&Prime;, les Valves de vidange, les fittings et bien plus encore.<\/p>\n<p>Ces fittings d&rsquo;extension statiques peuvent \u00eatre serr\u00e9es \u00e0 la main ou \u00e0 l\u2019aide de EK-Loop Multi Allen Key \/ Allen Key 9 mm (non inclus, disponible \u00e0 l\u2019achat s\u00e9par\u00e9ment).<\/p>\n<p>Caract\u00e9ristiques techniques :<br \/>\nFiletage : 2 x G1\/4&Prime; (m\u00e2le-m\u00e2le)<br \/>\nLongueur du filetage : 4,5 mm<br \/>\nMat\u00e9riau : Laiton<br \/>\nFinition : Nickel<br \/>\nDiam\u00e8tre : 23 mm<br \/>\nHauteur : 14 mm<\/p>\n","protected":false},"excerpt":{"rendered":"<p>EK-Quantum Torque Extender Rotary MM 14 est un interconnecteur d\u2019extension \u00e0 filetage m\u00e2le rotatif de qualit\u00e9 sup\u00e9rieure avec filetage m\u00e2le aux deux extr\u00e9mit\u00e9s. Il est utilis\u00e9 pour connecter deux composants de refroidissement par eau qui ont tous deux des filetages femelles G1\/4&Prime;. fittings d&rsquo;extension tournantes de la s\u00e9rie de fittings EK-Quantum Torque Fabriqu\u00e9 en laiton [&hellip;]<\/p>\n","protected":false},"featured_media":5779,"template":"","meta":{"_genesis_hide_title":false,"_genesis_hide_breadcrumbs":false,"_genesis_hide_singular_image":false,"_genesis_hide_footer_widgets":false,"_genesis_custom_body_class":"","_genesis_custom_post_class":"","_genesis_layout":""},"product_brand":[],"product_cat":[30,29],"product_tag":[],"class_list":{"0":"post-5778","1":"product","2":"type-product","3":"status-publish","4":"has-post-thumbnail","6":"product_cat-fitting-spacer","7":"product_cat-fittings","8":"entry","10":"first","11":"instock","12":"taxable","13":"shipping-taxable","14":"purchasable","15":"product-type-simple"},"_links":{"self":[{"href":"https:\/\/proliquidpc.com\/fr\/wp-json\/wp\/v2\/product\/5778","targetHints":{"allow":["GET"]}}],"collection":[{"href":"https:\/\/proliquidpc.com\/fr\/wp-json\/wp\/v2\/product"}],"about":[{"href":"https:\/\/proliquidpc.com\/fr\/wp-json\/wp\/v2\/types\/product"}],"wp:featuredmedia":[{"embeddable":true,"href":"https:\/\/proliquidpc.com\/fr\/wp-json\/wp\/v2\/media\/5779"}],"wp:attachment":[{"href":"https:\/\/proliquidpc.com\/fr\/wp-json\/wp\/v2\/media?parent=5778"}],"wp:term":[{"taxonomy":"product_brand","embeddable":true,"href":"https:\/\/proliquidpc.com\/fr\/wp-json\/wp\/v2\/product_brand?post=5778"},{"taxonomy":"product_cat","embeddable":true,"href":"https:\/\/proliquidpc.com\/fr\/wp-json\/wp\/v2\/product_cat?post=5778"},{"taxonomy":"product_tag","embeddable":true,"href":"https:\/\/proliquidpc.com\/fr\/wp-json\/wp\/v2\/product_tag?post=5778"}],"curies":[{"name":"wp","href":"https:\/\/api.w.org\/{rel}","templated":true}]}}