{"id":5784,"date":"2024-10-30T16:28:53","date_gmt":"2024-10-30T20:28:53","guid":{"rendered":"https:\/\/dev.proliquidpc.com\/boutique\/non%20class\u00e9\/ek-quantum-rallonge-de-couple-statique-mf-7-titane-satine\/"},"modified":"2025-02-12T14:02:31","modified_gmt":"2025-02-12T19:02:31","slug":"ek-quantum-rallonge-de-couple-statique-mf-7-titane-satine","status":"publish","type":"product","link":"https:\/\/proliquidpc.com\/fr\/boutique\/fittings\/fitting-spacer\/ek-quantum-rallonge-de-couple-statique-mf-7-titane-satine\/","title":{"rendered":"EK-Quantum Rallonge de couple statique MF 7 &#8211; Titane satin\u00e9"},"content":{"rendered":"<p>EK-Quantum Torque Extender Static MF 7 est un rallonge filet\u00e9e m\u00e2le+femelle haut de gamme. Il est couramment utilis\u00e9 pour \u00e9tendre un port G1\/4&Prime; \u00e0 partir d\u2019un bloc, d\u2019un radiateur ou de tout autre composant de refroidissement liquide afin de faciliter le processus de connexion \u00e0 d\u2019autres composants et d\u2019avoir moins de coudes ou de fittings inaccessibles dans les endroits restreints.<\/p>\n<p>Il ne s\u2019agit pas d\u2019une rallonge renouvelable.<\/p>\n<p>fittings d&rsquo;extension statiques s\u00e9rie EK-Quantum Torque<\/p>\n<p>Fabriqu\u00e9 en laiton usin\u00e9 CNC avec une finition argent satin\u00e9. Scell\u00e9 avec des joints toriques EPDM de qualit\u00e9.<\/p>\n<p>Les prolongateurs de la s\u00e9rie Quantum Torque en titane satin\u00e9 ne sont intentionnellement pas peints \u00e0 l\u2019int\u00e9rieur pour r\u00e9duire le niveau de polluants possibles dans la boucle.<\/p>\n<p>Les produits de la s\u00e9rie EK-Quantum Torque ont re\u00e7u le prestigieux iF Design Award. Une esth\u00e9tique robuste et industrielle distingue la famille Torque en mettant en valeur les processus de fabrication pr\u00e9cis utilis\u00e9s pour les cr\u00e9er. De plus, les passionn\u00e9s peuvent ajouter un anneau de couleur unique pour donner un accent personnel \u00e0 la ligne d\u2019ajustement. La famille de fittings Torque offre un syst\u00e8me s\u00fbr et modulaire de connexions entre les composants de refroidissement liquide et les tubes au sein d\u2019un PC. Les produits de la s\u00e9rie Quantum Torque couvrent les adaptateurs coud\u00e9s, les fittings d&rsquo;extension rotatives et statiques, les s\u00e9parateurs, les bouchons G1\/4&Prime;, les Valves de vidange, les fittings et bien plus encore.<\/p>\n<p>Ces fittings d&rsquo;extension statiques peuvent \u00eatre serr\u00e9es \u00e0 la main ou \u00e0 l\u2019aide de EK-Loop Multi Allen Key \/ Allen Key 9 mm (non inclus, disponible \u00e0 l\u2019achat s\u00e9par\u00e9ment).<\/p>\n<p>Caract\u00e9ristiques techniques :<br \/>\nFiletage : 2 x G1\/4&Prime; (M\u00e2le &#8211; Femelle)<br \/>\nLongueur du filetage : 4,5 mm<br \/>\nMat\u00e9riau : Laiton<br \/>\nDiam\u00e8tre : 23 mm<br \/>\nHauteur : 7 mm<\/p>\n<p>VEUILLEZ NOTER :<\/p>\n<p>N\u2019utilisez pas de force excessive lors de la fixation des cannelures de montage \u00e0 l\u2019aide de la cl\u00e9 Allen 9 mm afin d\u2019\u00e9viter tout dommage !<br \/>\nCe produit ne doit PAS \u00eatre install\u00e9 avec des pi\u00e8ces en aluminium Fluid Gaming !<br \/>\nLes prolongateurs de la s\u00e9rie Quantum Torque en titane satin\u00e9 ne sont intentionnellement pas peints \u00e0 l\u2019int\u00e9rieur pour r\u00e9duire le niveau de polluants possibles dans la boucle.<\/p>\n","protected":false},"excerpt":{"rendered":"<p>EK-Quantum Torque Extender Static MF 7 est un rallonge filet\u00e9e m\u00e2le+femelle haut de gamme. Il est couramment utilis\u00e9 pour \u00e9tendre un port G1\/4&Prime; \u00e0 partir d\u2019un bloc, d\u2019un radiateur ou de tout autre composant de refroidissement liquide afin de faciliter le processus de connexion \u00e0 d\u2019autres composants et d\u2019avoir moins de coudes ou de fittings [&hellip;]<\/p>\n","protected":false},"featured_media":5785,"template":"","meta":{"_genesis_hide_title":false,"_genesis_hide_breadcrumbs":false,"_genesis_hide_singular_image":false,"_genesis_hide_footer_widgets":false,"_genesis_custom_body_class":"","_genesis_custom_post_class":"","_genesis_layout":""},"product_brand":[],"product_cat":[30,29],"product_tag":[],"class_list":{"0":"post-5784","1":"product","2":"type-product","3":"status-publish","4":"has-post-thumbnail","6":"product_cat-fitting-spacer","7":"product_cat-fittings","8":"entry","10":"first","11":"outofstock","12":"taxable","13":"shipping-taxable","14":"purchasable","15":"product-type-simple"},"_links":{"self":[{"href":"https:\/\/proliquidpc.com\/fr\/wp-json\/wp\/v2\/product\/5784","targetHints":{"allow":["GET"]}}],"collection":[{"href":"https:\/\/proliquidpc.com\/fr\/wp-json\/wp\/v2\/product"}],"about":[{"href":"https:\/\/proliquidpc.com\/fr\/wp-json\/wp\/v2\/types\/product"}],"wp:featuredmedia":[{"embeddable":true,"href":"https:\/\/proliquidpc.com\/fr\/wp-json\/wp\/v2\/media\/5785"}],"wp:attachment":[{"href":"https:\/\/proliquidpc.com\/fr\/wp-json\/wp\/v2\/media?parent=5784"}],"wp:term":[{"taxonomy":"product_brand","embeddable":true,"href":"https:\/\/proliquidpc.com\/fr\/wp-json\/wp\/v2\/product_brand?post=5784"},{"taxonomy":"product_cat","embeddable":true,"href":"https:\/\/proliquidpc.com\/fr\/wp-json\/wp\/v2\/product_cat?post=5784"},{"taxonomy":"product_tag","embeddable":true,"href":"https:\/\/proliquidpc.com\/fr\/wp-json\/wp\/v2\/product_tag?post=5784"}],"curies":[{"name":"wp","href":"https:\/\/api.w.org\/{rel}","templated":true}]}}