{"id":5802,"date":"2024-10-30T16:28:53","date_gmt":"2024-10-30T20:28:53","guid":{"rendered":"https:\/\/dev.proliquidpc.com\/boutique\/non%20class\u00e9\/ek-quantum-torque-micro-plug-titane-satine\/"},"modified":"2025-02-19T03:38:45","modified_gmt":"2025-02-19T08:38:45","slug":"ek-quantum-torque-micro-plug-titane-satine","status":"publish","type":"product","link":"https:\/\/proliquidpc.com\/fr\/boutique\/fittings\/bouchon\/ek-quantum-torque-micro-plug-titane-satine\/","title":{"rendered":"EK-Quantum Torque Micro Plug &#8211; Titane satin\u00e9"},"content":{"rendered":"<p>EK-Quantum Torque Micro Plug &#8211; Titane satin\u00e9 est un connecteur Quantum G1\/4&Prime; de qualit\u00e9 sup\u00e9rieure \u00e0 petit facteur de forme pour fermer les ports inutilis\u00e9s de votre \u00e9quipement de refroidissement par eau.<\/p>\n<p>Ces prises sont id\u00e9ales pour les ports ferm\u00e9s o\u00f9 les prises traditionnelles prennent trop de place, pour les constructions SFF, ou lorsque vous voulez l\u2019aspect le plus propre possible avec des prises moins visibles. EK recommande de serrer le bouchon \u00e0 la main.<\/p>\n<p>Micro-prise EK-Quantum Torque<\/p>\n<p>Fabriqu\u00e9 en laiton usin\u00e9 CNC avec une finition en titane satin\u00e9 de haute qualit\u00e9. Scell\u00e9 avec un joint torique en caoutchouc de qualit\u00e9.<\/p>\n<p>Les produits de la s\u00e9rie EK-Quantum Torque ont re\u00e7u le prestigieux iF Design Award. Une esth\u00e9tique robuste et industrielle distingue la famille Torque en mettant en valeur les processus de fabrication pr\u00e9cis utilis\u00e9s pour les cr\u00e9er. De plus, les passionn\u00e9s peuvent ajouter un anneau de couleur unique pour donner un accent personnel \u00e0 la ligne d\u2019ajustement. La famille de fittings Torque offre un syst\u00e8me s\u00fbr et modulaire de connexions entre les composants de refroidissement liquide et les tubes au sein d\u2019un PC. Les produits de la s\u00e9rie Quantum Torque couvrent les adaptateurs coud\u00e9s, les fittings d&rsquo;extension rotatives et statiques, les s\u00e9parateurs, les bouchons G1\/4&Prime;, les Valves de vidange, les fittings et bien plus encore.<\/p>\n<p>Caract\u00e9ristiques techniques :<br \/>\nEnfilage : G1\/4&Prime;<br \/>\nLongueur du filetage : 4,5 mm<br \/>\nDiam\u00e8tre : 16,5 mm<br \/>\nHauteur install\u00e9e : 7 mm<\/p>\n<p>Conforme \u00e0 la ROHS !<\/p>\n<p>VEUILLEZ NOTER :<\/p>\n<p>Ce produit ne doit PAS \u00eatre install\u00e9 avec des pi\u00e8ces en aluminium Fluid Gaming !<\/p>\n","protected":false},"excerpt":{"rendered":"<p>EK-Quantum Torque Micro Plug &#8211; Titane satin\u00e9 est un connecteur Quantum G1\/4&Prime; de qualit\u00e9 sup\u00e9rieure \u00e0 petit facteur de forme pour fermer les ports inutilis\u00e9s de votre \u00e9quipement de refroidissement par eau. Ces prises sont id\u00e9ales pour les ports ferm\u00e9s o\u00f9 les prises traditionnelles prennent trop de place, pour les constructions SFF, ou lorsque vous [&hellip;]<\/p>\n","protected":false},"featured_media":5803,"template":"","meta":{"_genesis_hide_title":false,"_genesis_hide_breadcrumbs":false,"_genesis_hide_singular_image":false,"_genesis_hide_footer_widgets":false,"_genesis_custom_body_class":"","_genesis_custom_post_class":"","_genesis_layout":""},"product_brand":[],"product_cat":[35,29],"product_tag":[],"class_list":{"0":"post-5802","1":"product","2":"type-product","3":"status-publish","4":"has-post-thumbnail","6":"product_cat-bouchon","7":"product_cat-fittings","8":"entry","10":"first","11":"outofstock","12":"taxable","13":"shipping-taxable","14":"purchasable","15":"product-type-simple"},"_links":{"self":[{"href":"https:\/\/proliquidpc.com\/fr\/wp-json\/wp\/v2\/product\/5802","targetHints":{"allow":["GET"]}}],"collection":[{"href":"https:\/\/proliquidpc.com\/fr\/wp-json\/wp\/v2\/product"}],"about":[{"href":"https:\/\/proliquidpc.com\/fr\/wp-json\/wp\/v2\/types\/product"}],"wp:featuredmedia":[{"embeddable":true,"href":"https:\/\/proliquidpc.com\/fr\/wp-json\/wp\/v2\/media\/5803"}],"wp:attachment":[{"href":"https:\/\/proliquidpc.com\/fr\/wp-json\/wp\/v2\/media?parent=5802"}],"wp:term":[{"taxonomy":"product_brand","embeddable":true,"href":"https:\/\/proliquidpc.com\/fr\/wp-json\/wp\/v2\/product_brand?post=5802"},{"taxonomy":"product_cat","embeddable":true,"href":"https:\/\/proliquidpc.com\/fr\/wp-json\/wp\/v2\/product_cat?post=5802"},{"taxonomy":"product_tag","embeddable":true,"href":"https:\/\/proliquidpc.com\/fr\/wp-json\/wp\/v2\/product_tag?post=5802"}],"curies":[{"name":"wp","href":"https:\/\/api.w.org\/{rel}","templated":true}]}}