{"id":5809,"date":"2024-10-30T16:28:53","date_gmt":"2024-10-30T20:28:53","guid":{"rendered":"https:\/\/dev.proliquidpc.com\/boutique\/non%20class\u00e9\/valve-ek-quantum-dynamometrique-noir\/"},"modified":"2025-02-10T04:18:42","modified_gmt":"2025-02-10T09:18:42","slug":"valve-ek-quantum-dynamometrique-noir","status":"publish","type":"product","link":"https:\/\/proliquidpc.com\/fr\/boutique\/fittings\/valve\/valve-ek-quantum-dynamometrique-noir\/","title":{"rendered":"Valve EK-Quantum dynamom\u00e9trique &#8211; Noir"},"content":{"rendered":"<p>D\u00e9tails<br \/>\nLa valve EK-Quantum &#8211; Noir est un fitting haut de gamme qui agit comme un point de vidange parfait dans votre syst\u00e8me. Il dispose d\u2019un capuchon s\u00e9curis\u00e9, sous la forme d\u2019un anneau de compression de fitting Torque, et il peut m\u00eame s\u2019adapter \u00e0 un anneau de couleur esth\u00e9tique pour les fittings HDC 16 Torque. Le capuchon s\u00e9curis\u00e9 ne vous permet pas d\u2019ouvrir accidentellement ou de laisser ouverte la Valve.<\/p>\n<p>La valve EK permet la vidange de la boucle de refroidissement PC<\/p>\n<p>Cette valve pr\u00e9sente un avantage par rapport aux valves \u00e0 bille traditionnelles en termes de taille. Il a un encombrement r\u00e9duit, un verrouillage s\u00e9curis\u00e9 et un m\u00e9canisme d\u2019ouverture\/fermeture facile qui fonctionne sur une glissi\u00e8re. Il a un filetage m\u00e2le \u00e0 une extr\u00e9mit\u00e9, ce qui vous permet de le visser directement dans un port femelle G1\/4&Prime; sur n\u2019importe quel composant de refroidissement par eau sans utiliser de fitting adaptateur comme le font les Valves \u00e0 bille traditionnelles.<\/p>\n<p>Fabriqu\u00e9 en laiton usin\u00e9 CNC avec une finition noire satin\u00e9e.<\/p>\n<p>Les produits de la s\u00e9rie EK-Quantum Torque ont re\u00e7u le prestigieux iF Design Award. Une esth\u00e9tique robuste et industrielle distingue la famille Torque en mettant en valeur les processus de fabrication pr\u00e9cis utilis\u00e9s pour les cr\u00e9er. De plus, les passionn\u00e9s peuvent ajouter un anneau de couleur unique pour donner un accent personnel \u00e0 la ligne d\u2019ajustement. La famille de fittings Torque offre un syst\u00e8me s\u00fbr et modulaire de connexions entre les composants de refroidissement liquide et les tubes au sein d\u2019un PC. Les produits de la s\u00e9rie Quantum Torque couvrent les adaptateurs coud\u00e9s, les fittings d&rsquo;extension rotatives et statiques, les s\u00e9parateurs, les bouchons G1\/4&Prime;, les Valves de vidange, les fittings et bien plus encore.<\/p>\n<p>Caract\u00e9ristiques techniques :<\/p>\n<p>&#8211; Filetage : G1\/4&Prime;<br \/>\n&#8211; Longueur du filetage : 4,5 mm<br \/>\n&#8211; Diam\u00e8tre : 23 mm<br \/>\n&#8211; Hauteur install\u00e9e : 29 mm<\/p>\n<p>Conforme \u00e0 la ROHS !<\/p>\n","protected":false},"excerpt":{"rendered":"<p>D\u00e9tails La valve EK-Quantum &#8211; Noir est un fitting haut de gamme qui agit comme un point de vidange parfait dans votre syst\u00e8me. Il dispose d\u2019un capuchon s\u00e9curis\u00e9, sous la forme d\u2019un anneau de compression de fitting Torque, et il peut m\u00eame s\u2019adapter \u00e0 un anneau de couleur esth\u00e9tique pour les fittings HDC 16 Torque. [&hellip;]<\/p>\n","protected":false},"featured_media":5810,"template":"","meta":{"_genesis_hide_title":false,"_genesis_hide_breadcrumbs":false,"_genesis_hide_singular_image":false,"_genesis_hide_footer_widgets":false,"_genesis_custom_body_class":"","_genesis_custom_post_class":"","_genesis_layout":""},"product_brand":[],"product_cat":[29,32],"product_tag":[],"class_list":{"0":"post-5809","1":"product","2":"type-product","3":"status-publish","4":"has-post-thumbnail","6":"product_cat-fittings","7":"product_cat-valve","8":"entry","10":"first","11":"outofstock","12":"taxable","13":"shipping-taxable","14":"purchasable","15":"product-type-simple"},"_links":{"self":[{"href":"https:\/\/proliquidpc.com\/fr\/wp-json\/wp\/v2\/product\/5809","targetHints":{"allow":["GET"]}}],"collection":[{"href":"https:\/\/proliquidpc.com\/fr\/wp-json\/wp\/v2\/product"}],"about":[{"href":"https:\/\/proliquidpc.com\/fr\/wp-json\/wp\/v2\/types\/product"}],"wp:featuredmedia":[{"embeddable":true,"href":"https:\/\/proliquidpc.com\/fr\/wp-json\/wp\/v2\/media\/5810"}],"wp:attachment":[{"href":"https:\/\/proliquidpc.com\/fr\/wp-json\/wp\/v2\/media?parent=5809"}],"wp:term":[{"taxonomy":"product_brand","embeddable":true,"href":"https:\/\/proliquidpc.com\/fr\/wp-json\/wp\/v2\/product_brand?post=5809"},{"taxonomy":"product_cat","embeddable":true,"href":"https:\/\/proliquidpc.com\/fr\/wp-json\/wp\/v2\/product_cat?post=5809"},{"taxonomy":"product_tag","embeddable":true,"href":"https:\/\/proliquidpc.com\/fr\/wp-json\/wp\/v2\/product_tag?post=5809"}],"curies":[{"name":"wp","href":"https:\/\/api.w.org\/{rel}","templated":true}]}}