{"id":5827,"date":"2024-10-30T16:28:53","date_gmt":"2024-10-30T20:28:53","guid":{"rendered":"https:\/\/dev.proliquidpc.com\/boutique\/non%20class\u00e9\/ek-quantum-vector-xc3-rtx-3080-3090-d-rgb-nickel-plexi\/"},"modified":"2025-01-19T16:23:20","modified_gmt":"2025-01-19T21:23:20","slug":"ek-quantum-vector-xc3-rtx-3080-3090-d-rgb-nickel-plexi","status":"publish","type":"product","link":"https:\/\/proliquidpc.com\/fr\/boutique\/gpu-waterblock\/gpu-nvidia\/serie-3000\/ek-quantum-vector-xc3-rtx-3080-3090-d-rgb-nickel-plexi\/","title":{"rendered":"EK-Quantum Vector XC3 RTX 3080\/3090 D-RGB &#8211; Nickel + Plexi"},"content":{"rendered":"<p>Il s&rsquo;agit du Waterblock GPU Vector de 2e g\u00e9n\u00e9ration de la gamme EK\u00ae Quantum, con\u00e7u pour les cartes graphiques EVGA\u00ae XC3 RTX 3080 et 3090 bas\u00e9es sur la derni\u00e8re architecture NVIDIA\u00ae Ampere\u2122. La liste de compatibilit\u00e9 n&rsquo;est pas d\u00e9finitive et la compatibilit\u00e9 d&rsquo;autres cartes graphiques EVGA 3080 et 3090 pourrait \u00eatre confirm\u00e9e dans les jours qui suivent. Pour une compatibilit\u00e9 pr\u00e9cise de ce Waterblock, nous vous recommandons de vous r\u00e9f\u00e9rer au configurateur de refroidissement EK.<\/p>\n<p>EK-Quantum Vector XC3 RTX 3080\/3090 D-RGB &#8211; Nickel + Plexi<br \/>\nUn Waterblock EK pour Nvidia GeForce RTX 3080 et 3090<br \/>\nLe waterblock EK-Quantum Vector XC3 3080\/3090 D-RGB est compatible avec les cartes graphiques EVGA XC3 RTX 3080 et 3090.<\/p>\n<p>EK Water block pour EVGA XC3 RTX 3080 et 3090<br \/>\nLe Waterblock Vector refroidit directement le GPU, la VRAM et le VRM (module de r\u00e9gulation de tension) car un liquide de refroidissement est canalis\u00e9 juste au-dessus de ces zones critiques. Le Waterblock est en contact avec les \u00e9tages de puissance du VRM. <\/p>\n<p>Ces blocs d&rsquo;eau nouvellement d\u00e9velopp\u00e9s pr\u00e9sentent des voies d&rsquo;\u00e9coulement optimis\u00e9es qui r\u00e9duisent les instabilit\u00e9s hydrodynamiques et les vortex (points morts) \u00e0 l&rsquo;int\u00e9rieur d&rsquo;eux. De plus, cette nouvelle conception permet au terminal d&rsquo;\u00eatre viss\u00e9 directement sur la plaque froide en cuivre du bloc GPU, ce qui le rend plus rigide et r\u00e9duit les risques d&rsquo;endommager le Waterblock. <\/p>\n<p>Les blocs d&rsquo;eau de la s\u00e9rie EK-Quantum Vector utilisent une conception de moteur de refroidissement Open Split-Flow, qui s&rsquo;est av\u00e9r\u00e9e \u00eatre une solution sup\u00e9rieure pour les blocs d&rsquo;eau GPU. Il se caract\u00e9rise par une faible restriction de d\u00e9bit hydraulique, ce qui signifie qu&rsquo;il peut \u00eatre utilis\u00e9 avec des pompes \u00e0 eau plus faibles ou des pompes fonctionnant \u00e0 basse vitesse, tout en atteignant des performances optimales. La g\u00e9om\u00e9trie de la plaque de jet et de la structure des ailettes a \u00e9t\u00e9 optimis\u00e9e pour fournir une distribution uniforme du flux avec des pertes minimales et des performances optimales lorsqu&rsquo;il est utilis\u00e9 dans n&rsquo;importe quelle orientation d&rsquo;\u00e9coulement du liquide de refroidissement. <\/p>\n<p>EK Water block pour EVGA XC3 RTX 3080 et 3090<br \/>\nLe r\u00e9seau d&rsquo;ailettes est compos\u00e9 de 27 microailettes avec des microcanaux de 0,5 mm de large qui offrent des performances de refroidissement optimales, sans restrictions de d\u00e9bit inutiles ni risques de colmatage. <\/p>\n<p>La base du bloc est usin\u00e9e CNC en cuivre \u00e9lectrolytique nickel\u00e9, tandis que sa partie sup\u00e9rieure est usin\u00e9e CNC en ac\u00e9tal POM noir durable. Ces waterblocks GPU Vector de 2e g\u00e9n\u00e9ration sont \u00e9galement dot\u00e9s de bornes en ac\u00e9tal assorties au capot sup\u00e9rieur. L&rsquo;\u00e9tanch\u00e9it\u00e9 est assur\u00e9e par des joints toriques en EPDM de haute qualit\u00e9, tandis que les entretoises en laiton sont d\u00e9j\u00e0 pr\u00e9install\u00e9es et permettent une proc\u00e9dure d&rsquo;installation s\u00fbre et facile.<\/p>\n<p>Eclairage D-RGB sur Waterblock EK-Quantum Vector XC3 RTX 3080\/3090 D-RGB<br \/>\nL&#8217;embout esth\u00e9tique abrite la bande LED D-RGB adressable. Ce Waterblock dispose d&rsquo;un total de 12 LED RGB adressables individuellement, et il est compatible avec les technologies de synchronisation RVB populaires de tous les principaux fabricants de cartes m\u00e8res. Le marquage fl\u00e9ch\u00e9 sur le connecteur LED D-RGB \u00e0 3 broches doit \u00eatre align\u00e9 avec le marquage +5V sur l&rsquo;en-t\u00eate D-RGB (adressable). <\/p>\n<p>backplate pour le Waterblock 3080\/3090<br \/>\nEK recommande l&rsquo;achat d&rsquo;une backplate de r\u00e9tention, en particulier pour les mod\u00e8les 3090 de cartes graphiques. La backplate am\u00e9liore l&rsquo;esth\u00e9tique g\u00e9n\u00e9rale de vos cartes graphiques et fournit \u00e9galement un refroidissement passif suppl\u00e9mentaire pour le c\u0153ur du GPU, la VRAM sur les cartes 3090 et l&rsquo;arri\u00e8re de la section VRM de la carte de circuit imprim\u00e9.<\/p>\n<p>Si vous d\u00e9sirez des performances de refroidissement ultimes et une esth\u00e9tique in\u00e9gal\u00e9e, EK recommande l&rsquo;achat d&rsquo;une backplate active. La toute nouvelle backplate Vector Active refroidit directement tous les points chauds du PCB situ\u00e9s \u00e0 l&rsquo;arri\u00e8re du c\u0153ur du GPU et du VRM (module de r\u00e9gulation de tension). Dans le cas de la RTX 3090, la VRAM situ\u00e9e \u00e0 l&rsquo;arri\u00e8re est refroidie, tandis que le PCB des GPU RTX 3080 est refroidi autour de la VRAM mont\u00e9e \u00e0 l&rsquo;avant. C&rsquo;est la solution esth\u00e9tique et performante ultime qui trouve votre GPU pris en sandwich entre deux blocs d&rsquo;eau, permettant un refroidissement maximal.<\/p>\n<p>Ci-joint:<br \/>\n&#8211; Waterblock haute performance s\u00e9rie EK-Quantum Vector XC3 RTX 3080\/3090 D-RGB<br \/>\n&#8211; M\u00e9canisme de montage avec entretoises en laiton viss\u00e9es<br \/>\n&#8211; Vis de montage, \u00e9crous et rondelles n\u00e9cessaires<br \/>\n&#8211; 2x Cheville en laiton nickel\u00e9 G1\/4&Prime;<br \/>\n&#8211; EK-Loop Multi Allen Key (6 mm, 8 mm, 9 mm)<br \/>\n&#8211; Coussinets thermiques<br \/>\n&#8211; Graisse thermique EK-TIM Ectotherm (1g)<\/p>\n<p>Sp\u00e9cification technique:<br \/>\n&#8211; Dimensions : (LxHxL) &#8211; 275x124x20,5mm<br \/>\n&#8211; Longueur du c\u00e2ble D-RGB : 500 mm<br \/>\n&#8211; Nombre de LED D-RGB : 12<br \/>\n&#8211; Connecteur D-RGB standard 3 broches (+5V, Donn\u00e9es, Bloqu\u00e9, Masse)<\/p>\n<p>VEUILLEZ NOTER :<\/p>\n<p>En raison de l&rsquo;immense vari\u00e9t\u00e9 de fittings\/ardillons disponibles sur le march\u00e9, nous garantissons la compatibilit\u00e9 uniquement avec les fittings EK.<br \/>\nLes plaques arri\u00e8re d&rsquo;usine ne sont pas compatibles avec ce Waterblock !<br \/>\nV\u00e9rifiez votre bo\u00eete \u00e0 outils s&rsquo;il vous manque cet adaptateur hexagonal sp\u00e9cial pour certaines vis.<br \/>\nCe produit ne doit PAS \u00eatre install\u00e9 avec des pi\u00e8ces en aluminium Fluid Gaming !<br \/>\nL&rsquo;utilisation de liquides de refroidissement sp\u00e9cialement con\u00e7us qui contiennent de la corrosion, du tartre et des inhibiteurs biologiques est obligatoire pour \u00e9viter d&rsquo;endommager votre Waterblock nickel\u00e9 ! EK propose une s\u00e9lection de ces produits dans la section des liquides de refroidissement.<\/p>\n<p>Informations compl\u00e9mentaires<br \/>\nFiletage G1\/4&Prime;<br \/>\nFabricant de puces Nvidia GeForce<\/p>\n","protected":false},"excerpt":{"rendered":"<p>Il s&rsquo;agit du Waterblock GPU Vector de 2e g\u00e9n\u00e9ration de la gamme EK\u00ae Quantum, con\u00e7u pour les cartes graphiques EVGA\u00ae XC3 RTX 3080 et 3090 bas\u00e9es sur la derni\u00e8re architecture NVIDIA\u00ae Ampere\u2122. La liste de compatibilit\u00e9 n&rsquo;est pas d\u00e9finitive et la compatibilit\u00e9 d&rsquo;autres cartes graphiques EVGA 3080 et 3090 pourrait \u00eatre confirm\u00e9e dans les jours [&hellip;]<\/p>\n","protected":false},"featured_media":5828,"template":"","meta":{"_genesis_hide_title":false,"_genesis_hide_breadcrumbs":false,"_genesis_hide_singular_image":false,"_genesis_hide_footer_widgets":false,"_genesis_custom_body_class":"","_genesis_custom_post_class":"","_genesis_layout":""},"product_brand":[],"product_cat":[39,57,38],"product_tag":[],"class_list":{"0":"post-5827","1":"product","2":"type-product","3":"status-publish","4":"has-post-thumbnail","6":"product_cat-gpu-nvidia","7":"product_cat-serie-3000","8":"product_cat-gpu-waterblock","9":"entry","11":"first","12":"instock","13":"taxable","14":"shipping-taxable","15":"purchasable","16":"product-type-simple"},"_links":{"self":[{"href":"https:\/\/proliquidpc.com\/fr\/wp-json\/wp\/v2\/product\/5827","targetHints":{"allow":["GET"]}}],"collection":[{"href":"https:\/\/proliquidpc.com\/fr\/wp-json\/wp\/v2\/product"}],"about":[{"href":"https:\/\/proliquidpc.com\/fr\/wp-json\/wp\/v2\/types\/product"}],"wp:featuredmedia":[{"embeddable":true,"href":"https:\/\/proliquidpc.com\/fr\/wp-json\/wp\/v2\/media\/5828"}],"wp:attachment":[{"href":"https:\/\/proliquidpc.com\/fr\/wp-json\/wp\/v2\/media?parent=5827"}],"wp:term":[{"taxonomy":"product_brand","embeddable":true,"href":"https:\/\/proliquidpc.com\/fr\/wp-json\/wp\/v2\/product_brand?post=5827"},{"taxonomy":"product_cat","embeddable":true,"href":"https:\/\/proliquidpc.com\/fr\/wp-json\/wp\/v2\/product_cat?post=5827"},{"taxonomy":"product_tag","embeddable":true,"href":"https:\/\/proliquidpc.com\/fr\/wp-json\/wp\/v2\/product_tag?post=5827"}],"curies":[{"name":"wp","href":"https:\/\/api.w.org\/{rel}","templated":true}]}}