{"id":5839,"date":"2024-10-30T16:28:53","date_gmt":"2024-10-30T20:28:53","guid":{"rendered":"https:\/\/dev.proliquidpc.com\/boutique\/non%20class\u00e9\/ek-quantum-torque-rotary-offset-7-nickel\/"},"modified":"2025-01-19T16:23:26","modified_gmt":"2025-01-19T21:23:26","slug":"ek-quantum-torque-rotary-offset-7-nickel","status":"publish","type":"product","link":"https:\/\/proliquidpc.com\/fr\/boutique\/fittings\/45-90-190\/ek-quantum-torque-rotary-offset-7-nickel\/","title":{"rendered":"EK-Quantum Torque Rotary Offset 7 &#8211; Nickel"},"content":{"rendered":"<p>EK-Quantum Torque Rotary Offset 7 &#8211; Nickel est un fitting d\u2019adaptation d\u00e9cal\u00e9 filet\u00e9 m\u00e2le+femelle rotatif de qualit\u00e9 sup\u00e9rieure. Il est couramment utilis\u00e9 pour distancer ou d\u00e9caler les ports G1\/4&Prime; dans des espaces restreints ou pour aligner parfaitement les tubes durs sur un autre port afin d\u2019avoir des tubes parall\u00e8les esth\u00e9tiquement agr\u00e9ables. D\u2019un point de vue esth\u00e9tique, il s\u2019accorde parfaitement avec les fittings et adaptateurs de la s\u00e9rie EK-Quantum Torque.<\/p>\n<p>fittings d&rsquo;extension tournantes de la s\u00e9rie de fittings EK-Quantum Torque<\/p>\n<p>Fabriqu\u00e9 en laiton nickel\u00e9 usin\u00e9 CNC. Scell\u00e9 avec des joints toriques EPDM de qualit\u00e9. Ces fittings d\u2019adaptateur de d\u00e9calage sont rotatifs et peuvent \u00eatre tourn\u00e9s autour de leur axe \u00e0 360 degr\u00e9s pour affiner et trouver le positionnement exact requis.<\/p>\n<p>Les produits de la s\u00e9rie EK-Quantum Torque ont re\u00e7u le prestigieux iF Design Award. Une esth\u00e9tique robuste et industrielle distingue la famille Torque en mettant en valeur les processus de fabrication pr\u00e9cis utilis\u00e9s pour les cr\u00e9er. De plus, les passionn\u00e9s peuvent ajouter un anneau de couleur unique pour donner un accent personnel \u00e0 la ligne d\u2019ajustement. La famille de fittings Torque offre un syst\u00e8me s\u00fbr et modulaire de connexions entre les composants de refroidissement liquide et les tubes au sein d\u2019un PC. Les produits de la s\u00e9rie Quantum Torque couvrent les adaptateurs coud\u00e9s, les fittings d&rsquo;extension rotatives et statiques, les s\u00e9parateurs, les bouchons G1\/4&Prime;, les Valves de vidange, les fittings et bien plus encore.<\/p>\n<p>Caract\u00e9ristiques techniques :<\/p>\n<p>Filetage : 2 x G1\/4&Prime; (M\u00e2le &#8211; Femelle)<br \/>\nLongueur du filetage : 4,5 mm<br \/>\nMat\u00e9riau : Laiton<br \/>\nHauteur install\u00e9e : 21 mm<br \/>\nFinition : Nickel<br \/>\nD\u00e9calage : 7 mm<\/p>\n<p>VEUILLEZ NOTER :<\/p>\n<p>Ce produit ne doit PAS \u00eatre install\u00e9 avec des pi\u00e8ces en aluminium Fluid Gaming !<\/p>\n","protected":false},"excerpt":{"rendered":"<p>EK-Quantum Torque Rotary Offset 7 &#8211; Nickel est un fitting d\u2019adaptation d\u00e9cal\u00e9 filet\u00e9 m\u00e2le+femelle rotatif de qualit\u00e9 sup\u00e9rieure. Il est couramment utilis\u00e9 pour distancer ou d\u00e9caler les ports G1\/4&Prime; dans des espaces restreints ou pour aligner parfaitement les tubes durs sur un autre port afin d\u2019avoir des tubes parall\u00e8les esth\u00e9tiquement agr\u00e9ables. D\u2019un point de vue [&hellip;]<\/p>\n","protected":false},"featured_media":5840,"template":"","meta":{"_genesis_hide_title":false,"_genesis_hide_breadcrumbs":false,"_genesis_hide_singular_image":false,"_genesis_hide_footer_widgets":false,"_genesis_custom_body_class":"","_genesis_custom_post_class":"","_genesis_layout":""},"product_brand":[],"product_cat":[45,29],"product_tag":[],"class_list":{"0":"post-5839","1":"product","2":"type-product","3":"status-publish","4":"has-post-thumbnail","6":"product_cat-45-90-190","7":"product_cat-fittings","8":"entry","10":"first","11":"instock","12":"taxable","13":"shipping-taxable","14":"purchasable","15":"product-type-simple"},"_links":{"self":[{"href":"https:\/\/proliquidpc.com\/fr\/wp-json\/wp\/v2\/product\/5839","targetHints":{"allow":["GET"]}}],"collection":[{"href":"https:\/\/proliquidpc.com\/fr\/wp-json\/wp\/v2\/product"}],"about":[{"href":"https:\/\/proliquidpc.com\/fr\/wp-json\/wp\/v2\/types\/product"}],"wp:featuredmedia":[{"embeddable":true,"href":"https:\/\/proliquidpc.com\/fr\/wp-json\/wp\/v2\/media\/5840"}],"wp:attachment":[{"href":"https:\/\/proliquidpc.com\/fr\/wp-json\/wp\/v2\/media?parent=5839"}],"wp:term":[{"taxonomy":"product_brand","embeddable":true,"href":"https:\/\/proliquidpc.com\/fr\/wp-json\/wp\/v2\/product_brand?post=5839"},{"taxonomy":"product_cat","embeddable":true,"href":"https:\/\/proliquidpc.com\/fr\/wp-json\/wp\/v2\/product_cat?post=5839"},{"taxonomy":"product_tag","embeddable":true,"href":"https:\/\/proliquidpc.com\/fr\/wp-json\/wp\/v2\/product_tag?post=5839"}],"curies":[{"name":"wp","href":"https:\/\/api.w.org\/{rel}","templated":true}]}}