{"id":5884,"date":"2024-10-30T16:28:53","date_gmt":"2024-10-30T20:28:53","guid":{"rendered":"https:\/\/dev.proliquidpc.com\/boutique\/non%20class\u00e9\/ek-quantum-vector-trinity-rtx-3080-3090-backplate-noir\/"},"modified":"2025-01-19T16:23:47","modified_gmt":"2025-01-19T21:23:47","slug":"ek-quantum-vector-trinity-rtx-3080-3090-backplate-noir","status":"publish","type":"product","link":"https:\/\/proliquidpc.com\/fr\/boutique\/gpu-waterblock\/gpu-nvidia\/serie-3000\/ek-quantum-vector-trinity-rtx-3080-3090-backplate-noir\/","title":{"rendered":"EK-Quantum Vector Trinity RTX 3080\/3090 backplate &#8211; Noir"},"content":{"rendered":"<p>D\u00e9tails<br \/>\nEK-Quantum Vector RTX 3080\/3090 Backplate &#8211; Noir est une backplate de r\u00e9tention usin\u00e9e CNC en aluminium anodis\u00e9 noir, qui s\u2019adapte \u00e0 tous les blocs d\u2019eau EK-Quantum Vector RTX 3080\/3090.<\/p>\n<p>La backplate couvre toute la longueur du circuit imprim\u00e9 de la carte graphique, sert d\u2019add-on esth\u00e9tique et fournit \u00e9galement un refroidissement passif pour l\u2019arri\u00e8re du module de r\u00e9gulation de tension (VRM), le c\u0153ur du GPU et la VRAM sur les cartes 3090.<\/p>\n<p>Ci-joint:<br \/>\n&#8211; backplate EK-Quantum Vector RTX 3080\/3090 &#8211; Noir<br \/>\n&#8211; M\u00e9canisme de montage (les vis de la backplate sont de l\u2019autre c\u00f4t\u00e9 &#8211; compartiment s\u00e9par\u00e9)*<br \/>\n&#8211; Coussinets thermiques<\/p>\n<p>Informations compl\u00e9mentaires<br \/>\nMat\u00e9riau \/ Design \/ Option de couleur Noir<br \/>\nFabricant de puces Nvidia GeForce<\/p>\n","protected":false},"excerpt":{"rendered":"<p>D\u00e9tails EK-Quantum Vector RTX 3080\/3090 Backplate &#8211; Noir est une backplate de r\u00e9tention usin\u00e9e CNC en aluminium anodis\u00e9 noir, qui s\u2019adapte \u00e0 tous les blocs d\u2019eau EK-Quantum Vector RTX 3080\/3090. La backplate couvre toute la longueur du circuit imprim\u00e9 de la carte graphique, sert d\u2019add-on esth\u00e9tique et fournit \u00e9galement un refroidissement passif pour l\u2019arri\u00e8re du [&hellip;]<\/p>\n","protected":false},"featured_media":5885,"template":"","meta":{"_genesis_hide_title":false,"_genesis_hide_breadcrumbs":false,"_genesis_hide_singular_image":false,"_genesis_hide_footer_widgets":false,"_genesis_custom_body_class":"","_genesis_custom_post_class":"","_genesis_layout":""},"product_brand":[],"product_cat":[39,57,38],"product_tag":[],"class_list":{"0":"post-5884","1":"product","2":"type-product","3":"status-publish","4":"has-post-thumbnail","6":"product_cat-gpu-nvidia","7":"product_cat-serie-3000","8":"product_cat-gpu-waterblock","9":"entry","11":"first","12":"instock","13":"taxable","14":"shipping-taxable","15":"purchasable","16":"product-type-simple"},"_links":{"self":[{"href":"https:\/\/proliquidpc.com\/fr\/wp-json\/wp\/v2\/product\/5884","targetHints":{"allow":["GET"]}}],"collection":[{"href":"https:\/\/proliquidpc.com\/fr\/wp-json\/wp\/v2\/product"}],"about":[{"href":"https:\/\/proliquidpc.com\/fr\/wp-json\/wp\/v2\/types\/product"}],"wp:featuredmedia":[{"embeddable":true,"href":"https:\/\/proliquidpc.com\/fr\/wp-json\/wp\/v2\/media\/5885"}],"wp:attachment":[{"href":"https:\/\/proliquidpc.com\/fr\/wp-json\/wp\/v2\/media?parent=5884"}],"wp:term":[{"taxonomy":"product_brand","embeddable":true,"href":"https:\/\/proliquidpc.com\/fr\/wp-json\/wp\/v2\/product_brand?post=5884"},{"taxonomy":"product_cat","embeddable":true,"href":"https:\/\/proliquidpc.com\/fr\/wp-json\/wp\/v2\/product_cat?post=5884"},{"taxonomy":"product_tag","embeddable":true,"href":"https:\/\/proliquidpc.com\/fr\/wp-json\/wp\/v2\/product_tag?post=5884"}],"curies":[{"name":"wp","href":"https:\/\/api.w.org\/{rel}","templated":true}]}}