{"id":5891,"date":"2024-10-30T16:28:53","date_gmt":"2024-10-30T20:28:53","guid":{"rendered":"https:\/\/dev.proliquidpc.com\/boutique\/non%20class\u00e9\/ek-classic-gpu-backplate-strix-rtx-3070-3080-3090-noir\/"},"modified":"2025-01-19T16:23:50","modified_gmt":"2025-01-19T21:23:50","slug":"ek-classic-gpu-backplate-strix-rtx-3070-3080-3090-noir","status":"publish","type":"product","link":"https:\/\/proliquidpc.com\/fr\/boutique\/gpu-waterblock\/gpu-nvidia\/serie-3000\/ek-classic-gpu-backplate-strix-rtx-3070-3080-3090-noir\/","title":{"rendered":"EK-Classic GPU Backplate Strix RTX 3070\/3080\/3090 &#8211; Noir"},"content":{"rendered":"<p>D\u00e9tails<br \/>\nEK-Classic GPU Backplate Strix RTX 3070\/3080\/3090 \u2013 Black est une backplate de r\u00e9tention usin\u00e9e CNC \u00e0 partir d\u2019aluminium anodis\u00e9 noir et est con\u00e7ue pour EK-Classic GPU Water Block Strix RTX 3080\/3090 D-RGB et EK-Classic GPU Water Block Strix RTX 3070 D-RGB.<\/p>\n<p>Cette backplate couvre toute la longueur du circuit imprim\u00e9 de la carte graphique, sert d\u2019add-on esth\u00e9tique et fournit un refroidissement passif suppl\u00e9mentaire pour le c\u0153ur du GPU, la VRAM sur les cartes 3090 et l\u2019arri\u00e8re de la section VRM de la carte de circuit imprim\u00e9. <\/p>\n<p>Ci-joint:<br \/>\n&#8211; backplate GPU EK-Classic Strix RTX 3070\/3080\/3090 &#8211; Noir<\/p>\n<p>VEUILLEZ NOTER :<\/p>\n<p>La backplate ne sert pas d\u2019unit\u00e9 autonome et est compatible avec le EK-Classic GPU Water Block Strix RTX 3080\/3090 D-RGB.<br \/>\nV\u00e9rifiez votre bo\u00eete \u00e0 outils s\u2019il vous manque cet adaptateur hexagonal sp\u00e9cial pour certaines vis.<br \/>\nLes vis de la backplate se trouvent dans le compartiment sp\u00e9cial \u00e0 l\u2019int\u00e9rieur de la bo\u00eete.<br \/>\nInformations compl\u00e9mentaires<br \/>\nMat\u00e9riau \/ Design \/ Option de couleur Noir<br \/>\nFiletages G1\/4&Prime;<br \/>\nFabricant de puces Nvidia GeForce<\/p>\n","protected":false},"excerpt":{"rendered":"<p>D\u00e9tails EK-Classic GPU Backplate Strix RTX 3070\/3080\/3090 \u2013 Black est une backplate de r\u00e9tention usin\u00e9e CNC \u00e0 partir d\u2019aluminium anodis\u00e9 noir et est con\u00e7ue pour EK-Classic GPU Water Block Strix RTX 3080\/3090 D-RGB et EK-Classic GPU Water Block Strix RTX 3070 D-RGB. Cette backplate couvre toute la longueur du circuit imprim\u00e9 de la carte graphique, [&hellip;]<\/p>\n","protected":false},"featured_media":5892,"template":"","meta":{"_genesis_hide_title":false,"_genesis_hide_breadcrumbs":false,"_genesis_hide_singular_image":false,"_genesis_hide_footer_widgets":false,"_genesis_custom_body_class":"","_genesis_custom_post_class":"","_genesis_layout":""},"product_brand":[],"product_cat":[39,57,38],"product_tag":[],"class_list":{"0":"post-5891","1":"product","2":"type-product","3":"status-publish","4":"has-post-thumbnail","6":"product_cat-gpu-nvidia","7":"product_cat-serie-3000","8":"product_cat-gpu-waterblock","9":"entry","11":"first","12":"instock","13":"taxable","14":"shipping-taxable","15":"purchasable","16":"product-type-simple"},"_links":{"self":[{"href":"https:\/\/proliquidpc.com\/fr\/wp-json\/wp\/v2\/product\/5891","targetHints":{"allow":["GET"]}}],"collection":[{"href":"https:\/\/proliquidpc.com\/fr\/wp-json\/wp\/v2\/product"}],"about":[{"href":"https:\/\/proliquidpc.com\/fr\/wp-json\/wp\/v2\/types\/product"}],"wp:featuredmedia":[{"embeddable":true,"href":"https:\/\/proliquidpc.com\/fr\/wp-json\/wp\/v2\/media\/5892"}],"wp:attachment":[{"href":"https:\/\/proliquidpc.com\/fr\/wp-json\/wp\/v2\/media?parent=5891"}],"wp:term":[{"taxonomy":"product_brand","embeddable":true,"href":"https:\/\/proliquidpc.com\/fr\/wp-json\/wp\/v2\/product_brand?post=5891"},{"taxonomy":"product_cat","embeddable":true,"href":"https:\/\/proliquidpc.com\/fr\/wp-json\/wp\/v2\/product_cat?post=5891"},{"taxonomy":"product_tag","embeddable":true,"href":"https:\/\/proliquidpc.com\/fr\/wp-json\/wp\/v2\/product_tag?post=5891"}],"curies":[{"name":"wp","href":"https:\/\/api.w.org\/{rel}","templated":true}]}}