{"id":5898,"date":"2024-10-30T16:30:16","date_gmt":"2024-10-30T20:30:16","guid":{"rendered":"https:\/\/dev.proliquidpc.com\/boutique\/non%20class\u00e9\/ek-loop-hard-tubing-14mm-500mm-acrylique-2pcs\/"},"modified":"2025-02-15T03:50:41","modified_gmt":"2025-02-15T08:50:41","slug":"ek-loop-hard-tubing-14mm-500mm-acrylique-2pcs","status":"publish","type":"product","link":"https:\/\/proliquidpc.com\/fr\/boutique\/tubing\/hard-tubing-acrylique-pmma\/ek-loop-hard-tubing-14mm-500mm-acrylique-2pcs\/","title":{"rendered":"EK-Loop Hard tubing 14mm 500mm &#8211; Acrylique (2pcs)"},"content":{"rendered":"<p>EK-Loop Hard Tube est un type solide de tube en acrylique extrud\u00e9 destin\u00e9 \u00e0 \u00eatre utilis\u00e9 avec les adaptateurs enfichables EK-HD et les fittings \u00e0 compression de la s\u00e9rie EK-HDC. Le tube peut \u00eatre trait\u00e9 thermiquement pour r\u00e9aliser certaines courbures. R\u00e9serv\u00e9 aux utilisateurs experts !<\/p>\n<p>Il est obligatoire de chanfreiner les bords du tube fra\u00eechement coup\u00e9 afin d\u2019\u00e9viter d\u2019endommager le joint (joint torique). EK recommande un chanfrein de 0,5 mm x 45\u00b0.<\/p>\n<p>Caract\u00e9ristiques techniques :<br \/>\n&#8211; Mat\u00e9riau : Acrylique extrud\u00e9<br \/>\n&#8211; Diam\u00e8tre int\u00e9rieur : 10 mm<br \/>\n&#8211; Diam\u00e8tre ext\u00e9rieur : 14 mm<br \/>\n&#8211; Longueur : 2x 500 mm (19,5&Prime;)<\/p>\n<p>L\u2019emballage contient uniquement 2 morceaux du tube. Veuillez acheter l\u2019adaptateur EK-HD ou les fittings \u00e0 compression EK-HDC s\u00e9par\u00e9ment !<\/p>\n<p>Pour une installation plus facile, nous vous recommandons de mouiller le joint (joint torique) avec des gouttes d\u2019eau avant d\u2019installer les tubes solides.<\/p>\n","protected":false},"excerpt":{"rendered":"<p>EK-Loop Hard Tube est un type solide de tube en acrylique extrud\u00e9 destin\u00e9 \u00e0 \u00eatre utilis\u00e9 avec les adaptateurs enfichables EK-HD et les fittings \u00e0 compression de la s\u00e9rie EK-HDC. Le tube peut \u00eatre trait\u00e9 thermiquement pour r\u00e9aliser certaines courbures. R\u00e9serv\u00e9 aux utilisateurs experts ! Il est obligatoire de chanfreiner les bords du tube fra\u00eechement [&hellip;]<\/p>\n","protected":false},"featured_media":5899,"template":"","meta":{"_genesis_hide_title":false,"_genesis_hide_breadcrumbs":false,"_genesis_hide_singular_image":false,"_genesis_hide_footer_widgets":false,"_genesis_custom_body_class":"","_genesis_custom_post_class":"","_genesis_layout":""},"product_brand":[],"product_cat":[76,27],"product_tag":[],"class_list":{"0":"post-5898","1":"product","2":"type-product","3":"status-publish","4":"has-post-thumbnail","6":"product_cat-hard-tubing-acrylique-pmma","7":"product_cat-tubing","8":"entry","10":"first","11":"instock","12":"taxable","13":"shipping-taxable","14":"purchasable","15":"product-type-simple"},"_links":{"self":[{"href":"https:\/\/proliquidpc.com\/fr\/wp-json\/wp\/v2\/product\/5898","targetHints":{"allow":["GET"]}}],"collection":[{"href":"https:\/\/proliquidpc.com\/fr\/wp-json\/wp\/v2\/product"}],"about":[{"href":"https:\/\/proliquidpc.com\/fr\/wp-json\/wp\/v2\/types\/product"}],"wp:featuredmedia":[{"embeddable":true,"href":"https:\/\/proliquidpc.com\/fr\/wp-json\/wp\/v2\/media\/5899"}],"wp:attachment":[{"href":"https:\/\/proliquidpc.com\/fr\/wp-json\/wp\/v2\/media?parent=5898"}],"wp:term":[{"taxonomy":"product_brand","embeddable":true,"href":"https:\/\/proliquidpc.com\/fr\/wp-json\/wp\/v2\/product_brand?post=5898"},{"taxonomy":"product_cat","embeddable":true,"href":"https:\/\/proliquidpc.com\/fr\/wp-json\/wp\/v2\/product_cat?post=5898"},{"taxonomy":"product_tag","embeddable":true,"href":"https:\/\/proliquidpc.com\/fr\/wp-json\/wp\/v2\/product_tag?post=5898"}],"curies":[{"name":"wp","href":"https:\/\/api.w.org\/{rel}","templated":true}]}}