{"id":5901,"date":"2024-10-30T16:30:16","date_gmt":"2024-10-30T20:30:16","guid":{"rendered":"https:\/\/dev.proliquidpc.com\/boutique\/non%20class\u00e9\/ek-quantum-velocity-d-rgb-amd-entierement-nickel\/"},"modified":"2025-06-26T03:38:23","modified_gmt":"2025-06-26T07:38:23","slug":"ek-quantum-velocity-d-rgb-amd-entierement-nickel","status":"publish","type":"product","link":"https:\/\/proliquidpc.com\/fr\/boutique\/cpu-waterblock\/cpu-amd\/ek-quantum-velocity-d-rgb-amd-entierement-nickel\/","title":{"rendered":"EK-Quantum Velocity D-RGB AMD &#8211; Enti\u00e8rement nickel"},"content":{"rendered":"<p>EK-Quantum Velocity D-RGB AMD est le Waterblock CPU haute performance de qualit\u00e9 sup\u00e9rieure pour les processeurs AMD modernes. Il pr\u00e9sente un design qui permettra un grand nombre de variations et d&rsquo;options pour les passionn\u00e9s et les utilisateurs exigeants.<\/p>\n<p>Les blocs d&rsquo;eau CPU de la s\u00e9rie EK Quantum Velocity int\u00e8grent la 5e g\u00e9n\u00e9ration du moteur de refroidissement par Waterblock EK CPU prim\u00e9, encore am\u00e9lior\u00e9 pour des performances et un d\u00e9bit optimal du liquide de refroidissement. La faible restriction de d\u00e9bit hydraulique permet \u00e0 ce produit d&rsquo;\u00eatre utilis\u00e9 dans des configurations utilisant des pompes \u00e0 eau plus faibles ou des vitesses de pompe plus basses pour un fonctionnement silencieux suppl\u00e9mentaire, tout en atteignant des performances optimales ! Le Waterblock est \u00e9galement livr\u00e9 avec un \u00e9clairage RGB adressable. Le logo D-RGB EK \u00e9clair\u00e9 se connecte \u00e0 un en-t\u00eate D-RGB standard 3 broches 5V sur la carte m\u00e8re.<\/p>\n<p>EK-Velocity RGB AMD enti\u00e8rement nickel<br \/>\nLe cuivre le plus pur disponible sur le march\u00e9 est utilis\u00e9 pour la plaque froide EK-Quantum Velocity, qui est usin\u00e9e avec pr\u00e9cision en une structure dense de micro-ailettes. La surface de contact elle-m\u00eame est polie \u00e0 la machine pour un meilleur contact avec le CPU IHS. Cette version du Waterblock est dot\u00e9e d&rsquo;une plaque froide nickel\u00e9e et d&rsquo;une pi\u00e8ce sup\u00e9rieure en cuivre nickel\u00e9 usin\u00e9 CNC. Le nouveau moteur de refroidissement se caract\u00e9rise par la buse de jet int\u00e9gr\u00e9e sur le dessus qui est combin\u00e9e \u00e0 une plaque de jet plus \u00e9paisse permettant un contr\u00f4le plus pr\u00e9cis de l&rsquo;arc. La structure simplifi\u00e9e du Waterblock offre un d\u00e9bit de liquide de refroidissement plus optimis\u00e9 et un entretien plus facile.<\/p>\n<p>Le bloc est \u00e9quip\u00e9 d&rsquo;un support de maintien renforc\u00e9, et le kit de montage fourni comprend toutes les vis de montage n\u00e9cessaires, des ressorts de montage, une backplate AMD AM4, un joint de backplate en caoutchouc et un petit tube de p\u00e2te thermique haute performance Thermal Grizzly Hydronaut. Le Waterblock du processeur EK-Quantum Velocity est dot\u00e9 d&rsquo;un m\u00e9canisme de montage universel qui permet une installation sans outil et pr\u00e9ventive des erreurs prenant en charge les sockets AMD AM4 pr\u00eats \u00e0 l&#8217;emploi. Les vis de montage sont profil\u00e9es et sont encore plus petites qu&rsquo;auparavant pour une perfection esth\u00e9tique suppl\u00e9mentaire.<\/p>\n<p>Compatibilit\u00e9 Velocity RGB<br \/>\nCe produit est compatible avec toutes les technologies de synchronisation D-RGB populaires de tous les principaux fabricants de cartes m\u00e8res. Le marquage fl\u00e9ch\u00e9 sur le connecteur LED \u00e0 3 broches doit \u00eatre align\u00e9 avec le marquage +5V sur l&rsquo;en-t\u00eate RVB adressable. <\/p>\n<p>Caract\u00e9ristiques techniques :<br \/>\n&#8211; Longueur du c\u00e2ble D-RGB : 30 cm<br \/>\n&#8211; Connecteur D-RGB classique 3 broches (12+ G R B)<\/p>\n<p>Compatibilit\u00e9 avec les sockets du processeur :<br \/>\n&#8211; AMD AM4 (+5 V, donn\u00e9es, bloqu\u00e9, masse)<\/p>\n<p>Compatibilit\u00e9 du Waterblock EK-Velocity AMD <\/p>\n<p>Ci-joint:<br \/>\n&#8211; Waterblock CPU EK-Quantum Velocity<br \/>\n&#8211; M\u00e9canisme de montage universel du processeur PreciseMount<br \/>\n&#8211; backplate EK-Quantum Velocity<br \/>\n&#8211; Cl\u00e9 Allen de 2,5 mm<br \/>\n&#8211; Jet J2 (0,8 mm* d&rsquo;\u00e9paisseur)<br \/>\n&#8211; Graisse thermique Thermal Grizzly Hydronaut (1g)<\/p>\n<p>VEUILLEZ NOTER :<\/p>\n<p>Ce produit ne doit PAS \u00eatre install\u00e9 avec des pi\u00e8ces en aluminium EK Fluid Gaming !<br \/>\nL&rsquo;utilisation de liquides de refroidissement sp\u00e9cialement con\u00e7us qui contiennent de la corrosion, du tartre et des inhibiteurs biologiques est obligatoire pour \u00e9viter d&rsquo;endommager votre Waterblock nickel\u00e9 ! EK propose une s\u00e9lection de ces produits dans la section des liquides de refroidissement.<br \/>\nLe marquage fl\u00e9ch\u00e9 sur le connecteur LED adressable \u00e0 3 broches doit \u00eatre align\u00e9 avec le marquage +5V sur l&rsquo;en-t\u00eate D-RGB.<br \/>\nInformations compl\u00e9mentaires<br \/>\nOption Mat\u00e9riau \/ Design \/ Couleur Enti\u00e8rement nickel<br \/>\nFiletage G1\/4&Prime;<br \/>\nPrises AMD\u00a0\u00bb<\/p>\n","protected":false},"excerpt":{"rendered":"<p>EK-Quantum Velocity D-RGB AMD est le Waterblock CPU haute performance de qualit\u00e9 sup\u00e9rieure pour les processeurs AMD modernes. Il pr\u00e9sente un design qui permettra un grand nombre de variations et d&rsquo;options pour les passionn\u00e9s et les utilisateurs exigeants. Les blocs d&rsquo;eau CPU de la s\u00e9rie EK Quantum Velocity int\u00e8grent la 5e g\u00e9n\u00e9ration du moteur de [&hellip;]<\/p>\n","protected":false},"featured_media":5902,"template":"","meta":{"_genesis_hide_title":false,"_genesis_hide_breadcrumbs":false,"_genesis_hide_singular_image":false,"_genesis_hide_footer_widgets":false,"_genesis_custom_body_class":"","_genesis_custom_post_class":"","_genesis_layout":""},"product_brand":[],"product_cat":[37,36],"product_tag":[],"class_list":{"0":"post-5901","1":"product","2":"type-product","3":"status-publish","4":"has-post-thumbnail","6":"product_cat-cpu-amd","7":"product_cat-cpu-waterblock","8":"entry","10":"first","11":"instock","12":"taxable","13":"shipping-taxable","14":"purchasable","15":"product-type-simple"},"_links":{"self":[{"href":"https:\/\/proliquidpc.com\/fr\/wp-json\/wp\/v2\/product\/5901","targetHints":{"allow":["GET"]}}],"collection":[{"href":"https:\/\/proliquidpc.com\/fr\/wp-json\/wp\/v2\/product"}],"about":[{"href":"https:\/\/proliquidpc.com\/fr\/wp-json\/wp\/v2\/types\/product"}],"wp:featuredmedia":[{"embeddable":true,"href":"https:\/\/proliquidpc.com\/fr\/wp-json\/wp\/v2\/media\/5902"}],"wp:attachment":[{"href":"https:\/\/proliquidpc.com\/fr\/wp-json\/wp\/v2\/media?parent=5901"}],"wp:term":[{"taxonomy":"product_brand","embeddable":true,"href":"https:\/\/proliquidpc.com\/fr\/wp-json\/wp\/v2\/product_brand?post=5901"},{"taxonomy":"product_cat","embeddable":true,"href":"https:\/\/proliquidpc.com\/fr\/wp-json\/wp\/v2\/product_cat?post=5901"},{"taxonomy":"product_tag","embeddable":true,"href":"https:\/\/proliquidpc.com\/fr\/wp-json\/wp\/v2\/product_tag?post=5901"}],"curies":[{"name":"wp","href":"https:\/\/api.w.org\/{rel}","templated":true}]}}