{"id":5910,"date":"2024-10-30T16:30:16","date_gmt":"2024-10-30T20:30:16","guid":{"rendered":"https:\/\/dev.proliquidpc.com\/boutique\/non%20class\u00e9\/ek-quantum-surface-s360-noir\/"},"modified":"2025-01-19T16:24:00","modified_gmt":"2025-01-19T21:24:00","slug":"ek-quantum-surface-s360-noir","status":"publish","type":"product","link":"https:\/\/proliquidpc.com\/fr\/boutique\/radiateurs\/360mm\/ek-quantum-surface-s360-noir\/","title":{"rendered":"EK-Quantum Surface S360 &#8211; Noir"},"content":{"rendered":"<p>Avec une \u00e9paisseur de seulement 30 mm, les radiateurs de surface de la s\u00e9rie EK-Quantum S sont id\u00e9aux pour les bo\u00eetiers \u00e0 espace restreint. Malgr\u00e9 leur \u00e9paisseur r\u00e9duite, ils offrent des performances exceptionnelles \u00e0 des vitesses de ventilateur tr\u00e8s faibles et moyennes. Un total de 16 tubes en cuivre de 2 mm de large sur toute la longueur du radiateur assurent un d\u00e9bit optimal du liquide de refroidissement, sans exercer de pression sur votre boucle de refroidissement. Les ailettes en cuivre sans persiennes de haute qualit\u00e9 avec une densit\u00e9 de 20 FPI offrent le meilleur \u00e9quilibre entre le transfert thermique et la r\u00e9sistance \u00e0 l\u2019air pour des performances optimales m\u00eame en cas de fonctionnement du ventilateur \u00e0 basse vitesse. Une configuration Push\/Pull sur un radiateur de surface EK-Quantum de la s\u00e9rie S n\u2019est pas quelque chose qu\u2019EK recommanderait car elle n\u2019apportera pas une augmentation proportionnelle des performances. Si vous avez besoin de plus de puissance de refroidissement, l\u2019ajout de radiateurs suppl\u00e9mentaires est la solution. <\/p>\n<p>Nouveau et am\u00e9lior\u00e9<br \/>\nLe radiateur de la s\u00e9rie EK-Quantum Surface S maximise les performances en utilisant un nouveau noyau de radiateur. Si l\u2019on compare les performances d\u2019un c\u0153ur \u00e0 l\u2019autre, le radiateur Surface S est jusqu\u2019\u00e0 20 % plus performant que son pr\u00e9d\u00e9cesseur, le CoolStream SE, en raison de sa structure d\u2019ailettes am\u00e9lior\u00e9e et de son noyau optimis\u00e9. <\/p>\n<p>EK-Quantum-Surface-20-FPI-Fin-Gros plan<\/p>\n<p>Les radiateurs haut de gamme EK-Quantum Surface sont le fruit d\u2019ann\u00e9es de d\u00e9veloppement et d\u2019\u00e9tudes de march\u00e9 pour fournir le meilleur produit que le march\u00e9 exige de toutes les mani\u00e8res possibles. La finition des mat\u00e9riaux, la rigidit\u00e9 m\u00e9canique et les performances ont \u00e9t\u00e9 port\u00e9es \u00e0 un autre niveau. Comme tous les autres produits Quantum Line, les tout nouveaux radiateurs Surface d\u2019EK apportent de nombreuses am\u00e9liorations de performances, notamment les performances thermiques, la restriction du d\u00e9bit de liquide de refroidissement et la restriction du flux d\u2019air.<\/p>\n<p>Avec les vis fournies, ce radiateur est compatible avec les ventilateurs de 120 mm d\u2019une \u00e9paisseur standard de 25 mm. EK recommande d\u2019utiliser des ventilateurs EK ou similaires avec des cadres \u00e0 bords scell\u00e9s. Cette forme carr\u00e9e classique mais efficace du carter du ventilateur offre des performances optimales en r\u00e9gime de traction (aspiration) ou de pouss\u00e9e (pression) sans aucune perte hydraulique, assurant ainsi la capacit\u00e9 de refroidissement optimale de vos radiateurs de refroidissement liquide.  <\/p>\n<p>EK-Quantum-Surface-Silver-End-Cover-S-Series<\/p>\n<p>Des embouts \u00e9pais en aluminium extrud\u00e9 avec une finition argent\u00e9e contrastante donnent au radiateur un aspect et une sensation haut de gamme. Ils recouvrent les composants internes et assemblent les plaques lat\u00e9rales press\u00e9es par estampage, cr\u00e9ant ainsi une structure rigide agr\u00e9able \u00e0 manipuler. Les plaques lat\u00e9rales en acier inoxydable sont recouvertes d\u2019une peinture noire semi-brillante durable, tandis que les ailettes elles-m\u00eames ont un rev\u00eatement noir mat sp\u00e9cial avec un coefficient de conductivit\u00e9 thermique \u00e9lev\u00e9. <\/p>\n<p>Vis M4 \u2013 standardis\u00e9es, faciles \u00e0 trouver<br \/>\nDes vis \u00e0 t\u00eate ronde Philips M4 noires r\u00e9sistantes sont fournies pour une utilisation facile. Dans les cas d\u2019utilisation g\u00e9n\u00e9raux, EK sugg\u00e8re fortement d\u2019utiliser uniquement les vis fournies pour \u00e9viter d\u2019endommager le radiateur lui-m\u00eame. Cependant, la compatibilit\u00e9 avec les vis M4 permet aux utilisateurs de se procurer des vis plus longues si n\u00e9cessaire. Le noyau de refroidissement est con\u00e7u pour ne pas causer de dommages pr\u00e9judiciables \u00e0 l\u2019int\u00e9grit\u00e9 structurelle du radiateur, m\u00eame si le client utilise accidentellement des vis plus longues, car elles entreront en collision<\/p>\n","protected":false},"excerpt":{"rendered":"<p>Avec une \u00e9paisseur de seulement 30 mm, les radiateurs de surface de la s\u00e9rie EK-Quantum S sont id\u00e9aux pour les bo\u00eetiers \u00e0 espace restreint. Malgr\u00e9 leur \u00e9paisseur r\u00e9duite, ils offrent des performances exceptionnelles \u00e0 des vitesses de ventilateur tr\u00e8s faibles et moyennes. Un total de 16 tubes en cuivre de 2 mm de large sur [&hellip;]<\/p>\n","protected":false},"featured_media":5911,"template":"","meta":{"_genesis_hide_title":false,"_genesis_hide_breadcrumbs":false,"_genesis_hide_singular_image":false,"_genesis_hide_footer_widgets":false,"_genesis_custom_body_class":"","_genesis_custom_post_class":"","_genesis_layout":""},"product_brand":[],"product_cat":[23,33],"product_tag":[],"class_list":{"0":"post-5910","1":"product","2":"type-product","3":"status-publish","4":"has-post-thumbnail","6":"product_cat-radiateurs","7":"product_cat-360mm","8":"entry","10":"first","11":"instock","12":"taxable","13":"shipping-taxable","14":"purchasable","15":"product-type-simple"},"_links":{"self":[{"href":"https:\/\/proliquidpc.com\/fr\/wp-json\/wp\/v2\/product\/5910","targetHints":{"allow":["GET"]}}],"collection":[{"href":"https:\/\/proliquidpc.com\/fr\/wp-json\/wp\/v2\/product"}],"about":[{"href":"https:\/\/proliquidpc.com\/fr\/wp-json\/wp\/v2\/types\/product"}],"wp:featuredmedia":[{"embeddable":true,"href":"https:\/\/proliquidpc.com\/fr\/wp-json\/wp\/v2\/media\/5911"}],"wp:attachment":[{"href":"https:\/\/proliquidpc.com\/fr\/wp-json\/wp\/v2\/media?parent=5910"}],"wp:term":[{"taxonomy":"product_brand","embeddable":true,"href":"https:\/\/proliquidpc.com\/fr\/wp-json\/wp\/v2\/product_brand?post=5910"},{"taxonomy":"product_cat","embeddable":true,"href":"https:\/\/proliquidpc.com\/fr\/wp-json\/wp\/v2\/product_cat?post=5910"},{"taxonomy":"product_tag","embeddable":true,"href":"https:\/\/proliquidpc.com\/fr\/wp-json\/wp\/v2\/product_tag?post=5910"}],"curies":[{"name":"wp","href":"https:\/\/api.w.org\/{rel}","templated":true}]}}