{"id":5944,"date":"2024-10-30T16:30:16","date_gmt":"2024-10-30T20:30:16","guid":{"rendered":"https:\/\/dev.proliquidpc.com\/boutique\/non%20class\u00e9\/ek-quantum-surface-p360m-radiateur-noir\/"},"modified":"2025-01-19T16:24:05","modified_gmt":"2025-01-19T21:24:05","slug":"ek-quantum-surface-p360m-radiateur-noir","status":"publish","type":"product","link":"https:\/\/proliquidpc.com\/fr\/boutique\/radiateurs\/360mm\/ek-quantum-surface-p360m-radiateur-noir\/","title":{"rendered":"EK-Quantum Surface P360M Radiateur &#8211; Noir"},"content":{"rendered":"<p>Avec une \u00e9paisseur de 44 mm, les radiateurs de surface de la s\u00e9rie P d&rsquo;EK-Quantum sont les plus polyvalents pour un faible bruit et des performances \u00e9lev\u00e9es sur toute la plage de fonctionnement du ventilateur. \u00c9quip\u00e9 d&rsquo;un total de quatre ports de connexion filet\u00e9s G1\/4&Prime; \u00bb, il offre une polyvalence suppl\u00e9mentaire lors du processus de planification de la boucle, tandis que le cinqui\u00e8me port G1\/4&Prime; \u00bb situ\u00e9 sur le r\u00e9servoir d&rsquo;extr\u00e9mit\u00e9 est une caract\u00e9ristique irrempla\u00e7able lorsqu&rsquo;il s&rsquo;agit de vider la boucle et de purger l&rsquo;air. Un total de seize tubes en cuivre de 2 mm de large sur toute la longueur du radiateur assurent un d\u00e9bit optimal du liquide de refroidissement, sans exercer de pression sur votre boucle de refroidissement. Les ailettes en cuivre de haute qualit\u00e9 sans persiennes avec une densit\u00e9 de 18 FPI offrent le meilleur \u00e9quilibre entre le transfert thermique et la r\u00e9sistance \u00e0 l&rsquo;air, permettant des performances optimales m\u00eame en cas de fonctionnement du ventilateur \u00e0 basse vitesse. Pour maximiser les performances de refroidissement, une configuration Push\/Pull peut \u00eatre utilis\u00e9e sur n&rsquo;importe quel radiateur de surface EK-Quantum de la s\u00e9rie P.  <\/p>\n<p>Nouveau et am\u00e9lior\u00e9<br \/>\nLe radiateur de la s\u00e9rie EK-Quantum Surface P maximise les performances en utilisant un nouveau noyau de radiateur. Si l&rsquo;on compare les performances d&rsquo;un c\u0153ur \u00e0 l&rsquo;autre, le radiateur Surface P est jusqu&rsquo;\u00e0 10 % plus performant que son pr\u00e9d\u00e9cesseur, le CoolStream PE, gr\u00e2ce \u00e0 sa structure d&rsquo;ailettes am\u00e9lior\u00e9e et \u00e0 son noyau optimis\u00e9.<\/p>\n<p>EK-Quantum-Surface-18-FPI-Fin-Gros plan<\/p>\n<p>Les radiateurs haut de gamme EK-Quantum Surface sont le fruit d&rsquo;ann\u00e9es de d\u00e9veloppement et d&rsquo;\u00e9tudes de march\u00e9 pour fournir le meilleur produit que le march\u00e9 exige de toutes les mani\u00e8res possibles. La finition des mat\u00e9riaux, la rigidit\u00e9 m\u00e9canique et les performances ont \u00e9t\u00e9 port\u00e9es \u00e0 un autre niveau. Comme tous les autres produits Quantum Line, les tout nouveaux radiateurs Surface d&rsquo;EK apportent de nombreuses am\u00e9liorations de performances, notamment les performances thermiques, la restriction du d\u00e9bit de liquide de refroidissement et la restriction du flux d&rsquo;air. <\/p>\n<p>Avec les vis fournies, ce radiateur est compatible avec les ventilateurs de 120 mm d&rsquo;une \u00e9paisseur standard de 25 mm. EK recommande d&rsquo;utiliser des ventilateurs EK ou similaires avec des cadres \u00e0 bords scell\u00e9s. Cette forme carr\u00e9e classique mais efficace du carter du ventilateur offre des performances optimales en r\u00e9gime de traction (aspiration) ou de pouss\u00e9e (pression) sans aucune perte hydraulique, assurant ainsi la capacit\u00e9 de refroidissement optimale de vos radiateurs de refroidissement liquide. <\/p>\n<p>EK-Quantum-Surface-Silver-End-Cover-P-Series<\/p>\n<p>Des embouts \u00e9pais en aluminium extrud\u00e9 avec une finition argent\u00e9e contrastante donnent au radiateur un aspect et une sensation haut de gamme. Ils recouvrent les composants internes et assemblent les plaques lat\u00e9rales press\u00e9es par estampage, cr\u00e9ant ainsi une structure rigide agr\u00e9able \u00e0 manipuler. Les plaques lat\u00e9rales en acier inoxydable sont recouvertes d&rsquo;une peinture noire semi-brillante durable, tandis que les ailettes elles-m\u00eames ont un rev\u00eatement noir mat sp\u00e9cial avec un coefficient de conductivit\u00e9 thermique \u00e9lev\u00e9. <\/p>\n<p>Multiport \u2013 Le choix des ports vous appartient<br \/>\nDes fiches et des adaptateurs modulaires peuvent \u00eatre interchang\u00e9s et configur\u00e9s par l&rsquo;utilisateur pour un acheminement optimal des tubes. Ce radiateur multiport dispose de deux ports de connexion filet\u00e9s G1\/4&Prime; suppl\u00e9mentaires  sur le c\u00f4t\u00e9 et d&rsquo;un port suppl\u00e9mentaire \u00e0 l&rsquo;extr\u00e9mit\u00e9 oppos\u00e9e pour la purge d&rsquo;air.  <\/p>\n<p>EK-Quantum-Surface-Ports-P-Series-MultiPort-Noir<\/p>\n<p>Vis M4 \u2013 standardis\u00e9es, faciles \u00e0 trouver<br \/>\nDes vis \u00e0 t\u00eate ronde Philips M4 noires r\u00e9sistantes sont fournies pour une utilisation facile. Dans les cas d&rsquo;utilisation g\u00e9n\u00e9raux, EK sugg\u00e8re fortement d&rsquo;utiliser uniquement les vis fournies pour \u00e9viter d&rsquo;endommager le radiateur lui-m\u00eame. Cependant, la compatibilit\u00e9 avec les vis M4 permet aux utilisateurs de se procurer des vis plus longues si n\u00e9cessaire. Le noyau de refroidissement est con\u00e7u pour ne pas causer de dommages pr\u00e9judiciables \u00e0 l&rsquo;int\u00e9grit\u00e9 structurelle du radiateur, m\u00eame si le client utilise accidentellement des vis plus longues, car elles n&rsquo;entreront en collision qu&rsquo;avec les ailettes. <\/p>\n<p>D\u00e9montage facile &#8211; DIY Modding Dream<br \/>\nLa gamme EK-Quantum Surface a \u00e9t\u00e9 con\u00e7ue et r\u00e9alis\u00e9e comme une gamme de produits modulaires plut\u00f4t que comme des radiateurs de taille individuelle. Une telle conception permet un ajustement impeccable et une continuit\u00e9 d&rsquo;apparence tout en rendant le processus de d\u00e9montage tr\u00e8s facile et direct. R\u00e9pondre \u00e0 la communaut\u00e9 des moddeurs DIY est quelque chose qu&rsquo;EK a toujours soutenu, donc peindre et modifier votre radiateur Surface sera un jeu d&rsquo;enfant.  <\/p>\n<p>EK-Quantum-Surface-D\u00e9montage facile-DIY<\/p>\n<p>Loop Friendly &#8211; Ne vous inqui\u00e9tez pas pour votre pompe<br \/>\nLa conception de la structure interne des radiateurs a \u00e9t\u00e9 r\u00e9alis\u00e9e en tenant compte de la faible restriction de d\u00e9bit, ne fournissant aucune contrainte inutile sur le reste de la boucle de refroidissement. Cela signifie que vous pourrez ajouter plusieurs radiateurs \u00e0 votre boucle de refroidissement en utilisant une seule pompe (D5 ou DDC). Les radiateurs sont \u00e9galement respectueux du flux d&rsquo;air et \u00e0 faible restriction, ce qui permet un fonctionnement \u00e0 une vitesse de ventilateur inf\u00e9rieure pour atteindre les m\u00eames performances. La faible restriction du d\u00e9bit d&rsquo;air maintient le bo\u00eetier bien ventil\u00e9 et permet aux autres radiateurs du bo\u00eetier de respirer correctement.   <\/p>\n<p>Compatible avec EK-Matrix7 \u2013 pour des cycles de tubes les plus propres<br \/>\n\u00c9tant donn\u00e9 que toute boucle de refroidissement liquide personnalis\u00e9e est construite \u00e0 partir de plusieurs produits EK, la distinction la plus pr\u00e9cieuse en termes d&rsquo;esth\u00e9tique et de facilit\u00e9 d&rsquo;utilisation provient de la somme de toutes les parties. Pour y rem\u00e9dier, EK a lanc\u00e9 Matrix7, un syst\u00e8me qui normalise les dimensions des produits, ainsi que la position et l&rsquo;espacement des ports. Ce faisant, nous rendons l&rsquo;assemblage de la boucle de refroidissement liquide plus intuitif et facilitons plus que jamais un ensemble de conduites de tubes parall\u00e8les propres. <\/p>\n<p>Tous les radiateurs EK-Quantum Surface sont compatibles EK-Matrix7, ce qui signifie qu&rsquo;ils s&rsquo;int\u00e8grent sans effort \u00e0 Reflection\u00b2, la deuxi\u00e8me g\u00e9n\u00e9ration de plaques de distribution Quantum. Cela permet \u00e0 l&rsquo;utilisateur de permuter et de mettre \u00e0 niveau facilement les radiateurs Surface des s\u00e9ries S, P et X dans le m\u00eame bo\u00eetier (\u00e0 condition que le bo\u00eetier prenne en charge des radiateurs plus \u00e9pais dans la m\u00eame position). <\/p>\n<p>EK-Quantum Surface P remporte le prix \u00ab Highly Recommended \u00bb de TechPowerUp<br \/>\nLe radiateur EK-Quantum Surface P a remport\u00e9 le prix \u00ab Highly Recommended \u00bb d\u00e9cern\u00e9 par TechPowerUp. L&rsquo;auteur de l&rsquo;avis fait l&rsquo;\u00e9loge de ce radiateur et souligne de nombreux avantages, notamment : d&rsquo;excellentes performances thermiques, une tr\u00e8s faible restriction du d\u00e9bit de liquide de refroidissement, cinq ports disponibles pour l&rsquo;utilisation, un syst\u00e8me adapt\u00e9 aux modifications avec des plaques de recouvrement de remplacement \u00e0 venir, deux options de couleur au choix, des trous de vis d\u00e9cal\u00e9s par rapport aux tubes de refroidissement, etc. \u00ab Le nouvel EK-Quantum Surface P m\u00e9rite amplement une recommandation car il est en mesure de concurrencer fortement \u2013 et m\u00eame de surpasser certains \u2013 les radiateurs plus \u00e9pais de 60 mm. \u00a0\u00bb \u00e9crit TechPowerUp.<\/p>\n<p>Sp\u00e9cifications techniques et mat\u00e9rielles :<\/p>\n<p>&#8211; Ailettes en cuivre \u00e0 99,9 % de haute qualit\u00e9<br \/>\n&#8211; Tubes en cuivre H90<br \/>\n&#8211; Chambres de r\u00e9servoir d&rsquo;extr\u00e9mit\u00e9 en laiton H62<br \/>\n&#8211; Plaques lat\u00e9rales en acier inoxydable<br \/>\n&#8211; Couvercles d&#8217;embouts en aluminium extrud\u00e9 anodis\u00e9 argent<br \/>\n&#8211; Adaptateurs et prises en laiton nickel\u00e9 <\/p>\n<p>Dimensions : 405 x 130 x 44 mm (L x l x H)<br \/>\nPoids : 1,6 kg<br \/>\nFPI : 18<br \/>\nFiletages de l&rsquo;orifice : 5x G1\/4&Prime; \u00bb<br \/>\nCompatibilit\u00e9 du ventilateur : ventilateur 120x120x25mm<br \/>\nPression test\u00e9e : 1bar  <\/p>\n<p>Ci-joint: <\/p>\n<p>&#8211; Radiateur EK-Quantum Surface s\u00e9rie P<br \/>\n&#8211; 12x Phillips \u00e0 fente M4x30mm pour ventilateurs de 25mm d&rsquo;\u00e9paisseur<br \/>\n&#8211; 12x Phillips Slotted M4x5mm pour le montage du radiateur directement sur le bo\u00eetier<br \/>\n&#8211; Cl\u00e9 Allen (Hex) en acier de 6 mm<br \/>\n&#8211; Cl\u00e9 Allen (Hex) en acier de 9 mm<\/p>\n<p>VEUILLEZ NOTER :<\/p>\n<p>L&rsquo;utilisation de vis trop longues peut entra\u00eener la perforation du noyau du radiateur et endommager irr\u00e9m\u00e9diablement le produit. Une telle mauvaise utilisation n&rsquo;est pas couverte par la garantie du produit !<br \/>\nCe produit ne doit PAS \u00eatre install\u00e9 avec des pi\u00e8ces en aluminium !<br \/>\nLes ailettes du radiateur sont en cuivre, qui est de nature orange. Lors de la peinture des ailettes, une tr\u00e8s fine couche de peinture est appliqu\u00e9e pour ne pas r\u00e9duire leurs capacit\u00e9s de transfert thermique. C&rsquo;est pourquoi les ailettes du radiateur sont visiblement orange lorsqu&rsquo;on les regarde sous un angle \u00e9lev\u00e9.<\/p>\n","protected":false},"excerpt":{"rendered":"<p>Avec une \u00e9paisseur de 44 mm, les radiateurs de surface de la s\u00e9rie P d&rsquo;EK-Quantum sont les plus polyvalents pour un faible bruit et des performances \u00e9lev\u00e9es sur toute la plage de fonctionnement du ventilateur. \u00c9quip\u00e9 d&rsquo;un total de quatre ports de connexion filet\u00e9s G1\/4&Prime; \u00bb, il offre une polyvalence suppl\u00e9mentaire lors du processus de [&hellip;]<\/p>\n","protected":false},"featured_media":5945,"template":"","meta":{"_genesis_hide_title":false,"_genesis_hide_breadcrumbs":false,"_genesis_hide_singular_image":false,"_genesis_hide_footer_widgets":false,"_genesis_custom_body_class":"","_genesis_custom_post_class":"","_genesis_layout":""},"product_brand":[],"product_cat":[23,33],"product_tag":[],"class_list":{"0":"post-5944","1":"product","2":"type-product","3":"status-publish","4":"has-post-thumbnail","6":"product_cat-radiateurs","7":"product_cat-360mm","8":"entry","10":"first","11":"instock","12":"taxable","13":"shipping-taxable","14":"purchasable","15":"product-type-simple"},"_links":{"self":[{"href":"https:\/\/proliquidpc.com\/fr\/wp-json\/wp\/v2\/product\/5944","targetHints":{"allow":["GET"]}}],"collection":[{"href":"https:\/\/proliquidpc.com\/fr\/wp-json\/wp\/v2\/product"}],"about":[{"href":"https:\/\/proliquidpc.com\/fr\/wp-json\/wp\/v2\/types\/product"}],"wp:featuredmedia":[{"embeddable":true,"href":"https:\/\/proliquidpc.com\/fr\/wp-json\/wp\/v2\/media\/5945"}],"wp:attachment":[{"href":"https:\/\/proliquidpc.com\/fr\/wp-json\/wp\/v2\/media?parent=5944"}],"wp:term":[{"taxonomy":"product_brand","embeddable":true,"href":"https:\/\/proliquidpc.com\/fr\/wp-json\/wp\/v2\/product_brand?post=5944"},{"taxonomy":"product_cat","embeddable":true,"href":"https:\/\/proliquidpc.com\/fr\/wp-json\/wp\/v2\/product_cat?post=5944"},{"taxonomy":"product_tag","embeddable":true,"href":"https:\/\/proliquidpc.com\/fr\/wp-json\/wp\/v2\/product_tag?post=5944"}],"curies":[{"name":"wp","href":"https:\/\/api.w.org\/{rel}","templated":true}]}}