{"id":5959,"date":"2024-10-30T16:30:16","date_gmt":"2024-10-30T20:30:16","guid":{"rendered":"https:\/\/dev.proliquidpc.com\/boutique\/non%20class\u00e9\/ek-quantum-surface-p420m-radiateur-noir\/"},"modified":"2025-02-15T03:04:22","modified_gmt":"2025-02-15T08:04:22","slug":"ek-quantum-surface-p420m-radiateur-noir","status":"publish","type":"product","link":"https:\/\/proliquidpc.com\/fr\/boutique\/radiateurs\/420mm\/ek-quantum-surface-p420m-radiateur-noir\/","title":{"rendered":"EK-Quantum Surface P420M Radiateur &#8211; Noir"},"content":{"rendered":"<p>Avec une \u00e9paisseur de 44 mm, les radiateurs de surface de la s\u00e9rie P d&rsquo;EK-Quantum sont les plus polyvalents pour un faible bruit et des performances \u00e9lev\u00e9es sur toute la plage de fonctionnement des ventilateurs. \u00c9quip\u00e9 d&rsquo;un total de quatre ports de connexion filet\u00e9s G1\/4&Prime; \u00bb, il offre une polyvalence suppl\u00e9mentaire lors du processus de planification de la boucle, tandis que le cinqui\u00e8me port G1\/4&Prime; \u00bb situ\u00e9 sur le r\u00e9servoir d&rsquo;extr\u00e9mit\u00e9 est une caract\u00e9ristique irrempla\u00e7able lorsqu&rsquo;il s&rsquo;agit de vider la boucle et de purger l&rsquo;air. Au total, dix-huit tubes en cuivre de 2 mm de large sur toute la longueur du radiateur assurent un d\u00e9bit optimal du liquide de refroidissement, sans exercer de pression sur votre boucle de refroidissement. Les ailettes en cuivre de haute qualit\u00e9 sans persiennes avec une densit\u00e9 de 18 FPI offrent le meilleur \u00e9quilibre entre le transfert thermique et la r\u00e9sistance \u00e0 l&rsquo;air, permettant des performances optimales m\u00eame en cas de fonctionnement du ventilateur \u00e0 basse vitesse. Pour maximiser les performances de refroidissement, une configuration Push\/Pull peut \u00eatre utilis\u00e9e sur n&rsquo;importe quel radiateur de surface EK-Quantum de la s\u00e9rie P.<\/p>\n<p>Nouveau et am\u00e9lior\u00e9<br \/>\nLe radiateur de la s\u00e9rie EK-Quantum Surface P maximise les performances en utilisant un nouveau noyau de radiateur. Si l&rsquo;on compare les performances d&rsquo;un c\u0153ur \u00e0 l&rsquo;autre, le radiateur Surface P est jusqu&rsquo;\u00e0 10 % plus performant que son pr\u00e9d\u00e9cesseur, le CoolStream PE, gr\u00e2ce \u00e0 sa structure d&rsquo;ailettes am\u00e9lior\u00e9e et \u00e0 son noyau optimis\u00e9.<\/p>\n<p>EK-Quantum-Surface-18-FPI-Fin-Closeup<\/p>\n<p>Les radiateurs haut de gamme EK-Quantum Surface sont le fruit d&rsquo;ann\u00e9es de d\u00e9veloppement et d&rsquo;\u00e9tudes de march\u00e9 pour fournir le meilleur produit que le march\u00e9 exige de toutes les mani\u00e8res possibles. La finition des mat\u00e9riaux, la rigidit\u00e9 m\u00e9canique et les performances ont \u00e9t\u00e9 port\u00e9es \u00e0 un autre niveau. Comme tous les autres produits Quantum Line, les tout nouveaux radiateurs Surface d&rsquo;EK apportent de nombreuses am\u00e9liorations de performances, notamment les performances thermiques, la restriction du d\u00e9bit de liquide de refroidissement et la restriction du flux d&rsquo;air.<\/p>\n<p>Avec les vis fournies, ce radiateur est compatible avec les ventilateurs de 140 mm qui ont une \u00e9paisseur standard de 25 mm. EK recommande d&rsquo;utiliser des ventilateurs EK ou similaires avec des cadres \u00e0 bords scell\u00e9s. Cette forme carr\u00e9e classique mais efficace du carter du ventilateur offre des performances optimales en r\u00e9gime de traction (aspiration) ou de pouss\u00e9e (pression) sans aucune perte hydraulique, assurant ainsi la capacit\u00e9 de refroidissement optimale de vos radiateurs de refroidissement liquide.<\/p>\n<p>EK-Quantum-Surface-Silver-End-Cover-P-Series<\/p>\n<p>Des embouts \u00e9pais en aluminium extrud\u00e9 avec une finition argent\u00e9e contrastante donnent au radiateur un aspect et une sensation haut de gamme. Ils recouvrent les composants internes et assemblent les plaques lat\u00e9rales press\u00e9es par estampage, cr\u00e9ant ainsi une structure rigide agr\u00e9able \u00e0 manipuler. Les plaques lat\u00e9rales en acier inoxydable sont recouvertes d&rsquo;une peinture noire semi-brillante durable, tandis que les ailettes elles-m\u00eames ont un rev\u00eatement noir mat sp\u00e9cial avec un coefficient de conductivit\u00e9 thermique \u00e9lev\u00e9.<\/p>\n<p>Multiport \u2013 Le choix des ports vous appartient<br \/>\nDes bouchons et des adaptateurs modulaires peuvent \u00eatre interchang\u00e9s et configur\u00e9s par l&rsquo;utilisateur pour un acheminement optimal des tubes. Ce radiateur multiport dispose de deux ports de connexion filet\u00e9s G1\/4&Prime; suppl\u00e9mentaires sur le c\u00f4t\u00e9 et d&rsquo;un port suppl\u00e9mentaire \u00e0 l&rsquo;extr\u00e9mit\u00e9 oppos\u00e9e pour la purge d&rsquo;air.<\/p>\n<p>EK-Quantum-Surface-Ports-P-Series-MultiPort-Noir<\/p>\n<p>Vis M4 \u2013 Normalis\u00e9es<\/p>\n","protected":false},"excerpt":{"rendered":"<p>Avec une \u00e9paisseur de 44 mm, les radiateurs de surface de la s\u00e9rie P d&rsquo;EK-Quantum sont les plus polyvalents pour un faible bruit et des performances \u00e9lev\u00e9es sur toute la plage de fonctionnement des ventilateurs. \u00c9quip\u00e9 d&rsquo;un total de quatre ports de connexion filet\u00e9s G1\/4&Prime; \u00bb, il offre une polyvalence suppl\u00e9mentaire lors du processus de [&hellip;]<\/p>\n","protected":false},"featured_media":5960,"template":"","meta":{"_genesis_hide_title":false,"_genesis_hide_breadcrumbs":false,"_genesis_hide_singular_image":false,"_genesis_hide_footer_widgets":false,"_genesis_custom_body_class":"","_genesis_custom_post_class":"","_genesis_layout":""},"product_brand":[],"product_cat":[23,54],"product_tag":[],"class_list":{"0":"post-5959","1":"product","2":"type-product","3":"status-publish","4":"has-post-thumbnail","6":"product_cat-radiateurs","7":"product_cat-420mm","8":"entry","10":"first","11":"instock","12":"taxable","13":"shipping-taxable","14":"purchasable","15":"product-type-simple"},"_links":{"self":[{"href":"https:\/\/proliquidpc.com\/fr\/wp-json\/wp\/v2\/product\/5959","targetHints":{"allow":["GET"]}}],"collection":[{"href":"https:\/\/proliquidpc.com\/fr\/wp-json\/wp\/v2\/product"}],"about":[{"href":"https:\/\/proliquidpc.com\/fr\/wp-json\/wp\/v2\/types\/product"}],"wp:featuredmedia":[{"embeddable":true,"href":"https:\/\/proliquidpc.com\/fr\/wp-json\/wp\/v2\/media\/5960"}],"wp:attachment":[{"href":"https:\/\/proliquidpc.com\/fr\/wp-json\/wp\/v2\/media?parent=5959"}],"wp:term":[{"taxonomy":"product_brand","embeddable":true,"href":"https:\/\/proliquidpc.com\/fr\/wp-json\/wp\/v2\/product_brand?post=5959"},{"taxonomy":"product_cat","embeddable":true,"href":"https:\/\/proliquidpc.com\/fr\/wp-json\/wp\/v2\/product_cat?post=5959"},{"taxonomy":"product_tag","embeddable":true,"href":"https:\/\/proliquidpc.com\/fr\/wp-json\/wp\/v2\/product_tag?post=5959"}],"curies":[{"name":"wp","href":"https:\/\/api.w.org\/{rel}","templated":true}]}}