{"id":5983,"date":"2024-10-30T16:30:16","date_gmt":"2024-10-30T20:30:16","guid":{"rendered":"https:\/\/dev.proliquidpc.com\/boutique\/non%20class\u00e9\/ek-res-x3-support-60mm-2pcs\/"},"modified":"2025-01-19T16:24:13","modified_gmt":"2025-01-19T21:24:13","slug":"ek-res-x3-support-60mm-2pcs","status":"publish","type":"product","link":"https:\/\/proliquidpc.com\/fr\/boutique\/supports\/ek-res-x3-support-60mm-2pcs\/","title":{"rendered":"EK-RES X3 Support 60mm (2pcs)"},"content":{"rendered":"<p>Support de r\u00e9servoir de rechange en ac\u00e9tal POM pour r\u00e9servoirs cylindriques de 60 mm de diam\u00e8tre.<br \/>\nLa poign\u00e9e peut \u00eatre ajust\u00e9e \u00e0 l\u2019aide d\u2019une vis positionn\u00e9e sur le c\u00f4t\u00e9.<\/p>\n<p>Peut \u00eatre utilis\u00e9 sur les r\u00e9servoirs EK-Multioption RES X2 et EK-RES X3 ainsi que sur les produits de 3e partie.<\/p>\n<p>Livraison:<br \/>\n&#8211; support (2x)<br \/>\n&#8211; M\u00e9canisme de montage<\/p>\n","protected":false},"excerpt":{"rendered":"<p>Support de r\u00e9servoir de rechange en ac\u00e9tal POM pour r\u00e9servoirs cylindriques de 60 mm de diam\u00e8tre. La poign\u00e9e peut \u00eatre ajust\u00e9e \u00e0 l\u2019aide d\u2019une vis positionn\u00e9e sur le c\u00f4t\u00e9. Peut \u00eatre utilis\u00e9 sur les r\u00e9servoirs EK-Multioption RES X2 et EK-RES X3 ainsi que sur les produits de 3e partie. Livraison: &#8211; support (2x) &#8211; M\u00e9canisme [&hellip;]<\/p>\n","protected":false},"featured_media":5984,"template":"","meta":{"_genesis_hide_title":false,"_genesis_hide_breadcrumbs":false,"_genesis_hide_singular_image":false,"_genesis_hide_footer_widgets":false,"_genesis_custom_body_class":"","_genesis_custom_post_class":"","_genesis_layout":""},"product_brand":[],"product_cat":[53],"product_tag":[],"class_list":{"0":"post-5983","1":"product","2":"type-product","3":"status-publish","4":"has-post-thumbnail","6":"product_cat-supports","7":"entry","9":"first","10":"instock","11":"taxable","12":"shipping-taxable","13":"purchasable","14":"product-type-simple"},"_links":{"self":[{"href":"https:\/\/proliquidpc.com\/fr\/wp-json\/wp\/v2\/product\/5983","targetHints":{"allow":["GET"]}}],"collection":[{"href":"https:\/\/proliquidpc.com\/fr\/wp-json\/wp\/v2\/product"}],"about":[{"href":"https:\/\/proliquidpc.com\/fr\/wp-json\/wp\/v2\/types\/product"}],"wp:featuredmedia":[{"embeddable":true,"href":"https:\/\/proliquidpc.com\/fr\/wp-json\/wp\/v2\/media\/5984"}],"wp:attachment":[{"href":"https:\/\/proliquidpc.com\/fr\/wp-json\/wp\/v2\/media?parent=5983"}],"wp:term":[{"taxonomy":"product_brand","embeddable":true,"href":"https:\/\/proliquidpc.com\/fr\/wp-json\/wp\/v2\/product_brand?post=5983"},{"taxonomy":"product_cat","embeddable":true,"href":"https:\/\/proliquidpc.com\/fr\/wp-json\/wp\/v2\/product_cat?post=5983"},{"taxonomy":"product_tag","embeddable":true,"href":"https:\/\/proliquidpc.com\/fr\/wp-json\/wp\/v2\/product_tag?post=5983"}],"curies":[{"name":"wp","href":"https:\/\/api.w.org\/{rel}","templated":true}]}}