{"id":5988,"date":"2024-10-30T16:30:16","date_gmt":"2024-10-30T20:30:16","guid":{"rendered":"https:\/\/dev.proliquidpc.com\/boutique\/non%20class\u00e9\/ek-res-x3-tube-400-354mm\/"},"modified":"2025-01-19T16:24:16","modified_gmt":"2025-01-19T21:24:16","slug":"ek-res-x3-tube-400-354mm","status":"publish","type":"product","link":"https:\/\/proliquidpc.com\/fr\/boutique\/reservoirs\/60mm\/ek-res-x3-tube-400-354mm\/","title":{"rendered":"EK-RES X3 &#8211; TUBE 400 (354mm)"},"content":{"rendered":"<p>Tube de remplacement pour les r\u00e9servoirs de la s\u00e9rie EK-RES X3.<\/p>\n<p>Caract\u00e9ristiques techniques :<br \/>\n&#8211; Longueur : 354 mm<br \/>\n&#8211; Diam\u00e8tre : 60 mm (OD) \/ 50 mm (ID)<br \/>\n&#8211; Mat\u00e9riau : verre acrylique<\/p>\n<p>Peut \u00eatre utilis\u00e9 pour mettre \u00e0 niveau ou remplacer le tube sur l\u2019un des produits EK suivants :<br \/>\n&#8211; EK-RES X3<br \/>\n&#8211; EK-Quantum Kinetic TBE<br \/>\n&#8211; R\u00e9servoir de pompe EK-Classic<br \/>\n&#8211; EK-XRES 100 DDC MX 3.1 PWM (pompe incluse)<br \/>\n&#8211; EK-XRES 140 Revo D5 PWM (pompe \u00e0 manchon incluse)<br \/>\n&#8211; EK-XRES 100 SPC-60 MX PWM (pompe incluse)<br \/>\n&#8211; EK-XRES 140 DDC 3.2 PWM Elite (pompe incluse)<br \/>\n&#8211; EK-XRES 100 DDC 3.2 PWM Elite (pompe incluse)<br \/>\n&#8211; EK-XRES 100 Revo D5 &#8211; Ac\u00e9tal<br \/>\n&#8211; EK-XRES 140 Revo D5 PWM (pompe incluse)<br \/>\n&#8211; EK-XRES 100 Revo D5 PWM (pompe incluse)<br \/>\n&#8211; EK-XRES 100 DDC MX &#8211; Ac\u00e9tal<br \/>\n&#8211; EK-XRES 100 DDC MX 3.2 PWM (pompe incluse)<br \/>\n&#8211; EK-XRES 100 DDC &#8211; Ac\u00e9tal<br \/>\n&#8211; EK-XRES 140 DDC &#8211; Ac\u00e9tal<\/p>\n<p>VEUILLEZ NOTER :<\/p>\n<p>Non compatible avec le r\u00e9servoir de la s\u00e9rie EK-Multioption RES X2 !<\/p>\n","protected":false},"excerpt":{"rendered":"<p>Tube de remplacement pour les r\u00e9servoirs de la s\u00e9rie EK-RES X3. Caract\u00e9ristiques techniques : &#8211; Longueur : 354 mm &#8211; Diam\u00e8tre : 60 mm (OD) \/ 50 mm (ID) &#8211; Mat\u00e9riau : verre acrylique Peut \u00eatre utilis\u00e9 pour mettre \u00e0 niveau ou remplacer le tube sur l\u2019un des produits EK suivants : &#8211; EK-RES X3 [&hellip;]<\/p>\n","protected":false},"featured_media":5989,"template":"","meta":{"_genesis_hide_title":false,"_genesis_hide_breadcrumbs":false,"_genesis_hide_singular_image":false,"_genesis_hide_footer_widgets":false,"_genesis_custom_body_class":"","_genesis_custom_post_class":"","_genesis_layout":""},"product_brand":[],"product_cat":[41,69],"product_tag":[],"class_list":{"0":"post-5988","1":"product","2":"type-product","3":"status-publish","4":"has-post-thumbnail","6":"product_cat-reservoirs","7":"product_cat-60mm","8":"entry","10":"first","11":"outofstock","12":"taxable","13":"shipping-taxable","14":"purchasable","15":"product-type-simple"},"_links":{"self":[{"href":"https:\/\/proliquidpc.com\/fr\/wp-json\/wp\/v2\/product\/5988","targetHints":{"allow":["GET"]}}],"collection":[{"href":"https:\/\/proliquidpc.com\/fr\/wp-json\/wp\/v2\/product"}],"about":[{"href":"https:\/\/proliquidpc.com\/fr\/wp-json\/wp\/v2\/types\/product"}],"wp:featuredmedia":[{"embeddable":true,"href":"https:\/\/proliquidpc.com\/fr\/wp-json\/wp\/v2\/media\/5989"}],"wp:attachment":[{"href":"https:\/\/proliquidpc.com\/fr\/wp-json\/wp\/v2\/media?parent=5988"}],"wp:term":[{"taxonomy":"product_brand","embeddable":true,"href":"https:\/\/proliquidpc.com\/fr\/wp-json\/wp\/v2\/product_brand?post=5988"},{"taxonomy":"product_cat","embeddable":true,"href":"https:\/\/proliquidpc.com\/fr\/wp-json\/wp\/v2\/product_cat?post=5988"},{"taxonomy":"product_tag","embeddable":true,"href":"https:\/\/proliquidpc.com\/fr\/wp-json\/wp\/v2\/product_tag?post=5988"}],"curies":[{"name":"wp","href":"https:\/\/api.w.org\/{rel}","templated":true}]}}