{"id":5993,"date":"2024-10-30T16:30:16","date_gmt":"2024-10-30T20:30:16","guid":{"rendered":"https:\/\/dev.proliquidpc.com\/boutique\/non%20class\u00e9\/ek-hd-tube-kit-de-bricolage-10-et-12-mm\/"},"modified":"2025-01-19T16:24:18","modified_gmt":"2025-01-19T21:24:18","slug":"ek-hd-tube-kit-de-bricolage-10-et-12-mm","status":"publish","type":"product","link":"https:\/\/proliquidpc.com\/fr\/boutique\/outils\/ek-hd-tube-kit-de-bricolage-10-et-12-mm\/","title":{"rendered":"EK-HD Tube Kit de bricolage 10 et 12 mm"},"content":{"rendered":"<p>EK-HD Tube D.I.Y. Kit 10&amp;12mm est un kit de modification \u00e0 faire soi-m\u00eame pour les tubes solides en acrylique et PETG avec un diam\u00e8tre int\u00e9rieur de \u00d810 et \u00d812mm (ID).<\/p>\n<p>\u00c0 l\u2019aide d\u2019un pistolet thermique et du cordon en silicone fourni (tige), il est possible de fabriquer des morceaux personnalis\u00e9s de tubes solides. Utilisez la scie \u00e0 m\u00e9taux pour couper des morceaux \u00e0 longueur et du papier de verre pour chanfreiner et lisser les bords. Pour un chanfrein parfait, EK recommande l\u2019utilisation de l\u2019outil EK-HD Tube Realer.<\/p>\n<p>Ci-joint:<br \/>\n&#8211; 1x scie \u00e0 m\u00e9taux<br \/>\n&#8211; 1x papier de verre (grain P220)<br \/>\n&#8211; 1x cordon en silicone \u00d89.6mm (+0,10 \/ -0,15) (L=330mm)<br \/>\n&#8211; 1x cordon en silicone \u00d811.4mm (+0,10 \/ -0,15) (L=330mm)<\/p>\n","protected":false},"excerpt":{"rendered":"<p>EK-HD Tube D.I.Y. Kit 10&amp;12mm est un kit de modification \u00e0 faire soi-m\u00eame pour les tubes solides en acrylique et PETG avec un diam\u00e8tre int\u00e9rieur de \u00d810 et \u00d812mm (ID). \u00c0 l\u2019aide d\u2019un pistolet thermique et du cordon en silicone fourni (tige), il est possible de fabriquer des morceaux personnalis\u00e9s de tubes solides. Utilisez la [&hellip;]<\/p>\n","protected":false},"featured_media":5994,"template":"","meta":{"_genesis_hide_title":false,"_genesis_hide_breadcrumbs":false,"_genesis_hide_singular_image":false,"_genesis_hide_footer_widgets":false,"_genesis_custom_body_class":"","_genesis_custom_post_class":"","_genesis_layout":""},"product_brand":[],"product_cat":[44],"product_tag":[],"class_list":{"0":"post-5993","1":"product","2":"type-product","3":"status-publish","4":"has-post-thumbnail","6":"product_cat-outils","7":"entry","9":"first","10":"instock","11":"taxable","12":"shipping-taxable","13":"purchasable","14":"product-type-simple"},"_links":{"self":[{"href":"https:\/\/proliquidpc.com\/fr\/wp-json\/wp\/v2\/product\/5993","targetHints":{"allow":["GET"]}}],"collection":[{"href":"https:\/\/proliquidpc.com\/fr\/wp-json\/wp\/v2\/product"}],"about":[{"href":"https:\/\/proliquidpc.com\/fr\/wp-json\/wp\/v2\/types\/product"}],"wp:featuredmedia":[{"embeddable":true,"href":"https:\/\/proliquidpc.com\/fr\/wp-json\/wp\/v2\/media\/5994"}],"wp:attachment":[{"href":"https:\/\/proliquidpc.com\/fr\/wp-json\/wp\/v2\/media?parent=5993"}],"wp:term":[{"taxonomy":"product_brand","embeddable":true,"href":"https:\/\/proliquidpc.com\/fr\/wp-json\/wp\/v2\/product_brand?post=5993"},{"taxonomy":"product_cat","embeddable":true,"href":"https:\/\/proliquidpc.com\/fr\/wp-json\/wp\/v2\/product_cat?post=5993"},{"taxonomy":"product_tag","embeddable":true,"href":"https:\/\/proliquidpc.com\/fr\/wp-json\/wp\/v2\/product_tag?post=5993"}],"curies":[{"name":"wp","href":"https:\/\/api.w.org\/{rel}","templated":true}]}}