{"id":6010,"date":"2024-10-30T16:30:16","date_gmt":"2024-10-30T20:30:16","guid":{"rendered":"https:\/\/dev.proliquidpc.com\/boutique\/non%20class\u00e9\/ek-af-y-splitter-rotatif-2f-1m-nickel\/"},"modified":"2025-01-19T16:24:27","modified_gmt":"2025-01-19T21:24:27","slug":"ek-af-y-splitter-rotatif-2f-1m-nickel","status":"publish","type":"product","link":"https:\/\/proliquidpc.com\/fr\/boutique\/fittings\/3-way-4-way-5-way\/ek-af-y-splitter-rotatif-2f-1m-nickel\/","title":{"rendered":"EK-AF Y-SPLITTER Rotatif 2F-1M &#8211; Nickel"},"content":{"rendered":"<p>EK-AF Y-Splitter Rotary 2F-1M est un fitting adaptateur simple en forme de Y avec 2 (deux) filetages femelles G1\/4&Prime; \u00bb BSP et un filetage rotatif G1\/4&Prime; \u00bb BSP m\u00e2le. Ce produit est utile pour diviser ou combiner l\u2019\u00e9coulement de liquide dans des configurations parall\u00e8les.<\/p>\n<p>Fabriqu\u00e9 en laiton nickel\u00e9 et poli \u00e0 la main.<\/p>\n<p>Caract\u00e9ristiques techniques :<br \/>\n&#8211; Filetage : 2x G1\/4&Prime; \u00bb (femelle), 1x G1\/4&Prime; \u00bb (m\u00e2le)<br \/>\n&#8211; Longueur du filetage : 7,0 mm (femelle), 5,0 mm (m\u00e2le)<br \/>\n&#8211; Conception pivotante<\/p>\n<p>Conforme \u00e0 la norme ROHS 2.0 !<\/p>\n<p>VEUILLEZ NOTER :<\/p>\n<p>Ce produit ne doit PAS \u00eatre install\u00e9 avec des pi\u00e8ces en aluminium Fluid Gaming !<\/p>\n","protected":false},"excerpt":{"rendered":"<p>EK-AF Y-Splitter Rotary 2F-1M est un fitting adaptateur simple en forme de Y avec 2 (deux) filetages femelles G1\/4&Prime; \u00bb BSP et un filetage rotatif G1\/4&Prime; \u00bb BSP m\u00e2le. Ce produit est utile pour diviser ou combiner l\u2019\u00e9coulement de liquide dans des configurations parall\u00e8les. Fabriqu\u00e9 en laiton nickel\u00e9 et poli \u00e0 la main. Caract\u00e9ristiques techniques [&hellip;]<\/p>\n","protected":false},"featured_media":6011,"template":"","meta":{"_genesis_hide_title":false,"_genesis_hide_breadcrumbs":false,"_genesis_hide_singular_image":false,"_genesis_hide_footer_widgets":false,"_genesis_custom_body_class":"","_genesis_custom_post_class":"","_genesis_layout":""},"product_brand":[],"product_cat":[51,29],"product_tag":[],"class_list":{"0":"post-6010","1":"product","2":"type-product","3":"status-publish","4":"has-post-thumbnail","6":"product_cat-3-way-4-way-5-way","7":"product_cat-fittings","8":"entry","10":"first","11":"instock","12":"taxable","13":"shipping-taxable","14":"purchasable","15":"product-type-simple"},"_links":{"self":[{"href":"https:\/\/proliquidpc.com\/fr\/wp-json\/wp\/v2\/product\/6010","targetHints":{"allow":["GET"]}}],"collection":[{"href":"https:\/\/proliquidpc.com\/fr\/wp-json\/wp\/v2\/product"}],"about":[{"href":"https:\/\/proliquidpc.com\/fr\/wp-json\/wp\/v2\/types\/product"}],"wp:featuredmedia":[{"embeddable":true,"href":"https:\/\/proliquidpc.com\/fr\/wp-json\/wp\/v2\/media\/6011"}],"wp:attachment":[{"href":"https:\/\/proliquidpc.com\/fr\/wp-json\/wp\/v2\/media?parent=6010"}],"wp:term":[{"taxonomy":"product_brand","embeddable":true,"href":"https:\/\/proliquidpc.com\/fr\/wp-json\/wp\/v2\/product_brand?post=6010"},{"taxonomy":"product_cat","embeddable":true,"href":"https:\/\/proliquidpc.com\/fr\/wp-json\/wp\/v2\/product_cat?post=6010"},{"taxonomy":"product_tag","embeddable":true,"href":"https:\/\/proliquidpc.com\/fr\/wp-json\/wp\/v2\/product_tag?post=6010"}],"curies":[{"name":"wp","href":"https:\/\/api.w.org\/{rel}","templated":true}]}}