{"id":6021,"date":"2024-10-30T16:30:16","date_gmt":"2024-10-30T20:30:16","guid":{"rendered":"https:\/\/dev.proliquidpc.com\/boutique\/non%20class\u00e9\/ek-quantum-torque-micro-rotatif-90-noir\/"},"modified":"2025-02-12T14:17:49","modified_gmt":"2025-02-12T19:17:49","slug":"ek-quantum-torque-micro-rotatif-90-noir","status":"publish","type":"product","link":"https:\/\/proliquidpc.com\/fr\/boutique\/fittings\/45-90-190\/ek-quantum-torque-micro-rotatif-90-noir\/","title":{"rendered":"EK-Quantum Torque Micro Rotatif 90\u00b0 &#8211; Noir"},"content":{"rendered":"<p>fittings d\u2019adaptation EK-Quantum Torque Micro Rotary vous permettent d\u2019effectuer un simple virage \u00e0 90\u00b0 dans un encombrement et une hauteur d\u2019installation les plus r\u00e9duits possibles. Avec une hauteur totale install\u00e9e de seulement 21 mm, les micro-rotatifs Torque peuvent se faufiler dans les endroits les plus difficiles o\u00f9 il serait autrement impossible de faire un pliage. Cela signifie qu\u2019il est 10 mm plus bas en hauteur que le fitting coud\u00e9 rotatif standard \u00e0 90\u00b0 EK-Quantum Torque.<\/p>\n<p>Adaptateurs micro-rotatifs \u00e0 90 degr\u00e9s pour les constructions SFF<\/p>\n<p>Ce fitting adaptateur Quantum Line est usin\u00e9 CNC \u00e0 partir d\u2019une barre en laiton massif et prot\u00e9g\u00e9 par une finition noir satin\u00e9 de haute qualit\u00e9. Les deux parties du fitting sont assembl\u00e9es de mani\u00e8re permanente et scell\u00e9es avec des joints toriques en caoutchouc de haute qualit\u00e9. Les fittings noirs de la s\u00e9rie EK-Quantum Torque ne sont intentionnellement pas peints \u00e0 l\u2019int\u00e9rieur afin de r\u00e9duire le niveau de polluants possibles dans la boucle. Cette fabrication de pr\u00e9cision assure un engagement satisfaisant et une apparence constante.<\/p>\n<p>Adaptateurs micro-rotatifs \u00e0 90 degr\u00e9s pour les constructions SFF<\/p>\n<p>Comme il n\u2019y a pas d\u2019espace pour le moletage conventionnel, la base du fitting se prolonge par une ouverture sur la face sup\u00e9rieure o\u00f9 une cl\u00e9 Allen de 6 mm doit \u00eatre utilis\u00e9e pour le fixer en place. Une fois fix\u00e9, le corps du fitting est libre de tourner dans les deux sens. EK recommande l\u2019utilisation de l\u2019EK-Loop Multi Allen Key pour cette application.<\/p>\n<p>Adaptateurs micro-rotatifs \u00e0 90 degr\u00e9s pour les constructions SFF<\/p>\n<p>Un filetage m\u00e2le G1\/4&Prime; \u00bb est viss\u00e9 dans l\u2019orifice souhait\u00e9, et un joint enti\u00e8rement rotatif permet \u00e0 l\u2019orifice femelle G1\/4&Prime; \u00bb d\u2019\u00eatre dirig\u00e9 dans n\u2019importe quelle direction perpendiculaire. Gr\u00e2ce \u00e0 cela, vous pouvez installer des composants \u00e0 proximit\u00e9 les plus proches.<\/p>\n<p>Adaptateurs micro-rotatifs \u00e0 90 degr\u00e9s pour les constructions SFF<\/p>\n<p>L\u2019axe central du port femelle G1\/4&Prime; est \u00e0 12,5 mm au-dessus de la surface de montage, l\u2019adaptateur coud\u00e9 rotatif EK-Quantum Torque Micro Rotary 90 est compatible avec tous les fittings STC ou HDC EK-Quantum Torque et EK-Quantum Torque Micro HDP. La largeur et le diam\u00e8tre total de la base sont de 16,5 mm.<\/p>\n<p>Sp\u00e9cification technique:<\/p>\n<p>&#8211; Mat\u00e9riau : Laiton<br \/>\n&#8211; Finition : Noir satin\u00e9<br \/>\n-Filetage:<br \/>\n* G1\/4&Prime; BSP ; Longueur du filetage m\u00e2le 4,5 mm<br \/>\n* G1\/4&Prime; BSP, longueur de filetage femelle de 5 mm<br \/>\n&#8211; Le diam\u00e8tre ext\u00e9rieur : 16,5 mm<br \/>\n&#8211; Hauteur install\u00e9e : 20,75mm<br \/>\n&#8211; Scell\u00e9 avec un joint torique de haute qualit\u00e9<\/p>\n","protected":false},"excerpt":{"rendered":"<p>fittings d\u2019adaptation EK-Quantum Torque Micro Rotary vous permettent d\u2019effectuer un simple virage \u00e0 90\u00b0 dans un encombrement et une hauteur d\u2019installation les plus r\u00e9duits possibles. Avec une hauteur totale install\u00e9e de seulement 21 mm, les micro-rotatifs Torque peuvent se faufiler dans les endroits les plus difficiles o\u00f9 il serait autrement impossible de faire un pliage. [&hellip;]<\/p>\n","protected":false},"featured_media":6022,"template":"","meta":{"_genesis_hide_title":false,"_genesis_hide_breadcrumbs":false,"_genesis_hide_singular_image":false,"_genesis_hide_footer_widgets":false,"_genesis_custom_body_class":"","_genesis_custom_post_class":"","_genesis_layout":""},"product_brand":[],"product_cat":[45,29],"product_tag":[],"class_list":{"0":"post-6021","1":"product","2":"type-product","3":"status-publish","4":"has-post-thumbnail","6":"product_cat-45-90-190","7":"product_cat-fittings","8":"entry","10":"first","11":"outofstock","12":"taxable","13":"shipping-taxable","14":"purchasable","15":"product-type-simple"},"_links":{"self":[{"href":"https:\/\/proliquidpc.com\/fr\/wp-json\/wp\/v2\/product\/6021","targetHints":{"allow":["GET"]}}],"collection":[{"href":"https:\/\/proliquidpc.com\/fr\/wp-json\/wp\/v2\/product"}],"about":[{"href":"https:\/\/proliquidpc.com\/fr\/wp-json\/wp\/v2\/types\/product"}],"wp:featuredmedia":[{"embeddable":true,"href":"https:\/\/proliquidpc.com\/fr\/wp-json\/wp\/v2\/media\/6022"}],"wp:attachment":[{"href":"https:\/\/proliquidpc.com\/fr\/wp-json\/wp\/v2\/media?parent=6021"}],"wp:term":[{"taxonomy":"product_brand","embeddable":true,"href":"https:\/\/proliquidpc.com\/fr\/wp-json\/wp\/v2\/product_brand?post=6021"},{"taxonomy":"product_cat","embeddable":true,"href":"https:\/\/proliquidpc.com\/fr\/wp-json\/wp\/v2\/product_cat?post=6021"},{"taxonomy":"product_tag","embeddable":true,"href":"https:\/\/proliquidpc.com\/fr\/wp-json\/wp\/v2\/product_tag?post=6021"}],"curies":[{"name":"wp","href":"https:\/\/api.w.org\/{rel}","templated":true}]}}