{"id":6106,"date":"2024-10-30T16:31:41","date_gmt":"2024-10-30T20:31:41","guid":{"rendered":"https:\/\/dev.proliquidpc.com\/boutique\/non%20class\u00e9\/ek-coolstream-se-360-slim-triple-radiateur\/"},"modified":"2025-09-08T03:21:00","modified_gmt":"2025-09-08T07:21:00","slug":"ek-coolstream-se-360-slim-triple-radiateur","status":"publish","type":"product","link":"https:\/\/proliquidpc.com\/fr\/boutique\/radiateurs\/360mm\/ek-coolstream-se-360-slim-triple-radiateur\/","title":{"rendered":"EK-CoolStream SE 360 Slim Triple Radiateur"},"content":{"rendered":"<p>D\u00e9tails<br \/>\nEK-CoolStream SE est un radiateur de refroidissement liquide d\u2019ordinateur mince et performant qui combine la conception CSQ unique d\u2019EK avec le dernier moteur de radiateur. Con\u00e7us pour les ventilateurs \u00e0 haute pression statique EK-Vardar de 120 mm, ces radiateurs sont optimis\u00e9s pour une dissipation maximale de la chaleur sur toute la plage de fonctionnement du ventilateur, offrant ainsi des performances exceptionnelles en fonctionnement \u00e0 faible et \u00e0 haut d\u00e9bit d\u2019air.<\/p>\n<p>Le niveau de qualit\u00e9 assur\u00e9 EK, le rapport qualit\u00e9-prix optimal et le design minimaliste unique font de ces radiateurs de la s\u00e9rie EK-CoolStream SE un choix parfait pour tout syst\u00e8me refroidi \u00e0 l\u2019eau par ordinateur. La mesure compacte globale du radiateur de la s\u00e9rie SE permet une utilisation m\u00eame dans les plus petits ch\u00e2ssis d\u2019ordinateur.<\/p>\n<p>Ce radiateur offre la meilleure capacit\u00e9 de refroidissement de la classe des radiateurs de 28 mm d\u2019\u00e9paisseur : les ailettes en cuivre offrent une surface massive tandis que les chambres de refroidissement \u00e0 flux parall\u00e8le r\u00e9duisent au minimum la r\u00e9sistance \u00e0 l\u2019\u00e9coulement hydraulique. Les car\u00e9nages de radiateur sont taraud\u00e9s avec des filetages UNC 6-32 des deux c\u00f4t\u00e9s pour permettre l\u2019installation d\u2019un ventilateur push-pull afin d\u2019augmenter encore plus les performances de refroidissement.<\/p>\n<p>Ce produit dispose de deux ports filet\u00e9s G1\/4&Prime; encastr\u00e9s avec deux fittings d&rsquo;extension pr\u00e9install\u00e9es pour permettre l\u2019utilisation de n\u2019importe quel fitting filet\u00e9 G1\/4&Prime;. EK recommande les fittings \u00e0 compression de la s\u00e9rie EK-ACF.<\/p>\n<p>D\u00e9tails techniques :<br \/>\nMat\u00e9riel:<br \/>\n&#8211; sections en cuivre<br \/>\n&#8211; Tubes \u00e0 90 % en cuivre (H90)<br \/>\n&#8211; Chambres en laiton<br \/>\n&#8211; Bo\u00eetier en aluminium\/acier<\/p>\n<p>Dimensions : 400 x 120 x 28 mm (L x l x H)<br \/>\nPoids : 0,93 kg<br \/>\nCapacit\u00e9 de liquide : ~155 ml<br \/>\nFPI : 18<br \/>\nFiletages de l\u2019orifice : 2x G1\/4&Prime;<br \/>\nCompatibilit\u00e9 des ventilateurs : n\u2019importe quelle taille standard de ventilateur 120x120x25mm ; Taraudage UNC 6-32<br \/>\nPression test\u00e9e : 1bar(g)<\/p>\n<p>Ci-joint:<br \/>\n&#8211; Radiateur de la s\u00e9rie EK-CoolStream SE \/avec deux fittings d&rsquo;extension G1\/4&Prime; pr\u00e9install\u00e9es<br \/>\n&#8211; Vis UNC 6-32 \u00e0 t\u00eate plate (l=30mm)<br \/>\n&#8211; Vis UNC 6-32 \u00e0 t\u00eate plate (l=5mm)<br \/>\n&#8211; Cl\u00e9 Allen 2,5mm<\/p>\n<p>VEUILLEZ NOTER :<\/p>\n<p>Lorsque vous utilisez des ventilateurs autres que la taille standard 120x120x25mm, veuillez utiliser des vis de longueur appropri\u00e9e !<br \/>\nL\u2019utilisation de vis trop longues peut entra\u00eener la perforation du noyau du radiateur et endommager irr\u00e9m\u00e9diablement le produit. Une telle mauvaise utilisation n\u2019est pas couverte par la garantie du produit !<br \/>\nCe produit ne doit PAS \u00eatre install\u00e9 avec des pi\u00e8ces en aluminium Fluid Gaming !<\/p>\n","protected":false},"excerpt":{"rendered":"<p>D\u00e9tails EK-CoolStream SE est un radiateur de refroidissement liquide d\u2019ordinateur mince et performant qui combine la conception CSQ unique d\u2019EK avec le dernier moteur de radiateur. Con\u00e7us pour les ventilateurs \u00e0 haute pression statique EK-Vardar de 120 mm, ces radiateurs sont optimis\u00e9s pour une dissipation maximale de la chaleur sur toute la plage de fonctionnement [&hellip;]<\/p>\n","protected":false},"featured_media":6107,"template":"","meta":{"_genesis_hide_title":false,"_genesis_hide_breadcrumbs":false,"_genesis_hide_singular_image":false,"_genesis_hide_footer_widgets":false,"_genesis_custom_body_class":"","_genesis_custom_post_class":"","_genesis_layout":""},"product_brand":[],"product_cat":[23,33],"product_tag":[],"class_list":{"0":"post-6106","1":"product","2":"type-product","3":"status-publish","4":"has-post-thumbnail","6":"product_cat-radiateurs","7":"product_cat-360mm","8":"entry","10":"first","11":"outofstock","12":"taxable","13":"shipping-taxable","14":"purchasable","15":"product-type-simple"},"_links":{"self":[{"href":"https:\/\/proliquidpc.com\/fr\/wp-json\/wp\/v2\/product\/6106","targetHints":{"allow":["GET"]}}],"collection":[{"href":"https:\/\/proliquidpc.com\/fr\/wp-json\/wp\/v2\/product"}],"about":[{"href":"https:\/\/proliquidpc.com\/fr\/wp-json\/wp\/v2\/types\/product"}],"wp:featuredmedia":[{"embeddable":true,"href":"https:\/\/proliquidpc.com\/fr\/wp-json\/wp\/v2\/media\/6107"}],"wp:attachment":[{"href":"https:\/\/proliquidpc.com\/fr\/wp-json\/wp\/v2\/media?parent=6106"}],"wp:term":[{"taxonomy":"product_brand","embeddable":true,"href":"https:\/\/proliquidpc.com\/fr\/wp-json\/wp\/v2\/product_brand?post=6106"},{"taxonomy":"product_cat","embeddable":true,"href":"https:\/\/proliquidpc.com\/fr\/wp-json\/wp\/v2\/product_cat?post=6106"},{"taxonomy":"product_tag","embeddable":true,"href":"https:\/\/proliquidpc.com\/fr\/wp-json\/wp\/v2\/product_tag?post=6106"}],"curies":[{"name":"wp","href":"https:\/\/api.w.org\/{rel}","templated":true}]}}