{"id":6109,"date":"2024-10-30T16:31:41","date_gmt":"2024-10-30T20:31:41","guid":{"rendered":"https:\/\/dev.proliquidpc.com\/boutique\/non%20class\u00e9\/ek-quantum-velocity%c2%b2-d-rgb-1700-nickel-titane-satine\/"},"modified":"2025-01-19T16:24:52","modified_gmt":"2025-01-19T21:24:52","slug":"ek-quantum-velocity%c2%b2-d-rgb-1700-nickel-titane-satine","status":"publish","type":"product","link":"https:\/\/proliquidpc.com\/fr\/boutique\/cpu-waterblock\/cpu-intel\/ek-quantum-velocity%c2%b2-d-rgb-1700-nickel-titane-satine\/","title":{"rendered":"EK-Quantum Velocity\u00b2 D-RGB &#8211; 1700 Nickel + Titane satin\u00e9"},"content":{"rendered":"<p>EK-Quantum Velocity\u00b2 D-RGB &#8211; 1700 Nickel + Satin Titanium est le nouveau Waterblock CPU haute performance de qualit\u00e9 sup\u00e9rieure pour la nouvelle plate-forme bas\u00e9e\u00ae sur Intel socket LGA 1700. Il est dot\u00e9 d&rsquo;un moteur de refroidissement de nouvelle g\u00e9n\u00e9ration sp\u00e9cifique \u00e0 la prise. Ce Waterblock CPU est conforme \u00e0 la norme EK-Matrix7 et est mont\u00e9 via un syst\u00e8me brevet\u00e9 EK Exact Mount.<\/p>\n<p>EK-Velocity2 D-RGB &#8211; Waterblock CPU 1700 Nickel + Titane Satin\u00e9 pour processeurs LGA 1700 Alder Lake<\/p>\n<p>Moteur de refroidissement OptiFlow<br \/>\nLes blocs d&rsquo;eau CPU de la s\u00e9rie EK-Quantum Velocity\u00b2 int\u00e8grent le moteur de refroidissement de nouvelle g\u00e9n\u00e9ration nomm\u00e9 OptiFlow. Ils utilisent une combinaison sp\u00e9cifique de pression de montage et de g\u00e9om\u00e9trie de plaque froide adapt\u00e9e \u00e0 l&rsquo;IHS et \u00e0 la disposition des puces des processeurs Intel LGA 1700. La faible restriction de d\u00e9bit hydraulique permet \u00e0 ces produits d&rsquo;\u00eatre utilis\u00e9s dans des configurations utilisant des pompes \u00e0 eau plus faibles ou des vitesses de pompe plus basses pour un fonctionnement silencieux suppl\u00e9mentaire, tout en atteignant des performances optimales ! La plaque froide tourn\u00e9e au tour est fabriqu\u00e9e avec pr\u00e9cision pour couvrir efficacement l&rsquo;IHS et exercer une pression sur la zone de la matrice.<\/p>\n<p>Les waterblocks de la s\u00e9rie Velocity\u00b2 couvrent l&rsquo;int\u00e9gralit\u00e9 du socket tout en se conformant aux directives d&rsquo;Intel concernant les zones de s\u00e9curit\u00e9.<\/p>\n<p>Mat\u00e9riau et fabrication du Waterblock<br \/>\nLa plaque froide est fabriqu\u00e9e \u00e0 partir de cuivre \u00e9lectrolytique pur \u00e0 99,99 % de la plus haute qualit\u00e9, usin\u00e9 avec pr\u00e9cision pour le meilleur contact possible et le meilleur transfert de chaleur, qui est en outre nickel\u00e9. Cette version du Waterblock est dot\u00e9e d&rsquo;une plaque froide nickel\u00e9e et d&rsquo;une table en laiton usin\u00e9 CNC avec une finition argent satin\u00e9 de haute qualit\u00e9.<\/p>\n<p>EK-Matrix7<br \/>\nL&rsquo;EK-Quantum Velocity\u00b2 est un produit compatible EK-Matrix7. L&rsquo;EK-Matrix7, un raster de produits qui ne manquera pas d&rsquo;\u00e9tablir une nouvelle norme. EK ajoute une nouvelle dimension au refroidissement liquide des PC, o\u00f9 la hauteur des produits et la distance entre les ports sont g\u00e9r\u00e9es par incr\u00e9ments de 7 mm. Cela am\u00e9liore l&rsquo;alignement du produit et r\u00e9duit le temps consacr\u00e9 \u00e0 la planification de la boucle et au pliage des tubes. Gr\u00e2ce \u00e0 la planification m\u00e9ticuleuse de nos produits, la construction d&rsquo;un PC refroidi par liquide devient facile et amusante, tout comme des briques de jouets.<\/p>\n<p>Montage brevet\u00e9 EK-Quantum Velocity\u00b2<\/p>\n<p>EK-Exact Mount est un syst\u00e8me de montage brevet\u00e9 con\u00e7u et fabriqu\u00e9 par EK \u00e0 la recherche d&rsquo;un m\u00e9canisme de montage facile \u00e0 utiliser, mais esth\u00e9tique. Il n&rsquo;est compos\u00e9 que de trois pi\u00e8ces : la backplate, les vis de montage et le Waterblock lui-m\u00eame. Il est viss\u00e9 par l&rsquo;arri\u00e8re, ce qui permet une esth\u00e9tique frontale sans couture et propre, sans qu&rsquo;aucune vis ne perturbe l&rsquo;harmonie des formes. Le syst\u00e8me utilise des ressorts pr\u00e9contraints dissimul\u00e9s dans le dessus du Waterblock, de sorte qu&rsquo;en quelques tours des \u00e9crous \u00e0 oreilles, l&rsquo;installation est termin\u00e9e et vous obtenez la pression de montage exacte n\u00e9cessaire.<\/p>\n<p>EK-Quantum Velocity\u00b2 \u00c9clairage LED D-RGB<br \/>\nCe produit est compatible avec toutes les technologies de synchronisation RVB adressables populaires de tous les principaux fabricants de cartes m\u00e8res. Ce Waterblock CPU est travers\u00e9 par un faisceau lumineux sophistiqu\u00e9. Le marquage fl\u00e9ch\u00e9 sur le connecteur LED D-RGB \u00e0 3 broches doit \u00eatre align\u00e9 avec le marquage +5V sur l&rsquo;en-t\u00eate D-RGB. 14 LED RGB adressables sont cach\u00e9es sous la pi\u00e8ce de d\u00e9passement. <\/p>\n<p>Gagner des prix prestigieux \u00e0 grande vitesse<br \/>\nN&rsquo;oublions pas de mentionner que nos produits Velocity\u00b2 ont remport\u00e9 cinq prix prestigieux \u00e0 ce jour. Leurs performances, leur conception innovante et leur approche audacieuse de la cr\u00e9ation de solutions de refroidissement par eau ont permis \u00e0 cette gamme de produits d&rsquo;obtenir la reconnaissance qu&rsquo;elle m\u00e9rite. Les produits Velocity\u00b2 ont \u00e9t\u00e9 r\u00e9compens\u00e9s par iF Design, European Hardware Awards, CES 22 et bien d&rsquo;autres.<\/p>\n<p>Caract\u00e9ristiques techniques :<br \/>\n&#8211; Longueur du c\u00e2ble D-RGB : 50 cm<br \/>\n&#8211; Connecteur D-RGB Embase LED num\u00e9rique 3 broches 5V (Brochage : +5V | Num\u00e9rique | Bloqu\u00e9 | Terrain)<\/p>\n<p>Compatibilit\u00e9 avec les sockets du processeur :<br \/>\n&#8211; Intel LGA 1700<\/p>\n<p>Ci-joint:<br \/>\n&#8211; Waterblock CPU EK-Quantum Velocity\u00b2<br \/>\n&#8211; M\u00e9canisme de montage universel du processeur Exact Mount<br \/>\n&#8211; backplate EK-Velocity\u00b2<br \/>\n&#8211; Cl\u00e9 Allen (HEX) de 2,5 mm<br \/>\n&#8211; Jetplate pour LGA 1700<br \/>\n&#8211; EK-Loop P\u00e2te thermique NGP<\/p>\n<p>VEUILLEZ NOTER :<\/p>\n<p>Ce produit ne doit PAS \u00eatre install\u00e9 avec des pi\u00e8ces en aluminium EK Fluid Gaming !<br \/>\nL&rsquo;utilisation de liquides de refroidissement sp\u00e9cialement con\u00e7us qui contiennent de la corrosion, du tartre et des inhibiteurs biologiques est obligatoire pour \u00e9viter d&rsquo;endommager votre Waterblock nickel\u00e9 ! EK propose une s\u00e9lection de ces produits dans la section des liquides de refroidissement.<br \/>\nLe marquage fl\u00e9ch\u00e9 sur le connecteur LED \u00e0 3 broches doit \u00eatre align\u00e9 avec le marquage +5V sur l&rsquo;en-t\u00eate D-RGB(A-RGB).<br \/>\nInformations compl\u00e9mentaires<br \/>\nOption Mat\u00e9riau \/ Design \/ Couleur Enti\u00e8rement nickel<br \/>\nFiletage G1\/4&Prime;<br \/>\nPrises Intel<\/p>\n","protected":false},"excerpt":{"rendered":"<p>EK-Quantum Velocity\u00b2 D-RGB &#8211; 1700 Nickel + Satin Titanium est le nouveau Waterblock CPU haute performance de qualit\u00e9 sup\u00e9rieure pour la nouvelle plate-forme bas\u00e9e\u00ae sur Intel socket LGA 1700. Il est dot\u00e9 d&rsquo;un moteur de refroidissement de nouvelle g\u00e9n\u00e9ration sp\u00e9cifique \u00e0 la prise. Ce Waterblock CPU est conforme \u00e0 la norme EK-Matrix7 et est mont\u00e9 [&hellip;]<\/p>\n","protected":false},"featured_media":6110,"template":"","meta":{"_genesis_hide_title":false,"_genesis_hide_breadcrumbs":false,"_genesis_hide_singular_image":false,"_genesis_hide_footer_widgets":false,"_genesis_custom_body_class":"","_genesis_custom_post_class":"","_genesis_layout":""},"product_brand":[],"product_cat":[43,36],"product_tag":[],"class_list":{"0":"post-6109","1":"product","2":"type-product","3":"status-publish","4":"has-post-thumbnail","6":"product_cat-cpu-intel","7":"product_cat-cpu-waterblock","8":"entry","10":"first","11":"instock","12":"taxable","13":"shipping-taxable","14":"purchasable","15":"product-type-simple"},"_links":{"self":[{"href":"https:\/\/proliquidpc.com\/fr\/wp-json\/wp\/v2\/product\/6109","targetHints":{"allow":["GET"]}}],"collection":[{"href":"https:\/\/proliquidpc.com\/fr\/wp-json\/wp\/v2\/product"}],"about":[{"href":"https:\/\/proliquidpc.com\/fr\/wp-json\/wp\/v2\/types\/product"}],"wp:featuredmedia":[{"embeddable":true,"href":"https:\/\/proliquidpc.com\/fr\/wp-json\/wp\/v2\/media\/6110"}],"wp:attachment":[{"href":"https:\/\/proliquidpc.com\/fr\/wp-json\/wp\/v2\/media?parent=6109"}],"wp:term":[{"taxonomy":"product_brand","embeddable":true,"href":"https:\/\/proliquidpc.com\/fr\/wp-json\/wp\/v2\/product_brand?post=6109"},{"taxonomy":"product_cat","embeddable":true,"href":"https:\/\/proliquidpc.com\/fr\/wp-json\/wp\/v2\/product_cat?post=6109"},{"taxonomy":"product_tag","embeddable":true,"href":"https:\/\/proliquidpc.com\/fr\/wp-json\/wp\/v2\/product_tag?post=6109"}],"curies":[{"name":"wp","href":"https:\/\/api.w.org\/{rel}","templated":true}]}}