{"id":6130,"date":"2024-10-30T16:31:41","date_gmt":"2024-10-30T20:31:41","guid":{"rendered":"https:\/\/dev.proliquidpc.com\/boutique\/non%20class\u00e9\/ek-wb-flacon-de-remplissage-1000ml\/"},"modified":"2025-09-07T23:44:12","modified_gmt":"2025-09-08T03:44:12","slug":"ek-wb-flacon-de-remplissage-1000ml","status":"publish","type":"product","link":"https:\/\/proliquidpc.com\/fr\/boutique\/outils\/ek-wb-flacon-de-remplissage-1000ml\/","title":{"rendered":"EK-WB Flacon de remplissage (1000mL)"},"content":{"rendered":"<p>La bouteille de remplissage est con\u00e7ue pour faciliter consid\u00e9rablement votre processus de remplissage de boucle. Tr\u00e8s pratique pour m\u00e9langer les concentr\u00e9s EK-CryoFuel avec de l\u2019eau distill\u00e9e. Le tube t\u00e9lescopique de la bouteille de remplissage peut atteindre m\u00eame les ports de remplissage les plus \u00e9loign\u00e9s et les plus bond\u00e9s. Le tube \u00e9troit n\u2019oblige pas l\u2019utilisateur \u00e0 d\u00e9visser tout le bouchon du r\u00e9servoir pour remplir la boucle de liquide de refroidissement, le retrait du bouchon de l\u2019orifice de remplissage est plus que suffisant.<\/p>\n<p>Ci-joint:<br \/>\n&#8211; 1x bouteille de remplissage (1000mL)<\/p>\n<p>VEUILLEZ NOTER :<\/p>\n<p>Le produit r\u00e9el peut diff\u00e9rer<\/p>\n","protected":false},"excerpt":{"rendered":"<p>La bouteille de remplissage est con\u00e7ue pour faciliter consid\u00e9rablement votre processus de remplissage de boucle. Tr\u00e8s pratique pour m\u00e9langer les concentr\u00e9s EK-CryoFuel avec de l\u2019eau distill\u00e9e. Le tube t\u00e9lescopique de la bouteille de remplissage peut atteindre m\u00eame les ports de remplissage les plus \u00e9loign\u00e9s et les plus bond\u00e9s. Le tube \u00e9troit n\u2019oblige pas l\u2019utilisateur \u00e0 [&hellip;]<\/p>\n","protected":false},"featured_media":6131,"template":"","meta":{"_genesis_hide_title":false,"_genesis_hide_breadcrumbs":false,"_genesis_hide_singular_image":false,"_genesis_hide_footer_widgets":false,"_genesis_custom_body_class":"","_genesis_custom_post_class":"","_genesis_layout":""},"product_brand":[],"product_cat":[44],"product_tag":[],"class_list":{"0":"post-6130","1":"product","2":"type-product","3":"status-publish","4":"has-post-thumbnail","6":"product_cat-outils","7":"entry","9":"first","10":"outofstock","11":"taxable","12":"shipping-taxable","13":"purchasable","14":"product-type-simple"},"_links":{"self":[{"href":"https:\/\/proliquidpc.com\/fr\/wp-json\/wp\/v2\/product\/6130","targetHints":{"allow":["GET"]}}],"collection":[{"href":"https:\/\/proliquidpc.com\/fr\/wp-json\/wp\/v2\/product"}],"about":[{"href":"https:\/\/proliquidpc.com\/fr\/wp-json\/wp\/v2\/types\/product"}],"wp:featuredmedia":[{"embeddable":true,"href":"https:\/\/proliquidpc.com\/fr\/wp-json\/wp\/v2\/media\/6131"}],"wp:attachment":[{"href":"https:\/\/proliquidpc.com\/fr\/wp-json\/wp\/v2\/media?parent=6130"}],"wp:term":[{"taxonomy":"product_brand","embeddable":true,"href":"https:\/\/proliquidpc.com\/fr\/wp-json\/wp\/v2\/product_brand?post=6130"},{"taxonomy":"product_cat","embeddable":true,"href":"https:\/\/proliquidpc.com\/fr\/wp-json\/wp\/v2\/product_cat?post=6130"},{"taxonomy":"product_tag","embeddable":true,"href":"https:\/\/proliquidpc.com\/fr\/wp-json\/wp\/v2\/product_tag?post=6130"}],"curies":[{"name":"wp","href":"https:\/\/api.w.org\/{rel}","templated":true}]}}