{"id":6197,"date":"2024-10-30T16:31:41","date_gmt":"2024-10-30T20:31:41","guid":{"rendered":"https:\/\/dev.proliquidpc.com\/boutique\/non%20class\u00e9\/ek-cryofuel-vert-neon-opaque-premixe-1000ml\/"},"modified":"2025-02-09T15:51:26","modified_gmt":"2025-02-09T20:51:26","slug":"ek-cryofuel-vert-neon-opaque-premixe-1000ml","status":"publish","type":"product","link":"https:\/\/proliquidpc.com\/fr\/boutique\/liquides\/premixe\/ek-cryofuel-vert-neon-opaque-premixe-1000ml\/","title":{"rendered":"EK-CryoFuel Vert N\u00e9on Opaque (Pr\u00e9mix\u00e9 1000mL)"},"content":{"rendered":"<p>Les liquides de refroidissement solides non transparents EK-CryoFuel sont tous bas\u00e9s sur une nouvelle formule en instance de brevet avec une stabilit\u00e9 de couleur vive et durable. Le liquide de refroidissement contient tout ce dont un syst\u00e8me de refroidissement liquide haut de gamme a besoin pour des performances thermiques efficaces et fournir la protection n\u00e9cessaire \u00e0 vos blocs d&rsquo;eau. Il porte les inhibiteurs de corrosion synergiques essentiels, favorisant ainsi une dur\u00e9e de vie longue et s\u00fbre de vos produits de refroidissement liquide et une efficacit\u00e9 thermique \u00e9lev\u00e9e.<\/p>\n<p>Avec d&rsquo;innombrables heures de tests de sc\u00e9narios r\u00e9els en interne et par des tiers, EK-CryoFuel Solid est le liquide de refroidissement le plus stable chimiquement qui offre aux passionn\u00e9s le meilleur niveau de performance et d&rsquo;efficacit\u00e9 thermique possible en mettant l&rsquo;accent sur la stabilit\u00e9 des couleurs. La principale caract\u00e9ristique de la nouvelle formule de refroidissement est qu&rsquo;il ne s\u00e9dimente pas apr\u00e8s de longues heures d&rsquo;inactivit\u00e9 de la boucle de refroidissement. Con\u00e7u sp\u00e9cifiquement pour les syst\u00e8mes de refroidissement liquide par ordinateur, l&rsquo;EK-CryoFuel offre une dur\u00e9e de conservation de 4 ans \u00e0 compter de la date d&#8217;embouteillage.<\/p>\n<p>Une l\u00e9g\u00e8re s\u00e9dimentation de l&rsquo;additif UV sur le fond d&rsquo;une bouteille non ouverte peut se produire. La s\u00e9dimentation est facilement bris\u00e9e par une simple secousse de la bouteille et ne pr\u00e9sente aucune menace pour votre boucle de refroidissement liquide.<\/p>\n<p>L&rsquo;EK-CryoFuel est un pr\u00e9m\u00e9lange complet qui pr\u00e9sente les caract\u00e9ristiques cl\u00e9s suivantes :- contient des inhibiteurs de corrosion et de tartre- bonnes caract\u00e9ristiques de transfert de chaleur- les pigments de couleur ne laissent pas de r\u00e9sidus- chaleur sp\u00e9cifique \u00e9lev\u00e9e- chimiquement stable- faible viscosit\u00e9- non toxique<\/p>\n<p>Tous les m\u00e9langes EK-CryoFuel sont biod\u00e9gradables (90% sur une p\u00e9riode de 10 jours) et ne resteront pas dans l&rsquo;environnement ou ne se bioaccumuleront pas.<\/p>\n<p>EK-CryoFuel contient des inhibiteurs de corrosion synergiques pour prot\u00e9ger les m\u00e9taux que l&rsquo;on trouve couramment dans les syst\u00e8mes de refroidissement liquide des ordinateurs. Il a \u00e9t\u00e9 test\u00e9 conform\u00e9ment \u00e0 la norme BS5117 (ASTM D1384) et r\u00e9pond aux normes de corrosion pour le cuivre, le laiton et l&rsquo;acier inoxydable.<\/p>\n<p>Caract\u00e9ristiques :<br \/>\n&#8211; faible conductivit\u00e9 \u00e9lectrique- protection contre la corrosion selon les normes BS5117 (ASTM D1384)<br \/>\n&#8211; pigments concentr\u00e9s de haute qualit\u00e9 pour des couleurs intenses, vives et satur\u00e9es- compatible avec les mat\u00e9riaux acrylique, PETG, POM ac\u00e9tal, caoutchouc (NBR, EPDM et Norprene)<br \/>\n&#8211; respectueux de l&rsquo;environnement (biod\u00e9gradable \u00e0 90% en 10 jours)<br \/>\n&#8211; conforme \u00e0 REACH<br \/>\n&#8211; dur\u00e9e de conservation de 4 ans apr\u00e8s la mise en bouteille- r\u00e9actif aux UV : Oui<\/p>\n<p>VEUILLEZ NOTER :<\/p>\n<p>Il est fortement sugg\u00e9r\u00e9 de changer le liquide de refroidissement au moins tous les 12 mois. Ne rincez pas toute la boucle avec de l&rsquo;eau distill\u00e9e. Utilisez plut\u00f4t la solution EK-Cryofuel Superflush. Pour une meilleure stabilit\u00e9 des couleurs, EK vous recommande vivement de ne pas rincer votre boucle avec des produits chimiques agressifs, du vinaigre, etc. avant d&rsquo;utiliser EK-CryoFuel.\u00c0 l&rsquo;exception des radiateurs, il n&rsquo;est pas sugg\u00e9r\u00e9 de rincer les nouveaux composants de refroidissement par eau. Laisser des orifices ouverts dans votre boucle peut provoquer l&rsquo;\u00e9vaporation des additifs de refroidissement protecteurs. L&rsquo;ouverture des ports n&rsquo;aide pas \u00e0 \u00e9vacuer l&rsquo;air de votre boucle. S&rsquo;il y a une baisse lente du niveau de liquide de refroidissement du r\u00e9servoir dans les semaines qui suivent le remplissage de la boucle, cela est g\u00e9n\u00e9ralement d\u00fb au remplacement de l&rsquo;air emprisonn\u00e9 \u00e0 l&rsquo;int\u00e9rieur des composants de la boucle (le plus souvent des radiateurs) par le liquide de refroidissement du r\u00e9servoir. Faites le plein de votre r\u00e9servoir pour vous assurer d&rsquo;avoir une r\u00e9serve pour l&rsquo;avenir. Avant d&rsquo;introduire un liquide de refroidissement d&rsquo;une couleur diff\u00e9rente dans votre boucle, utilisez EK-CryoFuel Loop Cleaner + Superflush.Non compatible avec la solution de nettoyage Mayhems Blitz ! Agitez avant utilisation ! Ne pas m\u00e9langer avec d&rsquo;autres liquides de refroidissement de la s\u00e9rie EK-CryoFuel ! N&rsquo;ajoutez pas de biocides \u00e0 EK-CryoFuel car le produit contient d\u00e9j\u00e0 de tels additifs ! Le non-respect de cette consigne peut entra\u00eener une panne du colorant et du liquide de refroidissement. La dur\u00e9e de conservation prolong\u00e9e de 4 ans s&rsquo;applique \u00e9galement \u00e0 tous les liquides de refroidissement dont l&rsquo;ancien \u00e9tiquetage indique toujours une dur\u00e9e de conservation plus courte du produit. Avant d&rsquo;utiliser votre nouveau liquide de refroidissement CryoFuel, EK vous conseille de consulter ce guide vid\u00e9o sur la pr\u00e9paration d&rsquo;une boucle.<\/p>\n<p><iframe loading=\"lazy\" title=\"Purpose-Made Coolants 101 | Basics of Liquid Cooling\" width=\"500\" height=\"281\" src=\"https:\/\/www.youtube.com\/embed\/ynUvaUosgOg?feature=oembed\" frameborder=\"0\" allow=\"accelerometer; autoplay; clipboard-write; encrypted-media; gyroscope; picture-in-picture; web-share\" referrerpolicy=\"strict-origin-when-cross-origin\" allowfullscreen><\/iframe><\/p>\n","protected":false},"excerpt":{"rendered":"<p>Les liquides de refroidissement solides non transparents EK-CryoFuel sont tous bas\u00e9s sur une nouvelle formule en instance de brevet avec une stabilit\u00e9 de couleur vive et durable. Le liquide de refroidissement contient tout ce dont un syst\u00e8me de refroidissement liquide haut de gamme a besoin pour des performances thermiques efficaces et fournir la protection n\u00e9cessaire [&hellip;]<\/p>\n","protected":false},"featured_media":6198,"template":"","meta":{"_genesis_hide_title":false,"_genesis_hide_breadcrumbs":false,"_genesis_hide_singular_image":false,"_genesis_hide_footer_widgets":false,"_genesis_custom_body_class":"","_genesis_custom_post_class":"","_genesis_layout":""},"product_brand":[],"product_cat":[66,67],"product_tag":[],"class_list":{"0":"post-6197","1":"product","2":"type-product","3":"status-publish","4":"has-post-thumbnail","6":"product_cat-liquides","7":"product_cat-premixe","8":"entry","10":"first","11":"instock","12":"taxable","13":"shipping-taxable","14":"purchasable","15":"product-type-simple"},"_links":{"self":[{"href":"https:\/\/proliquidpc.com\/fr\/wp-json\/wp\/v2\/product\/6197","targetHints":{"allow":["GET"]}}],"collection":[{"href":"https:\/\/proliquidpc.com\/fr\/wp-json\/wp\/v2\/product"}],"about":[{"href":"https:\/\/proliquidpc.com\/fr\/wp-json\/wp\/v2\/types\/product"}],"wp:featuredmedia":[{"embeddable":true,"href":"https:\/\/proliquidpc.com\/fr\/wp-json\/wp\/v2\/media\/6198"}],"wp:attachment":[{"href":"https:\/\/proliquidpc.com\/fr\/wp-json\/wp\/v2\/media?parent=6197"}],"wp:term":[{"taxonomy":"product_brand","embeddable":true,"href":"https:\/\/proliquidpc.com\/fr\/wp-json\/wp\/v2\/product_brand?post=6197"},{"taxonomy":"product_cat","embeddable":true,"href":"https:\/\/proliquidpc.com\/fr\/wp-json\/wp\/v2\/product_cat?post=6197"},{"taxonomy":"product_tag","embeddable":true,"href":"https:\/\/proliquidpc.com\/fr\/wp-json\/wp\/v2\/product_tag?post=6197"}],"curies":[{"name":"wp","href":"https:\/\/api.w.org\/{rel}","templated":true}]}}