{"id":6272,"date":"2024-10-30T16:31:41","date_gmt":"2024-10-30T20:31:41","guid":{"rendered":"https:\/\/dev.proliquidpc.com\/boutique\/non%20class\u00e9\/ek-quantum-torque-double-rotary-offset-28-noir\/"},"modified":"2025-02-12T14:08:47","modified_gmt":"2025-02-12T19:08:47","slug":"ek-quantum-torque-double-rotary-offset-28-noir","status":"publish","type":"product","link":"https:\/\/proliquidpc.com\/fr\/boutique\/fittings\/45-90-190\/ek-quantum-torque-double-rotary-offset-28-noir\/","title":{"rendered":"EK-Quantum Torque Double Rotary Offset 28 &#8211; Noir"},"content":{"rendered":"<p>EK-Quantum Torque Double Rotary Offset 28 &#8211; Noir est un fitting adaptateur de 28 mm \u00e0 filetage m\u00e2le+femelle rotatif haut de gamme avec deux joints s\u00e9par\u00e9s, chacun avec son propre m\u00e9canisme de rotation. Il est couramment utilis\u00e9 pour d\u00e9caler deux tubes parall\u00e8les ou perpendiculaires et est mieux utilis\u00e9 sur les blocs d\u2019eau GPU et CPU pour aligner le tube directement avec l\u2019orifice de la distroplate. Sur le plan esth\u00e9tique, il s\u2019adapte parfaitement aux fittings et adaptateurs de la s\u00e9rie EK-Quantum Torque. Ces fittings remplacent efficacement les trois produits suivants : les rotatives inclin\u00e9es 45 et 90, et une rallonge de 7 MF.<\/p>\n<p>S\u00e9rie de fittings EK-Quantum Torque \u00e0 double d\u00e9calage rotatif<\/p>\n<p>Fabriqu\u00e9 en laiton usin\u00e9 CNC avec une finition noire satin\u00e9e. Scell\u00e9 avec des joints toriques NBR de qualit\u00e9. Contrairement aux pr\u00e9c\u00e9dents d\u00e9calages rotatifs d\u2019EK pour 7 et 14 mm, ces fittings se composent de deux pi\u00e8ces et comportent \u00e9galement un \u00e9l\u00e9ment rotatif au milieu. Cela leur permet non seulement de d\u00e9caler le port, mais aussi de changer l\u2019angle. Il y a des clics tactiles \u00e0 chaque tour de 45 degr\u00e9s pour positionner facilement le fitting comme l\u2019exige votre construction, mais le d\u00e9calage peut \u00e9galement \u00eatre arr\u00eat\u00e9 et utilis\u00e9 \u00e0 n\u2019importe quel angle. <\/p>\n<p>S\u00e9rie de fittings EK-Quantum Torque \u00e0 double d\u00e9calage rotatif<\/p>\n<p>Il peut \u00eatre serr\u00e9 par le haut \u00e0 l\u2019aide d\u2019une cl\u00e9 hexagonale pour plus de commodit\u00e9 ou au cas o\u00f9 le moletage r\u00e9gulier n\u2019est pas accessible.   <\/p>\n<p>S\u00e9rie de fittings EK-Quantum Torque \u00e0 double d\u00e9calage rotatif<\/p>\n<p>Les fittings sont tr\u00e8s utiles pour aligner parfaitement des tubes durs sur une distroplate lorsque vous souhaitez r\u00e9aliser des parcours de tubes parall\u00e8les \u00e0 partir du GPU ou du CPU. Sp\u00e9cialement con\u00e7us selon la norme EK-Matrix7, ils compl\u00e8tent la hauteur variable des blocs d\u2019eau GPU Vector\u00b2 et leur permettent de s\u2019acheminer parfaitement avec une course droite dans la distroplate. <\/p>\n<p>Les produits de la s\u00e9rie EK-Quantum Torque ont re\u00e7u le prestigieux iF Design Award. Une esth\u00e9tique robuste et industrielle distingue la famille Torque en mettant en valeur les processus de fabrication pr\u00e9cis utilis\u00e9s pour les cr\u00e9er. De plus, les passionn\u00e9s peuvent ajouter un anneau de couleur unique pour donner un accent personnel \u00e0 la ligne d\u2019ajustement. La famille de fittings Torque offre un syst\u00e8me s\u00fbr et modulaire de connexions entre les composants de refroidissement liquide et les tubes au sein d\u2019un PC. Les produits de la s\u00e9rie Quantum Torque couvrent les adaptateurs coud\u00e9s, les fittings d&rsquo;extension rotatives et statiques, les s\u00e9parateurs, les bouchons G1\/4&Prime;, les Valves de vidange, les fittings et bien plus encore.<\/p>\n<p>Caract\u00e9ristiques techniques :<\/p>\n<p>&#8211; Filetage : 2 x G1\/4&Prime; (m\u00e2le-femelle)<br \/>\n&#8211; Longueur du filetage : 4,5 mm<br \/>\n&#8211; Mat\u00e9riau : Laiton<br \/>\n&#8211; Hauteur install\u00e9e : 33 mm<br \/>\n&#8211; Finition : Noir<br \/>\n&#8211; D\u00e9port : 28 mm<br \/>\n&#8211; Diam\u00e8tre ext\u00e9rieur : 23 mm<\/p>\n","protected":false},"excerpt":{"rendered":"<p>EK-Quantum Torque Double Rotary Offset 28 &#8211; Noir est un fitting adaptateur de 28 mm \u00e0 filetage m\u00e2le+femelle rotatif haut de gamme avec deux joints s\u00e9par\u00e9s, chacun avec son propre m\u00e9canisme de rotation. Il est couramment utilis\u00e9 pour d\u00e9caler deux tubes parall\u00e8les ou perpendiculaires et est mieux utilis\u00e9 sur les blocs d\u2019eau GPU et CPU [&hellip;]<\/p>\n","protected":false},"featured_media":6273,"template":"","meta":{"_genesis_hide_title":false,"_genesis_hide_breadcrumbs":false,"_genesis_hide_singular_image":false,"_genesis_hide_footer_widgets":false,"_genesis_custom_body_class":"","_genesis_custom_post_class":"","_genesis_layout":""},"product_brand":[],"product_cat":[45,29],"product_tag":[],"class_list":{"0":"post-6272","1":"product","2":"type-product","3":"status-publish","4":"has-post-thumbnail","6":"product_cat-45-90-190","7":"product_cat-fittings","8":"entry","10":"first","11":"instock","12":"taxable","13":"shipping-taxable","14":"purchasable","15":"product-type-simple"},"_links":{"self":[{"href":"https:\/\/proliquidpc.com\/fr\/wp-json\/wp\/v2\/product\/6272","targetHints":{"allow":["GET"]}}],"collection":[{"href":"https:\/\/proliquidpc.com\/fr\/wp-json\/wp\/v2\/product"}],"about":[{"href":"https:\/\/proliquidpc.com\/fr\/wp-json\/wp\/v2\/types\/product"}],"wp:featuredmedia":[{"embeddable":true,"href":"https:\/\/proliquidpc.com\/fr\/wp-json\/wp\/v2\/media\/6273"}],"wp:attachment":[{"href":"https:\/\/proliquidpc.com\/fr\/wp-json\/wp\/v2\/media?parent=6272"}],"wp:term":[{"taxonomy":"product_brand","embeddable":true,"href":"https:\/\/proliquidpc.com\/fr\/wp-json\/wp\/v2\/product_brand?post=6272"},{"taxonomy":"product_cat","embeddable":true,"href":"https:\/\/proliquidpc.com\/fr\/wp-json\/wp\/v2\/product_cat?post=6272"},{"taxonomy":"product_tag","embeddable":true,"href":"https:\/\/proliquidpc.com\/fr\/wp-json\/wp\/v2\/product_tag?post=6272"}],"curies":[{"name":"wp","href":"https:\/\/api.w.org\/{rel}","templated":true}]}}