{"id":6289,"date":"2024-10-30T16:31:41","date_gmt":"2024-10-30T20:31:41","guid":{"rendered":"https:\/\/dev.proliquidpc.com\/boutique\/non%20class\u00e9\/ek-quantum-vector%c2%b2-strix-tuf-rtx-4080-d-rgb-nickel-plexi\/"},"modified":"2025-01-19T16:25:38","modified_gmt":"2025-01-19T21:25:38","slug":"ek-quantum-vector%c2%b2-strix-tuf-rtx-4080-d-rgb-nickel-plexi","status":"publish","type":"product","link":"https:\/\/proliquidpc.com\/fr\/boutique\/gpu-waterblock\/gpu-nvidia\/serie-4000\/ek-quantum-vector%c2%b2-strix-tuf-rtx-4080-d-rgb-nickel-plexi\/","title":{"rendered":"EK-Quantum Vector\u00b2 Strix\/TUF RTX 4080 D-RGB &#8211; Nickel + Plexi"},"content":{"rendered":"<p>Refroidissement GPU haute performance<br \/>\nLes nouveaux blocs d&rsquo;eau Vector\u00b2 r\u00e9solvent sans effort le probl\u00e8me de la g\u00e9n\u00e9ration excessive de chaleur lors d&rsquo;une charge \u00e9lev\u00e9e sur le c\u0153ur du GPU, le module de r\u00e9gulation de tension et la VRAM GDDR6X des cartes graphiques ROG Strix et ASUS TUF RTX 4080.<\/p>\n<p>Waterblock GPU pour GPU ROG Strix et ASUS TUF 4080<\/p>\n<p>backplate incluse<br \/>\nLe paquet contient d\u00e9sormais :<\/p>\n<p>Un waterblock GPU haute performance de derni\u00e8re g\u00e9n\u00e9ration<br \/>\nbackplate usin\u00e9e CNC de qualit\u00e9 sup\u00e9rieure<br \/>\nM\u00e9canisme de montage<br \/>\nEK-Loop P\u00e2te thermique NGP<br \/>\nCoussinets thermiques<br \/>\nSupport GPU \u00e0 double emplacement sur mesure<br \/>\nOutil de d\u00e9verrouillage du c\u00e2ble d&rsquo;alimentation GPU et PCI<br \/>\nUne backplate noire \u00e0 couverture compl\u00e8te est incluse avec le Waterblock GPU. Son profil distinctif en forme de L entoure l&rsquo;ensemble du GPU tout en augmentant la surface de refroidissement. La backplate est \u00e9galement livr\u00e9e avec des vis imperdables pr\u00e9install\u00e9es qui simplifient l&rsquo;installation. Ils veillent \u00e0 ce que la vis de la bonne taille soit toujours utilis\u00e9e l\u00e0 o\u00f9 elle est n\u00e9cessaire.<\/p>\n<p>Pi\u00e8ce ma\u00eetresse technique et visuelle<br \/>\nL&rsquo;apparence des blocs d&rsquo;eau de nouvelle g\u00e9n\u00e9ration est domin\u00e9e par des lignes droites minimalistes. Une plaque froide en cuivre de 10 mm d&rsquo;\u00e9paisseur est utilis\u00e9e pour tous les waterblocks GPU Vector\u00b2. Pour les versions en plexi, l&rsquo;\u00e9clairage D-RGB est d\u00e9sormais d\u00e9ploy\u00e9 sur le bord le plus long du Waterblock pour une fid\u00e9lit\u00e9 et une luminosit\u00e9 am\u00e9lior\u00e9es sous tous les angles de vue. Le circuit imprim\u00e9 LED est dissimul\u00e9 \u00e0 l&rsquo;int\u00e9rieur d&rsquo;une extrusion d&rsquo;aluminium propre. <\/p>\n<p>Support EK-Matrix7 &#8211; pour un montage plus facile des boucles et des lignes droites<br \/>\nMatrix7 normalise les dimensions des produits, y compris la position et l&rsquo;espacement des ports, ce qui rend l&rsquo;assemblage de la boucle de refroidissement liquide plus intuitif et plus facile. Les bo\u00eetiers de refroidissement GPU EK-Quantum Vector\u00b2 suivent la norme EK-Matrix7, ce qui leur permet de s&rsquo;int\u00e9grer de mani\u00e8re transparente aux plaques de distribution EK-Quantum Reflection\u00b2. Cela apporte une compatibilit\u00e9 avec le support GPU vertical EK l un alignement parfait des ports en position horizontale et verticale, ce qui signifie moins de temps utilis\u00e9 pour la planification de la boucle, la flexion des tubes, et le r\u00e9sultat final sera toujours une construction \u00e9pique.<\/p>\n<p>EK-Quantum Vector\u00b2 Strix\/TUF RTX 4080 D-RGB &#8211; Nickel + Plexi<br \/>\nLe set EK-Quantum Vector\u00b2 Strix\/TUF RTX 4080 D-RGB &#8211; Nickel + Plexi GPU water block + backplate est compatible avec :<\/p>\n<p>ROG Strix et ASUS TUF GeForce RTX 4080<br \/>\nPour une compatibilit\u00e9 pr\u00e9cise de ce Waterblock, nous vous recommandons de vous r\u00e9f\u00e9rer au configurateur de refroidissement EK.<\/p>\n<p>Nouveau moteur de refroidissement &#8211; pour un meilleur refroidissement dans tous les sc\u00e9narios<br \/>\nLe Waterblock Vector refroidit activement le GPU, la VRAM, les \u00e9tages de puissance et passivement les points chauds du PCB qui se trouvent \u00e0 l&rsquo;arri\u00e8re du c\u0153ur du GPU, de la VRAM et du VRM (module de r\u00e9gulation de tension) \u00e0 travers la backplate.<\/p>\n<p>Le moteur de refroidissement Vector\u00b2 mis en \u0153uvre utilise un nouvel insert acrylique usin\u00e9 en 3D pour am\u00e9liorer la distribution du flux et les performances thermiques. Ce nouveau moteur de refroidissement est bas\u00e9 sur une conception Open Split-Flow, mais la forme asym\u00e9trique de l&rsquo;insert de jet aide \u00e0 r\u00e9partir un flux uniforme entre la premi\u00e8re et la derni\u00e8re ailettes en cuivre. La g\u00e9om\u00e9trie de la structure des ailettes a \u00e9t\u00e9 optimis\u00e9e pour fournir une distribution uniforme du d\u00e9bit avec des pertes minimales et des performances optimales, m\u00eame lorsqu&rsquo;elle est utilis\u00e9e dans des sc\u00e9narios d&rsquo;\u00e9coulement d&rsquo;eau invers\u00e9. Il se caract\u00e9rise \u00e9galement par une faible restriction de d\u00e9bit hydraulique, ce qui signifie qu&rsquo;il peut \u00eatre utilis\u00e9 avec des pompes \u00e0 eau plus faibles ou des pompes fonctionnant \u00e0 basse vitesse tout en atteignant des performances optimales.<\/p>\n<p>Vector2 GPU water block pour r\u00e9f\u00e9rence RTX 4080 GPU<\/p>\n<p>Un grand soin a \u00e9t\u00e9 apport\u00e9 \u00e0 l&rsquo;obtention d&rsquo;un domaine d&rsquo;\u00e9coulement sym\u00e9trique en utilisant un pont interne vers les composants secondaires. Cela a \u00e9t\u00e9 fait pour assurer le refroidissement des composants secondaires sans sacrifier la distribution du flux sur le c\u0153ur du GPU.<\/p>\n<p>Mat\u00e9riaux haut de gamme et ing\u00e9nierie intelligente pour une long\u00e9vit\u00e9 et des performances de pointe<br \/>\nTous les waterblocks GPU Vector\u00b2 utilisent une plaque froide en cuivre \u00e9pais de 10 mm avec une borne en ac\u00e9tal fix\u00e9e directement \u00e0 celle-ci pour cr\u00e9er un assemblage robuste. Une conception \u00e0 joint torique unique est utilis\u00e9e pour cr\u00e9er un joint entre la plaque froide et le dessus du Waterblock, r\u00e9duisant ainsi le nombre de points de d\u00e9faillance. Cela signifie \u00e9galement que vous avez vu la fin des plaques de pont en acier inoxydable qui \u00e9taient auparavant utilis\u00e9es sur les blocs d&rsquo;eau GPU. Cette construction simple offre une confiance lors de la personnalisation et de la maintenance. Des couvercles magn\u00e9tiques tactiles sont utilis\u00e9s pour dissimuler les vis des bornes, ce qui permet la rotation du marquage lorsque le GPU est invers\u00e9 dans le bo\u00eetier.<\/p>\n<p>La plaque froide est usin\u00e9e CNC \u00e0 partir de cuivre \u00e9lectrolytique pur de haute qualit\u00e9, qui est ensuite nickel\u00e9, tandis que sa partie sup\u00e9rieure est usin\u00e9e CNC \u00e0 partir d&rsquo;acrylique coul\u00e9 semblable \u00e0 du verre. La backplate anodis\u00e9e noire a un nouveau profil en forme de L qui touche la base du Waterblock et entoure l&rsquo;ensemble du GPU tout en augmentant la surface de refroidissement, ce qui permet d&rsquo;obtenir des performances encore meilleures. <\/p>\n<p>backplate incluse<br \/>\nPour la premi\u00e8re fois, des vis imperdables sont ajout\u00e9es \u00e0 la backplate. Ils simplifient l&rsquo;installation, en veillant \u00e0 ce que la bonne longueur soit toujours utilis\u00e9e l\u00e0 o\u00f9 elle est n\u00e9cessaire pour \u00e9viter toute erreur ou remise en question de l&rsquo;utilisateur.<\/p>\n<p>La backplate am\u00e9liore l&rsquo;esth\u00e9tique g\u00e9n\u00e9rale de vos cartes graphiques et fournit \u00e9galement un refroidissement passif suppl\u00e9mentaire pour l&rsquo;arri\u00e8re des sections VRM, noyau et VRAM de la carte de circuit imprim\u00e9.<\/p>\n<p>Couvercles magn\u00e9tiques rotatifs<br \/>\nDes couvercles magn\u00e9tiques \u00e9l\u00e9gants sont utilis\u00e9s pour dissimuler les vis de la borne, ce qui permet la rotation de la marque lorsque le Waterblock du GPU et le bo\u00eetier de la backplate active sont invers\u00e9s dans le bo\u00eetier ou utilis\u00e9s sur un support GPU vertical.<\/p>\n<p>Vector2 GPU water block pour r\u00e9f\u00e9rence RTX 4080 GPU<\/p>\n<p>Compatibilit\u00e9 D-RGB adressable<br \/>\nL&rsquo;\u00e9clairage LED D-RGB adressable est d\u00e9ploy\u00e9 sur le bord le plus long du Waterblock pour une uniformit\u00e9 et une luminosit\u00e9 am\u00e9lior\u00e9es. Le circuit imprim\u00e9 et les diodes sont dissimul\u00e9s \u00e0 l&rsquo;int\u00e9rieur d&rsquo;une extrusion d&rsquo;aluminium propre. La LED RVB adressable individuellement est compatible avec les technologies de synchronisation RVB populaires de tous les principaux fabricants de cartes m\u00e8res. Le marquage fl\u00e9ch\u00e9 sur le connecteur LED D-RGB \u00e0 3 broches doit \u00eatre align\u00e9 avec le marquage +5V sur l&rsquo;en-t\u00eate D-RGB (adressable) (Brochage : +5V | Donn\u00e9es | Bloqu\u00e9 | Terrain).<\/p>\n<p>Compatibilit\u00e9 EK Vector RGB<\/p>\n<p>Les blocs d&rsquo;eau Vector\u00b2 ont remport\u00e9 un iF Design Award<br \/>\nLes waterblocks haut de gamme d&rsquo;EK de la gamme de produits Quantum Vector\u00b2 ont remport\u00e9 les iF Design Awards 2022. Ces prix prestigieux signifient les niveaux de conception de haut niveau offerts par nos produits aux consommateurs et \u00e0 la communaut\u00e9 du design. Non seulement les blocs d&rsquo;eau Vector\u00b2 ont un aspect esth\u00e9tique qui m\u00e9rite ces prix, mais ils apportent \u00e9galement des technologies en instance de brevet et des caract\u00e9ristiques pr\u00e9cieuses.<\/p>\n<p>iF Awards 2022<\/p>\n<p>Sp\u00e9cification technique:<\/p>\n<p>&#8211; Dimensions (L x H x l) : 260 x 153 x 27 mm<br \/>\n&#8211; Nombre de LED D-RGB : 12<br \/>\n&#8211; Longueur du c\u00e2ble D-RGB : 50 cm<br \/>\n&#8211; Connecteur D-RGB Embase LED num\u00e9rique 3 broches 5V (Brochage : +5V | Donn\u00e9es | Bloqu\u00e9 | Terrain)<\/p>\n<p>VEUILLEZ NOTER :<\/p>\n<p>En raison d&rsquo;une immense vari\u00e9t\u00e9 de fittings\/ardillons disponibles sur le march\u00e9 et de l&rsquo;absence de normes prescrites, nous garantissons la compatibilit\u00e9 uniquement pour les connecteurs achet\u00e9s sur notre site Web.<br \/>\nLes plaques arri\u00e8re d&rsquo;usine ne sont pas compatibles avec ce Waterblock !<br \/>\nCe produit ne doit PAS \u00eatre install\u00e9 avec des pi\u00e8ces en aluminium Fluid Gaming !<br \/>\nL&rsquo;utilisation de liquides de refroidissement sp\u00e9cialement con\u00e7us qui contiennent de la corrosion, du tartre et des inhibiteurs biologiques est obligatoire pour \u00e9viter d&rsquo;endommager votre Waterblock nickel\u00e9 ! EK propose une s\u00e9lection de ces produits dans la section des liquides de refroidissement.<br \/>\nPour tester l&rsquo;\u00e9tanch\u00e9it\u00e9 du Waterblock EK-Quantum Vector\u00b2, EK recommande une pression de 0,6 (+\/-0,05) bar pendant 2 minutes.<br \/>\nInformations compl\u00e9mentaires<br \/>\nOption Mat\u00e9riau \/ Design \/ Couleur Nickel Plexi<br \/>\nBobine G1\/4<br \/>\nFabricant de puces Nvidia GeForce\u00a0\u00bb<\/p>\n","protected":false},"excerpt":{"rendered":"<p>Refroidissement GPU haute performance Les nouveaux blocs d&rsquo;eau Vector\u00b2 r\u00e9solvent sans effort le probl\u00e8me de la g\u00e9n\u00e9ration excessive de chaleur lors d&rsquo;une charge \u00e9lev\u00e9e sur le c\u0153ur du GPU, le module de r\u00e9gulation de tension et la VRAM GDDR6X des cartes graphiques ROG Strix et ASUS TUF RTX 4080. Waterblock GPU pour GPU ROG Strix [&hellip;]<\/p>\n","protected":false},"featured_media":6290,"template":"","meta":{"_genesis_hide_title":false,"_genesis_hide_breadcrumbs":false,"_genesis_hide_singular_image":false,"_genesis_hide_footer_widgets":false,"_genesis_custom_body_class":"","_genesis_custom_post_class":"","_genesis_layout":""},"product_brand":[],"product_cat":[39,40,38],"product_tag":[],"class_list":{"0":"post-6289","1":"product","2":"type-product","3":"status-publish","4":"has-post-thumbnail","6":"product_cat-gpu-nvidia","7":"product_cat-serie-4000","8":"product_cat-gpu-waterblock","9":"entry","11":"first","12":"outofstock","13":"taxable","14":"shipping-taxable","15":"purchasable","16":"product-type-simple"},"_links":{"self":[{"href":"https:\/\/proliquidpc.com\/fr\/wp-json\/wp\/v2\/product\/6289","targetHints":{"allow":["GET"]}}],"collection":[{"href":"https:\/\/proliquidpc.com\/fr\/wp-json\/wp\/v2\/product"}],"about":[{"href":"https:\/\/proliquidpc.com\/fr\/wp-json\/wp\/v2\/types\/product"}],"wp:featuredmedia":[{"embeddable":true,"href":"https:\/\/proliquidpc.com\/fr\/wp-json\/wp\/v2\/media\/6290"}],"wp:attachment":[{"href":"https:\/\/proliquidpc.com\/fr\/wp-json\/wp\/v2\/media?parent=6289"}],"wp:term":[{"taxonomy":"product_brand","embeddable":true,"href":"https:\/\/proliquidpc.com\/fr\/wp-json\/wp\/v2\/product_brand?post=6289"},{"taxonomy":"product_cat","embeddable":true,"href":"https:\/\/proliquidpc.com\/fr\/wp-json\/wp\/v2\/product_cat?post=6289"},{"taxonomy":"product_tag","embeddable":true,"href":"https:\/\/proliquidpc.com\/fr\/wp-json\/wp\/v2\/product_tag?post=6289"}],"curies":[{"name":"wp","href":"https:\/\/api.w.org\/{rel}","templated":true}]}}