{"id":6300,"date":"2024-10-30T16:31:41","date_gmt":"2024-10-30T20:31:41","guid":{"rendered":"https:\/\/dev.proliquidpc.com\/boutique\/non%20class\u00e9\/ek-cryofuel-superflush-concentre-250ml\/"},"modified":"2026-01-18T10:40:15","modified_gmt":"2026-01-18T15:40:15","slug":"ek-cryofuel-superflush-concentre-250ml","status":"publish","type":"product","link":"https:\/\/proliquidpc.com\/fr\/boutique\/liquides\/concentre\/ek-cryofuel-superflush-concentre-250ml\/","title":{"rendered":"EK-CryoFuel Superflush (Concentr\u00e9 250mL)"},"content":{"rendered":"<p>EK-Cryofuel Loop Superflush est une solution con\u00e7ue pour \u00e9liminer les r\u00e9sidus de fabrication, les impuret\u00e9s et les produits chimiques restants. Il peut \u00eatre utilis\u00e9 soit comme solution autonome, soit apr\u00e8s le nettoyeur de boucle EK-CryoFuel.<\/p>\n<p>Comment pr\u00e9parer un refroidissement par eau en boucle personnalis\u00e9 pour un nouveau liquide de refroidissement<\/p>\n<p>Autonome &#8211; pr\u00e9pare une nouvelle boucle inutilis\u00e9e pour un nouveau liquide de refroidissement et prolonge sa dur\u00e9e de vie, am\u00e9liore la stabilit\u00e9 et r\u00e9duit le jaunissement mou des tubes.<\/p>\n<p>Suivi &#8211; apr\u00e8s avoir utilis\u00e9 le nettoyant pour boucle EK-CryoFuel pour nettoyer la crasse et le vieux liquide de refroidissement, Superflush est utilis\u00e9 pour ramasser et rincer tous les produits chimiques r\u00e9siduels laiss\u00e9s par le nettoyant.<\/p>\n<p>Comment pr\u00e9parer un refroidissement par eau en boucle personnalis\u00e9 pour un nouveau liquide de refroidissement<\/p>\n<p>Le concentr\u00e9 doit \u00eatre m\u00e9lang\u00e9 avec environ 2750 ml d\u2019eau distill\u00e9e (rapport 1:11). Cette solution n\u2019agit pas comme un inhibiteur corrosif ou un biocide pour les liquides de refroidissement. Compatible avec tous les tubes souples et durs EK.<\/p>\n<p>EK-CryoFuel offre une dur\u00e9e de conservation de 4 ans \u00e0 compter de la date de mise en bouteille.<\/p>\n<p>FICHE DE DONN\u00c9ES DE S\u00c9CURIT\u00c9<\/p>\n<p>VEUILLEZ NOTER :<\/p>\n<p>Sur de longues p\u00e9riodes, le liquide peut subir un changement de couleur et devenir plus fonc\u00e9 ; Cependant, cela n\u2019affecte pas sa fonctionnalit\u00e9.<\/p>\n","protected":false},"excerpt":{"rendered":"<p>EK-Cryofuel Loop Superflush est une solution con\u00e7ue pour \u00e9liminer les r\u00e9sidus de fabrication, les impuret\u00e9s et les produits chimiques restants. Il peut \u00eatre utilis\u00e9 soit comme solution autonome, soit apr\u00e8s le nettoyeur de boucle EK-CryoFuel. Comment pr\u00e9parer un refroidissement par eau en boucle personnalis\u00e9 pour un nouveau liquide de refroidissement Autonome &#8211; pr\u00e9pare une nouvelle [&hellip;]<\/p>\n","protected":false},"featured_media":11274,"template":"","meta":{"_genesis_hide_title":false,"_genesis_hide_breadcrumbs":false,"_genesis_hide_singular_image":false,"_genesis_hide_footer_widgets":false,"_genesis_custom_body_class":"","_genesis_custom_post_class":"","_genesis_layout":""},"product_brand":[],"product_cat":[70,66],"product_tag":[],"class_list":{"0":"post-6300","1":"product","2":"type-product","3":"status-publish","4":"has-post-thumbnail","6":"product_cat-concentre","7":"product_cat-liquides","8":"entry","10":"first","11":"instock","12":"taxable","13":"shipping-taxable","14":"purchasable","15":"product-type-simple"},"_links":{"self":[{"href":"https:\/\/proliquidpc.com\/fr\/wp-json\/wp\/v2\/product\/6300","targetHints":{"allow":["GET"]}}],"collection":[{"href":"https:\/\/proliquidpc.com\/fr\/wp-json\/wp\/v2\/product"}],"about":[{"href":"https:\/\/proliquidpc.com\/fr\/wp-json\/wp\/v2\/types\/product"}],"wp:featuredmedia":[{"embeddable":true,"href":"https:\/\/proliquidpc.com\/fr\/wp-json\/wp\/v2\/media\/11274"}],"wp:attachment":[{"href":"https:\/\/proliquidpc.com\/fr\/wp-json\/wp\/v2\/media?parent=6300"}],"wp:term":[{"taxonomy":"product_brand","embeddable":true,"href":"https:\/\/proliquidpc.com\/fr\/wp-json\/wp\/v2\/product_brand?post=6300"},{"taxonomy":"product_cat","embeddable":true,"href":"https:\/\/proliquidpc.com\/fr\/wp-json\/wp\/v2\/product_cat?post=6300"},{"taxonomy":"product_tag","embeddable":true,"href":"https:\/\/proliquidpc.com\/fr\/wp-json\/wp\/v2\/product_tag?post=6300"}],"curies":[{"name":"wp","href":"https:\/\/api.w.org\/{rel}","templated":true}]}}