{"id":6315,"date":"2024-10-30T16:31:41","date_gmt":"2024-10-30T20:31:41","guid":{"rendered":"https:\/\/dev.proliquidpc.com\/boutique\/non%20class\u00e9\/matrice-directe-ek-quantum-velocity%c2%b2-kit-de-mise-a-niveau-1700\/"},"modified":"2025-01-19T16:25:44","modified_gmt":"2025-01-19T21:25:44","slug":"matrice-directe-ek-quantum-velocity%c2%b2-kit-de-mise-a-niveau-1700","status":"publish","type":"product","link":"https:\/\/proliquidpc.com\/fr\/boutique\/cpu-waterblock\/cpu-intel\/matrice-directe-ek-quantum-velocity%c2%b2-kit-de-mise-a-niveau-1700\/","title":{"rendered":"Matrice directe EK-Quantum Velocity\u00b2 &#8211; Kit de mise \u00e0 niveau 1700"},"content":{"rendered":"<p>Ce kit de mise \u00e0 niveau ou de conversion convertit votre existant ? EK-Quantum Velocity\u00b2 1700 ? Bloc d\u2019eau du processeur dans un ? LGA 1700 direct die ?produit de refroidissement. Il se compose d\u2019une plaque froide de remplacement, d\u2019une mousse de protection, d\u2019une plaque de jet, d\u2019un nouveau jeu de vis et d\u2019une backplate anodis\u00e9e noire avec un cadre de remplacement ILM Direct Die attach\u00e9.<\/p>\n<p>Kit de mise \u00e0 niveau pour le refroidissement direct des processeurs LGA 1700<\/p>\n<p>Ci-joint:<\/p>\n<p>&#8211; Plaque froide Direct Die pour Velocity\u00b2 1700<br \/>\n&#8211; Jetplate pour le refroidissement direct de la matrice<br \/>\n&#8211; Vis de montage n\u00e9cessaires<br \/>\n&#8211; backplate anodis\u00e9e noire avec cadre de contact ILM Direct Die<br \/>\n&#8211; Mousse de protection<\/p>\n<p>Avertissement:<\/p>\n<p>Il est obligatoire de suivre le manuel d\u2019utilisation \u00e9tape par \u00e9tape. Le non-respect de cette consigne peut entra\u00eener des dommages mortels \u00e0 votre processeur.<br \/>\nLa suppression du processeur annule sa garantie Intel.<br \/>\nLe d\u00e9lestage entra\u00eene une modification tr\u00e8s risqu\u00e9e de l\u2019unit\u00e9 centrale et peut, m\u00eame lorsqu\u2019il est effectu\u00e9 de mani\u00e8re ad\u00e9quate, endommager l\u2019unit\u00e9 de traitement.<br \/>\nEKWB n\u2019assume aucune responsabilit\u00e9 pour les dommages caus\u00e9s \u00e0 l\u2019unit\u00e9 centrale pendant ou \u00e0 la suite d\u2019un d\u00e9lidding. Nous d\u00e9clinons toute responsabilit\u00e9 en cas de dommages caus\u00e9s \u00e0 l\u2019UC. Vous le faites \u00e0 vos risques et p\u00e9rils.<\/p>\n<p>VEUILLEZ NOTER :<\/p>\n<p>Compatible UNIQUEMENT avec un bloc d\u2019eau CPU EK-Quantum Velocity\u00b2 1700<br \/>\nLe d\u00e9blaiement est destin\u00e9 \u00e0 \u00eatre entrepris par un professionnel correctement form\u00e9 et exp\u00e9riment\u00e9.<\/p>\n","protected":false},"excerpt":{"rendered":"<p>Ce kit de mise \u00e0 niveau ou de conversion convertit votre existant ? EK-Quantum Velocity\u00b2 1700 ? Bloc d\u2019eau du processeur dans un ? LGA 1700 direct die ?produit de refroidissement. Il se compose d\u2019une plaque froide de remplacement, d\u2019une mousse de protection, d\u2019une plaque de jet, d\u2019un nouveau jeu de vis et d\u2019une backplate [&hellip;]<\/p>\n","protected":false},"featured_media":6316,"template":"","meta":{"_genesis_hide_title":false,"_genesis_hide_breadcrumbs":false,"_genesis_hide_singular_image":false,"_genesis_hide_footer_widgets":false,"_genesis_custom_body_class":"","_genesis_custom_post_class":"","_genesis_layout":""},"product_brand":[],"product_cat":[43,36],"product_tag":[],"class_list":{"0":"post-6315","1":"product","2":"type-product","3":"status-publish","4":"has-post-thumbnail","6":"product_cat-cpu-intel","7":"product_cat-cpu-waterblock","8":"entry","10":"first","11":"outofstock","12":"taxable","13":"shipping-taxable","14":"purchasable","15":"product-type-simple"},"_links":{"self":[{"href":"https:\/\/proliquidpc.com\/fr\/wp-json\/wp\/v2\/product\/6315","targetHints":{"allow":["GET"]}}],"collection":[{"href":"https:\/\/proliquidpc.com\/fr\/wp-json\/wp\/v2\/product"}],"about":[{"href":"https:\/\/proliquidpc.com\/fr\/wp-json\/wp\/v2\/types\/product"}],"wp:featuredmedia":[{"embeddable":true,"href":"https:\/\/proliquidpc.com\/fr\/wp-json\/wp\/v2\/media\/6316"}],"wp:attachment":[{"href":"https:\/\/proliquidpc.com\/fr\/wp-json\/wp\/v2\/media?parent=6315"}],"wp:term":[{"taxonomy":"product_brand","embeddable":true,"href":"https:\/\/proliquidpc.com\/fr\/wp-json\/wp\/v2\/product_brand?post=6315"},{"taxonomy":"product_cat","embeddable":true,"href":"https:\/\/proliquidpc.com\/fr\/wp-json\/wp\/v2\/product_cat?post=6315"},{"taxonomy":"product_tag","embeddable":true,"href":"https:\/\/proliquidpc.com\/fr\/wp-json\/wp\/v2\/product_tag?post=6315"}],"curies":[{"name":"wp","href":"https:\/\/api.w.org\/{rel}","templated":true}]}}