{"id":6338,"date":"2024-10-30T16:31:41","date_gmt":"2024-10-30T20:31:41","guid":{"rendered":"https:\/\/dev.proliquidpc.com\/boutique\/non%20class\u00e9\/ek-quantum-velocity%c2%b2-backplate-am5\/"},"modified":"2025-01-19T16:25:47","modified_gmt":"2025-01-19T21:25:47","slug":"ek-quantum-velocity%c2%b2-backplate-am5","status":"publish","type":"product","link":"https:\/\/proliquidpc.com\/fr\/boutique\/cpu-waterblock\/cpu-amd\/ek-quantum-velocity%c2%b2-backplate-am5\/","title":{"rendered":"EK-Quantum Velocity\u00b2 &#8211; backplate AM5"},"content":{"rendered":"<p>EK-Quantum Velocity\u00b2 &#8211; AM5 Backplate est une backplate pour les blocs d\u2019eau EK-Quantum Velocity\u00b2 AM4 qui permet de les monter sur les nouvelles cartes m\u00e8res bas\u00e9es sur le socket AMD LGA AM5. Il s\u2019agit du seul produit requis pour convertir votre bloc d\u2019eau de processeur EK-Quantum Velocity\u00b2 AM4 en un refroidisseur compatible AM5 afin de refroidir votre processeur Ryzen s\u00e9rie 7000.<\/p>\n<p>Compatible avec :<\/p>\n<p>Blocs d\u2019eau EK-Quantum Velocity\u00b2 AM4<\/p>\n<p>Ci-joint:<\/p>\n<p>&#8211; backplate en m\u00e9tal pour les cartes m\u00e8res bas\u00e9es sur des sockets AM5<br \/>\n&#8211; Cl\u00e9 Torx<\/p>\n<p>VEUILLEZ NOTER :<\/p>\n<p>Cette backplate est exclusivement destin\u00e9e aux blocs d\u2019eau Velocity\u00b2 AM4 afin de les convertir en solutions de refroidissement compatibles AM5<\/p>\n","protected":false},"excerpt":{"rendered":"<p>EK-Quantum Velocity\u00b2 &#8211; AM5 Backplate est une backplate pour les blocs d\u2019eau EK-Quantum Velocity\u00b2 AM4 qui permet de les monter sur les nouvelles cartes m\u00e8res bas\u00e9es sur le socket AMD LGA AM5. Il s\u2019agit du seul produit requis pour convertir votre bloc d\u2019eau de processeur EK-Quantum Velocity\u00b2 AM4 en un refroidisseur compatible AM5 afin de [&hellip;]<\/p>\n","protected":false},"featured_media":6339,"template":"","meta":{"_genesis_hide_title":false,"_genesis_hide_breadcrumbs":false,"_genesis_hide_singular_image":false,"_genesis_hide_footer_widgets":false,"_genesis_custom_body_class":"","_genesis_custom_post_class":"","_genesis_layout":""},"product_brand":[],"product_cat":[37,36],"product_tag":[],"class_list":{"0":"post-6338","1":"product","2":"type-product","3":"status-publish","4":"has-post-thumbnail","6":"product_cat-cpu-amd","7":"product_cat-cpu-waterblock","8":"entry","10":"first","11":"outofstock","12":"taxable","13":"shipping-taxable","14":"purchasable","15":"product-type-simple"},"_links":{"self":[{"href":"https:\/\/proliquidpc.com\/fr\/wp-json\/wp\/v2\/product\/6338","targetHints":{"allow":["GET"]}}],"collection":[{"href":"https:\/\/proliquidpc.com\/fr\/wp-json\/wp\/v2\/product"}],"about":[{"href":"https:\/\/proliquidpc.com\/fr\/wp-json\/wp\/v2\/types\/product"}],"wp:featuredmedia":[{"embeddable":true,"href":"https:\/\/proliquidpc.com\/fr\/wp-json\/wp\/v2\/media\/6339"}],"wp:attachment":[{"href":"https:\/\/proliquidpc.com\/fr\/wp-json\/wp\/v2\/media?parent=6338"}],"wp:term":[{"taxonomy":"product_brand","embeddable":true,"href":"https:\/\/proliquidpc.com\/fr\/wp-json\/wp\/v2\/product_brand?post=6338"},{"taxonomy":"product_cat","embeddable":true,"href":"https:\/\/proliquidpc.com\/fr\/wp-json\/wp\/v2\/product_cat?post=6338"},{"taxonomy":"product_tag","embeddable":true,"href":"https:\/\/proliquidpc.com\/fr\/wp-json\/wp\/v2\/product_tag?post=6338"}],"curies":[{"name":"wp","href":"https:\/\/api.w.org\/{rel}","templated":true}]}}