{"id":6341,"date":"2024-10-30T16:31:41","date_gmt":"2024-10-30T20:31:41","guid":{"rendered":"https:\/\/dev.proliquidpc.com\/boutique\/non%20class\u00e9\/ek-quantum-torque-anneau-de-couleur-paquet-de-10-hdc-14-argent\/"},"modified":"2025-01-19T16:25:50","modified_gmt":"2025-01-19T21:25:50","slug":"ek-quantum-torque-anneau-de-couleur-paquet-de-10-hdc-14-argent","status":"publish","type":"product","link":"https:\/\/proliquidpc.com\/fr\/boutique\/fittings\/hard-fittings-14mm\/ek-quantum-torque-anneau-de-couleur-paquet-de-10-hdc-14-argent\/","title":{"rendered":"EK-Quantum Torque Anneau de couleur Paquet de 10 HDC 14 &#8211; Argent"},"content":{"rendered":"<p>EK-Quantum Torque Color Ring 10-Pack HDC 14 &#8211; Silver est un pack d\u2019anneaux esth\u00e9tiques interchangeables pour les fittings \u00e0 compression minimalistes en tube dur de 14 mm EK-Quantum Torque, con\u00e7us pour \u00eatre utilis\u00e9s avec des tubes solides de 14 mm de diam\u00e8tre ext\u00e9rieur tels que l\u2019acrylique et le PETG. Ces bagues esth\u00e9tiques sont fabriqu\u00e9es en aluminium anodis\u00e9.<\/p>\n<p>Les anneaux color\u00e9s sont disponibles dans de nombreuses couleurs et sont viss\u00e9s sur le fitting avant la bague de verrouillage \u00e0 compression.<\/p>\n<p>Ces bagues d\u2019accentuation ne sont compatibles qu\u2019avec les fittings EK-Quantum Torque HDC 14.<\/p>\n","protected":false},"excerpt":{"rendered":"<p>EK-Quantum Torque Color Ring 10-Pack HDC 14 &#8211; Silver est un pack d\u2019anneaux esth\u00e9tiques interchangeables pour les fittings \u00e0 compression minimalistes en tube dur de 14 mm EK-Quantum Torque, con\u00e7us pour \u00eatre utilis\u00e9s avec des tubes solides de 14 mm de diam\u00e8tre ext\u00e9rieur tels que l\u2019acrylique et le PETG. Ces bagues esth\u00e9tiques sont fabriqu\u00e9es en [&hellip;]<\/p>\n","protected":false},"featured_media":6342,"template":"","meta":{"_genesis_hide_title":false,"_genesis_hide_breadcrumbs":false,"_genesis_hide_singular_image":false,"_genesis_hide_footer_widgets":false,"_genesis_custom_body_class":"","_genesis_custom_post_class":"","_genesis_layout":""},"product_brand":[],"product_cat":[29,34],"product_tag":[],"class_list":{"0":"post-6341","1":"product","2":"type-product","3":"status-publish","4":"has-post-thumbnail","6":"product_cat-fittings","7":"product_cat-hard-fittings-14mm","8":"entry","10":"first","11":"instock","12":"taxable","13":"shipping-taxable","14":"purchasable","15":"product-type-simple"},"_links":{"self":[{"href":"https:\/\/proliquidpc.com\/fr\/wp-json\/wp\/v2\/product\/6341","targetHints":{"allow":["GET"]}}],"collection":[{"href":"https:\/\/proliquidpc.com\/fr\/wp-json\/wp\/v2\/product"}],"about":[{"href":"https:\/\/proliquidpc.com\/fr\/wp-json\/wp\/v2\/types\/product"}],"wp:featuredmedia":[{"embeddable":true,"href":"https:\/\/proliquidpc.com\/fr\/wp-json\/wp\/v2\/media\/6342"}],"wp:attachment":[{"href":"https:\/\/proliquidpc.com\/fr\/wp-json\/wp\/v2\/media?parent=6341"}],"wp:term":[{"taxonomy":"product_brand","embeddable":true,"href":"https:\/\/proliquidpc.com\/fr\/wp-json\/wp\/v2\/product_brand?post=6341"},{"taxonomy":"product_cat","embeddable":true,"href":"https:\/\/proliquidpc.com\/fr\/wp-json\/wp\/v2\/product_cat?post=6341"},{"taxonomy":"product_tag","embeddable":true,"href":"https:\/\/proliquidpc.com\/fr\/wp-json\/wp\/v2\/product_tag?post=6341"}],"curies":[{"name":"wp","href":"https:\/\/api.w.org\/{rel}","templated":true}]}}