{"id":6346,"date":"2024-10-30T16:33:10","date_gmt":"2024-10-30T20:33:10","guid":{"rendered":"https:\/\/dev.proliquidpc.com\/boutique\/non%20class\u00e9\/ek-quantum-velocity%c2%b2-edge-d-rgb-1700-argent-edition-speciale\/"},"modified":"2025-01-19T16:25:52","modified_gmt":"2025-01-19T21:25:52","slug":"ek-quantum-velocity%c2%b2-edge-d-rgb-1700-argent-edition-speciale","status":"publish","type":"product","link":"https:\/\/proliquidpc.com\/fr\/boutique\/cpu-waterblock\/cpu-intel\/ek-quantum-velocity%c2%b2-edge-d-rgb-1700-argent-edition-speciale\/","title":{"rendered":"EK-Quantum Velocity\u00b2 Edge D-RGB &#8211; 1700 Argent \u00c9dition Sp\u00e9ciale"},"content":{"rendered":"<p>\u00ab EK-Quantum Velocity\u00b2 Edge D-RGB &#8211; 1700 Silver Special Edition t\u00e9moigne d&rsquo;une technologie de refroidissement de pointe et d&rsquo;une sophistication esth\u00e9tique. Con\u00e7u pour la plate-forme Intel\u00ae socket LGA 1700, ce Waterblock CPU hautes performances de qualit\u00e9 sup\u00e9rieure se distingue par son capot sup\u00e9rieur visuellement saisissant, un ensemble \u00e9tonnant de t\u00e9tra\u00e8dres irr\u00e9guliers frais\u00e9s CNC. Fabriqu\u00e9 \u00e0 partir d&rsquo;aluminium de haute qualit\u00e9 et anodis\u00e9 dans une \u00e9l\u00e9gante finition argent\u00e9e, ce design unique ajoute une apparence in\u00e9gal\u00e9e et am\u00e9liore la dynamique de la lumi\u00e8re et de l&rsquo;ombre, cr\u00e9ant ainsi une d\u00e9claration esth\u00e9tique audacieuse. Cette caract\u00e9ristique distinctive est la marque de fabrique de la Velocity\u00b2 Edge Special Edition, la positionnant comme une pi\u00e8ce ma\u00eetresse de toute construction de PC haut de gamme.<\/p>\n<p>Waterblock CPU EK Velocity 2 edge pour processeurs Intel LGA 1700<\/p>\n<p>Moteur de refroidissement OptiFlow<br \/>\nAu c\u0153ur de l&rsquo;EK-Quantum Velocity\u00b2 Edge D-RGB &#8211; 1700 Silver Special Edition se trouve le moteur de refroidissement OptiFlow de nouvelle g\u00e9n\u00e9ration. Ce moteur avanc\u00e9 est m\u00e9ticuleusement adapt\u00e9 \u00e0 l&rsquo;IHS et \u00e0 la disposition des puces des processeurs Intel LGA 1700, en utilisant une combinaison sp\u00e9cifique de pression de montage et de g\u00e9om\u00e9trie de plaque froide. Le r\u00e9sultat est une conception \u00e0 faible restriction de d\u00e9bit hydraulique, permettant l&rsquo;utilisation de pompes \u00e0 eau moins puissantes ou de vitesses de pompe r\u00e9duites pour un fonctionnement plus silencieux, tout en maintenant des niveaux de performance exceptionnels. La plaque froide tourn\u00e9e au tour assure un contact et un transfert de chaleur optimaux, couvrant enti\u00e8rement le processeur et conform\u00e9ment aux directives de zone de s\u00e9curit\u00e9 d&rsquo;Intel.<\/p>\n<p>Mat\u00e9riau et fabrication du Waterblock<br \/>\nLa plaque froide de ce Waterblock est fabriqu\u00e9e \u00e0 partir de cuivre \u00e9lectrolytique pur \u00e0 99,99 % de la plus haute qualit\u00e9, usin\u00e9 avec pr\u00e9cision pour assurer le meilleur contact possible et un transfert de chaleur sup\u00e9rieur. Cette version du Waterblock est dot\u00e9e d&rsquo;une plaque froide nickel\u00e9e associ\u00e9e \u00e0 un dessus en plexi robuste. En plus de son design distinctif, le couvercle sup\u00e9rieur est fabriqu\u00e9 \u00e0 partir d&rsquo;aluminium de haute qualit\u00e9, finement frais\u00e9 CNC en un ensemble de t\u00e9tra\u00e8dres irr\u00e9guliers et fini en \u00e9l\u00e9gante anodisation argent\u00e9e. Avant le processus CNC, le mat\u00e9riau du couvercle sup\u00e9rieur, compos\u00e9 d&rsquo;une feuille d&rsquo;aluminium de 30 mm d&rsquo;\u00e9paisseur, est soigneusement pr\u00e9par\u00e9, garantissant robustesse et pr\u00e9cision dans la conception. Cette combinaison m\u00e9ticuleuse de mat\u00e9riaux de premier ordre et de techniques de fabrication avanc\u00e9es offre \u00e0 la fois des performances exceptionnelles et une esth\u00e9tique saisissante.<\/p>\n<p>Waterblock CPU EK Velocity 2 edge pour processeurs Intel LGA 1700<\/p>\n<p>Syst\u00e8me brevet\u00e9 EK-ExactMount<br \/>\nNotre syst\u00e8me brevet\u00e9 EK-ExactMount r\u00e9volutionne le processus d&rsquo;installation. Compos\u00e9 de seulement trois composants &#8211; une backplate, des vis de montage et le Waterblock lui-m\u00eame &#8211; il permet d&rsquo;obtenir une apparence frontale homog\u00e8ne et esth\u00e9tique sans aucune vis en vue. Les ressorts pr\u00e9contraints dissimul\u00e9s dans le dessus du Waterblock assurent une installation rapide et une pression de montage correcte, ce qui le rend convivial et s\u00fbr pour votre mat\u00e9riel.<\/p>\n<p>Monture EK Exact<\/p>\n<p>Superbe \u00e9clairage LED D-RGB<br \/>\nCompatible avec toutes les technologies de synchronisation RGB adressables populaires des principaux fabricants de cartes m\u00e8res, l&rsquo;EK-Quantum Velocity\u00b2 Edge D-RGB &#8211; 1700 Silver Special Edition dispose de 25 LED RGB adressables. Ces LED cr\u00e9ent un affichage lumineux sophistiqu\u00e9, accentuant le design t\u00e9tra\u00e8dre unique et am\u00e9liorant l&rsquo;attrait g\u00e9n\u00e9ral de votre syst\u00e8me. Le marquage fl\u00e9ch\u00e9 sur le connecteur LED D-RGB \u00e0 3 broches doit \u00eatre align\u00e9 avec le marquage +5V sur l&rsquo;en-t\u00eate D-RGB.<\/p>\n<p>Waterblock CPU EK Velocity 2 edge pour processeurs Intel LGA 1700<\/p>\n<p>EK-Matrix7<br \/>\nCe Waterblock en \u00e9dition sp\u00e9ciale est enti\u00e8rement conforme \u00e0 EK-Matrix7, notre norme innovante en mati\u00e8re de refroidissement liquide pour PC. EK-Matrix7 g\u00e8re la hauteur du produit et la distance entre les ports par incr\u00e9ments de 7 mm, am\u00e9liorant ainsi l&rsquo;alignement et simplifiant la planification des boucles et le processus de pliage des tubes. Ce syst\u00e8me transforme la complexit\u00e9 de la construction d&rsquo;un PC refroidi par liquide en une exp\u00e9rience simplifi\u00e9e et agr\u00e9able.<\/p>\n<p>H\u00e9ritage prim\u00e9<br \/>\nLes produits Velocity\u00b2 d&rsquo;EK ont remport\u00e9 cinq prix prestigieux pour leurs performances, leur conception innovante et leur approche audacieuse des solutions de refroidissement par eau. L&rsquo;EK-Quantum Velocity\u00b2 Edge D-RGB \u2013 1700 Silver Special Edition h\u00e9rite de cet h\u00e9ritage d&rsquo;excellence, avec des prix tels que l&rsquo;iF Design, les European Hardware Awards, le CES 22, etc.<\/p>\n<p>Caract\u00e9ristiques techniques :<br \/>\n&#8211; Dimensions : 94,5 x 94,5 x 40,5 mm<br \/>\n&#8211; Longueur du c\u00e2ble D-RGB : 50 cm<br \/>\n&#8211; Connecteur D-RGB : connecteur LED num\u00e9rique 3 broches 5V (brochage : +5V | Num\u00e9rique | Bloqu\u00e9 | Terrain)<\/p>\n<p>Compatibilit\u00e9 des sockets CPU :<br \/>\n&#8211; Intel LGA 1700<\/p>\n<p>Ci-joint:<br \/>\n&#8211; EK-Quantum Velocity\u00b2 Edge D-RGB &#8211; 1700 \u00c9dition sp\u00e9ciale argent<br \/>\n&#8211; ExactMount : m\u00e9canisme de montage universel du processeur<br \/>\n&#8211; backplate EK-Velocity\u00b2<br \/>\n&#8211; Cl\u00e9 Allen (HEX) de 2,5 mm<br \/>\n&#8211; Jetplate pour LGA 1700<br \/>\n&#8211; EK-Loop P\u00e2te thermique NGP<\/p>\n<p>VEUILLEZ NOTER :<\/p>\n<p>Ce produit ne doit PAS \u00eatre install\u00e9 avec des pi\u00e8ces en aluminium EK Fluid Gaming !<br \/>\nL&rsquo;utilisation de liquides de refroidissement sp\u00e9cialement con\u00e7us qui contiennent de la corrosion, du tartre et des inhibiteurs biologiques est obligatoire pour \u00e9viter d&rsquo;endommager votre Waterblock nickel\u00e9 ! EK propose une s\u00e9lection de ces produits dans la section des liquides de refroidissement.<br \/>\nLe marquage fl\u00e9ch\u00e9 sur le connecteur LED \u00e0 3 broches doit \u00eatre align\u00e9 avec le marquage +5V sur l&rsquo;en-t\u00eate D-RGB(A-RGB).<br \/>\nInformations compl\u00e9mentaires<br \/>\nPrises Intel, LGA 1700<\/p>\n","protected":false},"excerpt":{"rendered":"<p>\u00ab EK-Quantum Velocity\u00b2 Edge D-RGB &#8211; 1700 Silver Special Edition t\u00e9moigne d&rsquo;une technologie de refroidissement de pointe et d&rsquo;une sophistication esth\u00e9tique. Con\u00e7u pour la plate-forme Intel\u00ae socket LGA 1700, ce Waterblock CPU hautes performances de qualit\u00e9 sup\u00e9rieure se distingue par son capot sup\u00e9rieur visuellement saisissant, un ensemble \u00e9tonnant de t\u00e9tra\u00e8dres irr\u00e9guliers frais\u00e9s CNC. Fabriqu\u00e9 \u00e0 [&hellip;]<\/p>\n","protected":false},"featured_media":6347,"template":"","meta":{"_genesis_hide_title":false,"_genesis_hide_breadcrumbs":false,"_genesis_hide_singular_image":false,"_genesis_hide_footer_widgets":false,"_genesis_custom_body_class":"","_genesis_custom_post_class":"","_genesis_layout":""},"product_brand":[],"product_cat":[43,36],"product_tag":[],"class_list":{"0":"post-6346","1":"product","2":"type-product","3":"status-publish","4":"has-post-thumbnail","6":"product_cat-cpu-intel","7":"product_cat-cpu-waterblock","8":"entry","10":"first","11":"instock","12":"taxable","13":"shipping-taxable","14":"purchasable","15":"product-type-simple"},"_links":{"self":[{"href":"https:\/\/proliquidpc.com\/fr\/wp-json\/wp\/v2\/product\/6346","targetHints":{"allow":["GET"]}}],"collection":[{"href":"https:\/\/proliquidpc.com\/fr\/wp-json\/wp\/v2\/product"}],"about":[{"href":"https:\/\/proliquidpc.com\/fr\/wp-json\/wp\/v2\/types\/product"}],"wp:featuredmedia":[{"embeddable":true,"href":"https:\/\/proliquidpc.com\/fr\/wp-json\/wp\/v2\/media\/6347"}],"wp:attachment":[{"href":"https:\/\/proliquidpc.com\/fr\/wp-json\/wp\/v2\/media?parent=6346"}],"wp:term":[{"taxonomy":"product_brand","embeddable":true,"href":"https:\/\/proliquidpc.com\/fr\/wp-json\/wp\/v2\/product_brand?post=6346"},{"taxonomy":"product_cat","embeddable":true,"href":"https:\/\/proliquidpc.com\/fr\/wp-json\/wp\/v2\/product_cat?post=6346"},{"taxonomy":"product_tag","embeddable":true,"href":"https:\/\/proliquidpc.com\/fr\/wp-json\/wp\/v2\/product_tag?post=6346"}],"curies":[{"name":"wp","href":"https:\/\/api.w.org\/{rel}","templated":true}]}}