{"id":6363,"date":"2024-10-30T16:33:10","date_gmt":"2024-10-30T20:33:10","guid":{"rendered":"https:\/\/dev.proliquidpc.com\/boutique\/non%20class\u00e9\/alphacool-nexxxos-xt45-radiateur-en-cuivre-360mm-v-2\/"},"modified":"2025-01-19T16:25:55","modified_gmt":"2025-01-19T21:25:55","slug":"alphacool-nexxxos-xt45-radiateur-en-cuivre-360mm-v-2","status":"publish","type":"product","link":"https:\/\/proliquidpc.com\/fr\/boutique\/radiateurs\/360mm\/alphacool-nexxxos-xt45-radiateur-en-cuivre-360mm-v-2\/","title":{"rendered":"Alphacool NexXxoS XT45 Radiateur en cuivre 360mm V.2"},"content":{"rendered":"<p>Information sur le produit<\/p>\n<p>C&rsquo;est le meilleur syst\u00e8me parce que c&rsquo;est votre syst\u00e8me ! Ne soyez satisfait que de la perfection ! Les nouveaux radiateurs Alphacool NexXxos V.2 vous emm\u00e8neront vers le niveau sup\u00e9rieur !<\/p>\n<p>Am\u00e9liorez les performances de votre syst\u00e8me avec les nouveaux radiateurs Alphacool NexXxos V.2.<\/p>\n<p>Nouveaux et d\u00e9j\u00e0 \u00e9prouv\u00e9s.<\/p>\n<p>Alphacool a \u00e9galement r\u00e9ussi \u00e0 combiner la meilleure qualit\u00e9 avec un design des plus beaux pour les radiateurs NexXxos V.2. Les chambres d&rsquo;extr\u00e9mit\u00e9 ont \u00e9t\u00e9 fabriqu\u00e9es dans un design noble et moderne. De plus, les radiateurs NexXxos ST30 V.2 sont d\u00e9sormais \u00e9quip\u00e9s d&rsquo;une connexion G1\/4&Prime; \u00e0 la chambre d&rsquo;extr\u00e9mit\u00e9 oppos\u00e9e \u00e0 l&rsquo;entr\u00e9e\/sortie pour faciliter la purge du circuit. Montez votre radiateur Alphacool NexXxos dans n&rsquo;importe quelle position, les possibilit\u00e9s sont illimit\u00e9es.<\/p>\n<p>Les bouchons de vis encastr\u00e9s &#8211; tout sauf ordinaires.<\/p>\n<p>Pour la premi\u00e8re fois, Alphacool a cr\u00e9\u00e9 des bouchons de vis encastr\u00e9s pour la gamme NexXxoS. Ce design unique et brevet\u00e9 vous permet de rester flexible avec votre Alphacool NexXxos V.2. Radiateur.<br \/>\nInstallez votre radiateur comme vous le souhaitez. Gr\u00e2ce aux entr\u00e9es et sorties positionn\u00e9es diff\u00e9remment, vous restez individuel et unique.<\/p>\n<p>Cuivre massif &#8211; les meilleures performances au plus haut niveau.<\/p>\n<p>Comme toujours avec Alphacool, la nouvelle s\u00e9rie Alphacool NexXxos est \u00e9galement fabriqu\u00e9e en cuivre massif. Ainsi, les radiateurs Alphacool NexXxos vous offrent la meilleure conductivit\u00e9 thermique pour des performances optimales.<\/p>\n<p>Diff\u00e9rentes tailles &#8211; m\u00eame qualit\u00e9.<\/p>\n<p>Le nouveau Alphacool NexXxos V.2 est disponible dans de nombreuses tailles et \u00e9paisseurs diff\u00e9rentes. Gr\u00e2ce \u00e0 sa forme sp\u00e9ciale, l&rsquo;installation est un jeu d&rsquo;enfant, m\u00eame avec les radiateurs plus grands. D\u00e9cidez vous-m\u00eame quelle taille est parfaite pour votre syst\u00e8me et choisissez toujours la meilleure qualit\u00e9.<\/p>\n<p>ATTENTION: Les radiateurs NexXxoS V.2 ne sont compatibles qu&rsquo;avec des connexions ayant une longueur de filetage maximale de 5 mm.<\/p>\n<p>D\u00e9tails techniques<\/p>\n<p>LxPxH 394.5 x 124 x 45.5 mm<br \/>\nPoids net 1110g<br \/>\nTemp\u00e9rature de fonctionnement maximale : 180 \u00b0C.<br \/>\nMat\u00e9riau (ailettes\/canaux\/coque ext\u00e9rieure) : Cuivre<br \/>\nAilettes par pouce: 12<br \/>\nConnexions 5x G1\/4&Prime;\u201c<br \/>\nTaille de vis M3<br \/>\nFan 120 mm<br \/>\n3 Fans par c\u00f4t\u00e9, 6 total<br \/>\nTest\u00e9 sous une pression de 1,5 bar.<br \/>\nCertificats CE, FC, ROHS<\/p>\n","protected":false},"excerpt":{"rendered":"<p>Information sur le produit C&rsquo;est le meilleur syst\u00e8me parce que c&rsquo;est votre syst\u00e8me ! Ne soyez satisfait que de la perfection ! Les nouveaux radiateurs Alphacool NexXxos V.2 vous emm\u00e8neront vers le niveau sup\u00e9rieur ! Am\u00e9liorez les performances de votre syst\u00e8me avec les nouveaux radiateurs Alphacool NexXxos V.2. Nouveaux et d\u00e9j\u00e0 \u00e9prouv\u00e9s. Alphacool a \u00e9galement [&hellip;]<\/p>\n","protected":false},"featured_media":6364,"template":"","meta":{"_genesis_hide_title":false,"_genesis_hide_breadcrumbs":false,"_genesis_hide_singular_image":false,"_genesis_hide_footer_widgets":false,"_genesis_custom_body_class":"","_genesis_custom_post_class":"","_genesis_layout":""},"product_brand":[],"product_cat":[23,33],"product_tag":[],"class_list":{"0":"post-6363","1":"product","2":"type-product","3":"status-publish","4":"has-post-thumbnail","6":"product_cat-radiateurs","7":"product_cat-360mm","8":"entry","10":"first","11":"instock","12":"taxable","13":"shipping-taxable","14":"purchasable","15":"product-type-simple"},"_links":{"self":[{"href":"https:\/\/proliquidpc.com\/fr\/wp-json\/wp\/v2\/product\/6363","targetHints":{"allow":["GET"]}}],"collection":[{"href":"https:\/\/proliquidpc.com\/fr\/wp-json\/wp\/v2\/product"}],"about":[{"href":"https:\/\/proliquidpc.com\/fr\/wp-json\/wp\/v2\/types\/product"}],"wp:featuredmedia":[{"embeddable":true,"href":"https:\/\/proliquidpc.com\/fr\/wp-json\/wp\/v2\/media\/6364"}],"wp:attachment":[{"href":"https:\/\/proliquidpc.com\/fr\/wp-json\/wp\/v2\/media?parent=6363"}],"wp:term":[{"taxonomy":"product_brand","embeddable":true,"href":"https:\/\/proliquidpc.com\/fr\/wp-json\/wp\/v2\/product_brand?post=6363"},{"taxonomy":"product_cat","embeddable":true,"href":"https:\/\/proliquidpc.com\/fr\/wp-json\/wp\/v2\/product_cat?post=6363"},{"taxonomy":"product_tag","embeddable":true,"href":"https:\/\/proliquidpc.com\/fr\/wp-json\/wp\/v2\/product_tag?post=6363"}],"curies":[{"name":"wp","href":"https:\/\/api.w.org\/{rel}","templated":true}]}}