{"id":6376,"date":"2024-10-30T16:33:10","date_gmt":"2024-10-30T20:33:10","guid":{"rendered":"https:\/\/dev.proliquidpc.com\/boutique\/non%20class\u00e9\/alphacool-nexxxos-xt45-radiateur-en-cuivre-480mm-v-2\/"},"modified":"2025-01-19T16:25:58","modified_gmt":"2025-01-19T21:25:58","slug":"alphacool-nexxxos-xt45-radiateur-en-cuivre-480mm-v-2","status":"publish","type":"product","link":"https:\/\/proliquidpc.com\/fr\/boutique\/radiateurs\/480mm\/alphacool-nexxxos-xt45-radiateur-en-cuivre-480mm-v-2\/","title":{"rendered":"Alphacool NexXxoS XT45 Radiateur en cuivre 480mm V.2"},"content":{"rendered":"<p>Les nouveaux radiateurs Alphacool NexXxos, un nom qui symbolise l&rsquo;exp\u00e9rience et la qualit\u00e9, arrivent pour apporter un souffle nouveau sur le march\u00e9 des radiateurs.<\/p>\n<p>Chaque utilisateur d&rsquo;un syst\u00e8me de refroidissement liquide a besoin d&rsquo;un radiateur, et chacun a des exigences diff\u00e9rentes envers l&rsquo;\u00e9changeur de chaleur. Bien s\u00fbr, le client exige toujours le meilleur de sa cat\u00e9gorie. Les radiateurs Alphacool NexXxos sont arriv\u00e9s pour rivaliser avec les meilleurs de leur cat\u00e9gorie et les surpasser, afin d&rsquo;\u00eatre les meilleurs radiateurs dans toutes les tailles. Finis les choix interminables sans leader clair dans leur cat\u00e9gorie, l&rsquo;Alphacool NexXxos est l&rsquo;outil unique r\u00e9pondant \u00e0 tous vos besoins !<\/p>\n<p>Alphacool a \u00e9t\u00e9 l&rsquo;entreprise qui a introduit de nombreuses nouveaut\u00e9s et am\u00e9liorations dans le domaine des radiateurs et du refroidissement liquide au cours des derni\u00e8res ann\u00e9es.<br \/>\nDans la continuit\u00e9 de cette tradition, les nouveaux radiateurs NexXxos sont les premiers \u00e0 m\u00e9riter v\u00e9ritablement l&rsquo;attribut \u00ab\u00a0Tout en cuivre\u00a0\u00bb. Toutes les pi\u00e8ces principales, non seulement les ailettes et les canaux, mais aussi les chambres, sont fabriqu\u00e9es en cuivre. Cela entra\u00eene une am\u00e9lioration des performances o\u00f9 les autres radiateurs n&rsquo;ont aucune chance. Le mat\u00e9riau conf\u00e8re d\u00e9j\u00e0 un avantage par rapport \u00e0 la concurrence et la structure interne est \u00e0 la hauteur de la concurrence. Les chambres s\u00e9par\u00e9es donnent au liquide de refroidissement une direction claire, permettant des d\u00e9bits \u00e9lev\u00e9s qui am\u00e9liorent les performances de l&rsquo;ensemble de la boucle de refroidissement.<br \/>\nLes chambres plates sur l&rsquo;\u00e9changeur de chaleur augmentent la flexibilit\u00e9 du montage gr\u00e2ce \u00e0 la r\u00e9duction de la longueur totale.<\/p>\n<p>Un montage polyvalent et facile est l&rsquo;un des principaux points sur lesquels le d\u00e9partement de recherche et d\u00e9veloppement d&rsquo;Alphacool s&rsquo;est concentr\u00e9. La chambre offre trois possibilit\u00e9s d&rsquo;installation des fittings \u00e0 la fois sur l&rsquo;entr\u00e9e et la sortie (sauf pour le mod\u00e8le NexXos ST30). Moins de fittings angulaires sont n\u00e9cessaires, ce qui am\u00e9liore les d\u00e9bits et offre plus de possibilit\u00e9s de montage. Ainsi, le radiateur peut m\u00eame \u00eatre install\u00e9 dans des bo\u00eetiers \u00e9troits o\u00f9 une installation interne n&rsquo;est normalement pas possible. Un bouchon de 1\/4&Prime; permet une purge facile du radiateur (sur tous les mod\u00e8les UT60 et NexXxos Monsta) et une installation verticale sans probl\u00e8me de l&rsquo;\u00e9changeur de chaleur. L&rsquo;ouverture filet\u00e9e peut m\u00eame \u00eatre utilis\u00e9e pour le remplissage, par exemple en combinaison avec un Fillport.<\/p>\n<p>La polyvalence est l&rsquo;essence de la nouvelle s\u00e9rie NexXxos ! Les radiateurs sont disponibles dans diff\u00e9rentes versions pour \u00eatre utilis\u00e9s avec des ventilateurs de 120 mm, 140 mm ou 180 mm, et ils sont disponibles dans diff\u00e9rentes \u00e9paisseurs. Le choix entre 30 mm, 45 mm et 60 mm offre le radiateur parfait pour chaque utilisation. M\u00eame le montage et l&rsquo;installation des ventilateurs et des grilles de radiateur sont faciles et polyvalents avec ces radiateurs : les filetages M3 sont standard dans le secteur des radiateurs et disponibles dans toutes les longueurs \u00e0 un prix abordable.<br \/>\nM\u00eame l&rsquo;insertion redout\u00e9e d&rsquo;une vis trop profond\u00e9ment dans le radiateur ne provoque pas de dommages co\u00fbteux. Contrairement \u00e0 d&rsquo;autres radiateurs, la s\u00e9rie NexXxos est \u00e9quip\u00e9e d&rsquo;un rebord de protection interne qui arr\u00eate la vis avant qu&rsquo;elle n&rsquo;endommage les ailettes.<\/p>\n<p>L&rsquo;espacement des ailettes est toujours un facteur important dans la conception d&rsquo;un radiateur. La nouvelle s\u00e9rie d&rsquo;Alphacool dispose d&rsquo;un design d&rsquo;ailettes qui lui permet de bien fonctionner m\u00eame avec des ventilateurs tournant lentement ou \u00e0 vitesse moyenne. Cela est non seulement agr\u00e9able car cela \u00e9vite les bruits inutiles, mais cela signifie \u00e9galement que le choix des ventilateurs pouvant \u00eatre utilis\u00e9s avec ces radiateurs n&rsquo;est pas limit\u00e9.<\/p>\n<p>Ces radiateurs sont le r\u00e9sultat de l&rsquo;exp\u00e9rience et des performances puissantes associ\u00e9es \u00e0 un design orient\u00e9 vers l&rsquo;avenir et \u00e0 des solutions bien r\u00e9fl\u00e9chies.<\/p>\n<p>Radiateurs Alphacool NexXxos : L&rsquo;outil unique pour tous vos besoins en refroidissement !<\/p>\n<p>Sp\u00e9cifications techniques:<br \/>\nMat\u00e9riau interne : Principalement en cuivre.<br \/>\nMat\u00e9riau du bo\u00eetier : Panneaux lat\u00e9raux en acier, filetages en laiton, chambres en cuivre.<br \/>\nDimensions: 400x124x46mm<br \/>\nFiletages de connexion : 6&#215;1\/4&Prime;.<br \/>\nTaille du filetage de montage : M3.<br \/>\nTest\u00e9 sous pression : 1,5 bar.<br \/>\nPoids: 1515g<\/p>\n","protected":false},"excerpt":{"rendered":"<p>Les nouveaux radiateurs Alphacool NexXxos, un nom qui symbolise l&rsquo;exp\u00e9rience et la qualit\u00e9, arrivent pour apporter un souffle nouveau sur le march\u00e9 des radiateurs. Chaque utilisateur d&rsquo;un syst\u00e8me de refroidissement liquide a besoin d&rsquo;un radiateur, et chacun a des exigences diff\u00e9rentes envers l&rsquo;\u00e9changeur de chaleur. Bien s\u00fbr, le client exige toujours le meilleur de sa [&hellip;]<\/p>\n","protected":false},"featured_media":6377,"template":"","meta":{"_genesis_hide_title":false,"_genesis_hide_breadcrumbs":false,"_genesis_hide_singular_image":false,"_genesis_hide_footer_widgets":false,"_genesis_custom_body_class":"","_genesis_custom_post_class":"","_genesis_layout":""},"product_brand":[],"product_cat":[23,24],"product_tag":[],"class_list":{"0":"post-6376","1":"product","2":"type-product","3":"status-publish","4":"has-post-thumbnail","6":"product_cat-radiateurs","7":"product_cat-480mm","8":"entry","10":"first","11":"instock","12":"taxable","13":"shipping-taxable","14":"purchasable","15":"product-type-simple"},"_links":{"self":[{"href":"https:\/\/proliquidpc.com\/fr\/wp-json\/wp\/v2\/product\/6376","targetHints":{"allow":["GET"]}}],"collection":[{"href":"https:\/\/proliquidpc.com\/fr\/wp-json\/wp\/v2\/product"}],"about":[{"href":"https:\/\/proliquidpc.com\/fr\/wp-json\/wp\/v2\/types\/product"}],"wp:featuredmedia":[{"embeddable":true,"href":"https:\/\/proliquidpc.com\/fr\/wp-json\/wp\/v2\/media\/6377"}],"wp:attachment":[{"href":"https:\/\/proliquidpc.com\/fr\/wp-json\/wp\/v2\/media?parent=6376"}],"wp:term":[{"taxonomy":"product_brand","embeddable":true,"href":"https:\/\/proliquidpc.com\/fr\/wp-json\/wp\/v2\/product_brand?post=6376"},{"taxonomy":"product_cat","embeddable":true,"href":"https:\/\/proliquidpc.com\/fr\/wp-json\/wp\/v2\/product_cat?post=6376"},{"taxonomy":"product_tag","embeddable":true,"href":"https:\/\/proliquidpc.com\/fr\/wp-json\/wp\/v2\/product_tag?post=6376"}],"curies":[{"name":"wp","href":"https:\/\/api.w.org\/{rel}","templated":true}]}}