{"id":6381,"date":"2024-10-30T16:33:10","date_gmt":"2024-10-30T20:33:10","guid":{"rendered":"https:\/\/dev.proliquidpc.com\/boutique\/non%20class\u00e9\/alphacool-nexxxos-st30-radiateur-en-cuivre-360mm-v2\/"},"modified":"2025-01-19T16:26:01","modified_gmt":"2025-01-19T21:26:01","slug":"alphacool-nexxxos-st30-radiateur-en-cuivre-360mm-v2","status":"publish","type":"product","link":"https:\/\/proliquidpc.com\/fr\/boutique\/radiateurs\/360mm\/alphacool-nexxxos-st30-radiateur-en-cuivre-360mm-v2\/","title":{"rendered":"Alphacool NexXxoS ST30 Radiateur en cuivre 360mm V2"},"content":{"rendered":"<p>Les nouveaux radiateurs Alphacool NexXxos, un nom qui symbolise l&rsquo;exp\u00e9rience et la qualit\u00e9, arrivent pour apporter un souffle nouveau sur le march\u00e9 des radiateurs.<\/p>\n<p>Chaque utilisateur d&rsquo;un syst\u00e8me de refroidissement liquide a besoin d&rsquo;un radiateur, et chacun a des exigences diff\u00e9rentes envers l&rsquo;\u00e9changeur de chaleur. Bien s\u00fbr, le client exige toujours le meilleur de sa cat\u00e9gorie. Les radiateurs Alphacool NexXxos sont arriv\u00e9s pour rivaliser avec les meilleurs de leur cat\u00e9gorie et les surpasser, afin d&rsquo;\u00eatre les meilleurs radiateurs dans toutes les tailles. Finis les choix interminables sans leader clair dans leur cat\u00e9gorie, l&rsquo;Alphacool NexXxos est l&rsquo;outil unique r\u00e9pondant \u00e0 tous vos besoins !<\/p>\n<p>Alphacool a \u00e9t\u00e9 l&rsquo;entreprise qui a introduit de nombreuses nouveaut\u00e9s et am\u00e9liorations dans le domaine des radiateurs et du refroidissement liquide au cours des derni\u00e8res ann\u00e9es.<br \/>\nDans la continuit\u00e9 de cette tradition, les nouveaux radiateurs NexXxos sont les premiers \u00e0 m\u00e9riter v\u00e9ritablement l&rsquo;attribut \u00ab\u00a0Tout en cuivre\u00a0\u00bb. Toutes les pi\u00e8ces principales, non seulement les ailettes et les canaux, mais aussi les chambres, sont fabriqu\u00e9es en cuivre. Cela entra\u00eene une am\u00e9lioration des performances o\u00f9 les autres radiateurs n&rsquo;ont aucune chance. Le mat\u00e9riau conf\u00e8re d\u00e9j\u00e0 un avantage par rapport \u00e0 la concurrence et la structure interne est \u00e0 la hauteur de la concurrence. Les chambres s\u00e9par\u00e9es donnent au liquide de refroidissement une direction claire, permettant des d\u00e9bits \u00e9lev\u00e9s qui am\u00e9liorent les performances de l&rsquo;ensemble de la boucle de refroidissement.<br \/>\nLes chambres plates sur l&rsquo;\u00e9changeur de chaleur augmentent la flexibilit\u00e9 du montage gr\u00e2ce \u00e0 la r\u00e9duction de la longueur totale.<\/p>\n<p>Un montage polyvalent et facile est l&rsquo;un des principaux points sur lesquels le d\u00e9partement de recherche et d\u00e9veloppement d&rsquo;Alphacool s&rsquo;est concentr\u00e9. La chambre offre diff\u00e9rentes possibilit\u00e9s d&rsquo;installation de fittingement. Moins de fittings angulaires sont n\u00e9cessaires, ce qui am\u00e9liore les d\u00e9bits et offre plus de possibilit\u00e9s de montage. Ainsi, le radiateur peut m\u00eame \u00eatre install\u00e9 dans des bo\u00eetiers \u00e9troits o\u00f9 une installation interne n&rsquo;est normalement pas possible.<\/p>\n","protected":false},"excerpt":{"rendered":"<p>Les nouveaux radiateurs Alphacool NexXxos, un nom qui symbolise l&rsquo;exp\u00e9rience et la qualit\u00e9, arrivent pour apporter un souffle nouveau sur le march\u00e9 des radiateurs. Chaque utilisateur d&rsquo;un syst\u00e8me de refroidissement liquide a besoin d&rsquo;un radiateur, et chacun a des exigences diff\u00e9rentes envers l&rsquo;\u00e9changeur de chaleur. Bien s\u00fbr, le client exige toujours le meilleur de sa [&hellip;]<\/p>\n","protected":false},"featured_media":6382,"template":"","meta":{"_genesis_hide_title":false,"_genesis_hide_breadcrumbs":false,"_genesis_hide_singular_image":false,"_genesis_hide_footer_widgets":false,"_genesis_custom_body_class":"","_genesis_custom_post_class":"","_genesis_layout":""},"product_brand":[],"product_cat":[23,33],"product_tag":[],"class_list":{"0":"post-6381","1":"product","2":"type-product","3":"status-publish","4":"has-post-thumbnail","6":"product_cat-radiateurs","7":"product_cat-360mm","8":"entry","10":"first","11":"instock","12":"taxable","13":"shipping-taxable","14":"purchasable","15":"product-type-simple"},"_links":{"self":[{"href":"https:\/\/proliquidpc.com\/fr\/wp-json\/wp\/v2\/product\/6381","targetHints":{"allow":["GET"]}}],"collection":[{"href":"https:\/\/proliquidpc.com\/fr\/wp-json\/wp\/v2\/product"}],"about":[{"href":"https:\/\/proliquidpc.com\/fr\/wp-json\/wp\/v2\/types\/product"}],"wp:featuredmedia":[{"embeddable":true,"href":"https:\/\/proliquidpc.com\/fr\/wp-json\/wp\/v2\/media\/6382"}],"wp:attachment":[{"href":"https:\/\/proliquidpc.com\/fr\/wp-json\/wp\/v2\/media?parent=6381"}],"wp:term":[{"taxonomy":"product_brand","embeddable":true,"href":"https:\/\/proliquidpc.com\/fr\/wp-json\/wp\/v2\/product_brand?post=6381"},{"taxonomy":"product_cat","embeddable":true,"href":"https:\/\/proliquidpc.com\/fr\/wp-json\/wp\/v2\/product_cat?post=6381"},{"taxonomy":"product_tag","embeddable":true,"href":"https:\/\/proliquidpc.com\/fr\/wp-json\/wp\/v2\/product_tag?post=6381"}],"curies":[{"name":"wp","href":"https:\/\/api.w.org\/{rel}","templated":true}]}}