{"id":6418,"date":"2024-10-30T16:33:10","date_gmt":"2024-10-30T20:33:10","guid":{"rendered":"https:\/\/dev.proliquidpc.com\/boutique\/non%20class\u00e9\/barrow-barb-fitting-cannele-1-2-id-tnybt4-a01-noir\/"},"modified":"2025-03-09T21:50:21","modified_gmt":"2025-03-10T01:50:21","slug":"barrow-barb-fitting-cannele-1-2-id-tnybt4-a01-noir","status":"publish","type":"product","link":"https:\/\/proliquidpc.com\/fr\/boutique\/fittings\/soft-fitting-1-2-id-x-3-4-od\/barrow-barb-fitting-cannele-1-2-id-tnybt4-a01-noir\/","title":{"rendered":"Barrow Barb Fitting cannel\u00e9 1\/2&Prime; ID &#8211; TNYBT4-A01 &#8211; Noir"},"content":{"rendered":"<p>L\u2019adaptateur cannel\u00e9 Barrow G1\/4&Prime; 1\/2&Prime; ID est parfait pour une utilisation de remplissage, de vidange et de bouchon.<br \/>\nCompatible avec les ports filet\u00e9s standard G1\/4&Prime; sur la plupart des composants et fittings de refroidissement par eau.<br \/>\nL\u2019extr\u00e9mit\u00e9 cannel\u00e9e s\u2019ins\u00e8re dans un tube de 1\/2 po de diam\u00e8tre int\u00e9rieur.<\/p>\n","protected":false},"excerpt":{"rendered":"<p>L\u2019adaptateur cannel\u00e9 Barrow G1\/4&Prime; 1\/2&Prime; ID est parfait pour une utilisation de remplissage, de vidange et de bouchon. Compatible avec les ports filet\u00e9s standard G1\/4&Prime; sur la plupart des composants et fittings de refroidissement par eau. L\u2019extr\u00e9mit\u00e9 cannel\u00e9e s\u2019ins\u00e8re dans un tube de 1\/2 po de diam\u00e8tre int\u00e9rieur.<\/p>\n","protected":false},"featured_media":6419,"template":"","meta":{"_genesis_hide_title":false,"_genesis_hide_breadcrumbs":false,"_genesis_hide_singular_image":false,"_genesis_hide_footer_widgets":false,"_genesis_custom_body_class":"","_genesis_custom_post_class":"","_genesis_layout":""},"product_brand":[233],"product_cat":[29,86],"product_tag":[],"class_list":{"0":"post-6418","1":"product","2":"type-product","3":"status-publish","4":"has-post-thumbnail","6":"product_brand-barrow","7":"product_cat-fittings","8":"product_cat-soft-fitting-1-2-id-x-3-4-od","9":"entry","11":"first","12":"instock","13":"taxable","14":"shipping-taxable","15":"purchasable","16":"product-type-simple"},"_links":{"self":[{"href":"https:\/\/proliquidpc.com\/fr\/wp-json\/wp\/v2\/product\/6418","targetHints":{"allow":["GET"]}}],"collection":[{"href":"https:\/\/proliquidpc.com\/fr\/wp-json\/wp\/v2\/product"}],"about":[{"href":"https:\/\/proliquidpc.com\/fr\/wp-json\/wp\/v2\/types\/product"}],"wp:featuredmedia":[{"embeddable":true,"href":"https:\/\/proliquidpc.com\/fr\/wp-json\/wp\/v2\/media\/6419"}],"wp:attachment":[{"href":"https:\/\/proliquidpc.com\/fr\/wp-json\/wp\/v2\/media?parent=6418"}],"wp:term":[{"taxonomy":"product_brand","embeddable":true,"href":"https:\/\/proliquidpc.com\/fr\/wp-json\/wp\/v2\/product_brand?post=6418"},{"taxonomy":"product_cat","embeddable":true,"href":"https:\/\/proliquidpc.com\/fr\/wp-json\/wp\/v2\/product_cat?post=6418"},{"taxonomy":"product_tag","embeddable":true,"href":"https:\/\/proliquidpc.com\/fr\/wp-json\/wp\/v2\/product_tag?post=6418"}],"curies":[{"name":"wp","href":"https:\/\/api.w.org\/{rel}","templated":true}]}}