{"id":6423,"date":"2024-10-30T16:33:10","date_gmt":"2024-10-30T20:33:10","guid":{"rendered":"https:\/\/dev.proliquidpc.com\/boutique\/non%20class\u00e9\/barrow-240mm-x-45mm-radiateur-en-cuivre-dabel-45a-240\/"},"modified":"2025-03-09T21:50:27","modified_gmt":"2025-03-10T01:50:27","slug":"barrow-240mm-x-45mm-radiateur-en-cuivre-dabel-45a-240","status":"publish","type":"product","link":"https:\/\/proliquidpc.com\/fr\/boutique\/radiateurs\/240mm\/barrow-240mm-x-45mm-radiateur-en-cuivre-dabel-45a-240\/","title":{"rendered":"Barrow 240mm x 45mm Radiateur en Cuivre &#8211; Dabel-45A 240"},"content":{"rendered":"<p>BARROW Dabel-A s\u00e9rie de 45 MM de hauteur de rang\u00e9e standard en cuivre refroidie \u00e0 l\u2019eau, adapt\u00e9e \u00e0 la plupart des ch\u00e2ssis standard et compacts \u00e0 installer et \u00e0 utiliser<\/p>\n<p>Mat\u00e9riau en cuivre pur des cours d\u2019eau, laiton de chambre \u00e0 eau, support de montage de ventilateur en acier inoxydable<\/p>\n<p>120-240-360 trois longueurs avec sp\u00e9cifications, en utilisant 12 conception d\u2019ailettes \u00e0 vague \u00e0 voie navigable unique \u00e0 haute densit\u00e9, une conception en forme d\u2019section de refroidissement haute performance + 12 bandes plus de canal d\u2019\u00e9coulement de tube plat, peuvent fournir de meilleures performances de transfert de chaleur et plus de zone de contact avec l\u2019air pour aider \u00e0 am\u00e9liorer et \u00e0 am\u00e9liorer la capacit\u00e9 de refroidissement de la rang\u00e9e froide, offrant le m\u00eame niveau d\u2019un niveau plus \u00e9lev\u00e9 de performance thermique<\/p>\n<p>Double sortie unilat\u00e9rale + 3 combinaisons \u00e0 interface unique sortie inf\u00e9rieure, offre une richesse d\u2019expansion et de praticit\u00e9<\/p>\n<p>Renseignements suppl\u00e9mentaires<br \/>\nSections (radiateur) : 15<\/p>\n<p>Dimensions : 280mm x 129mm x 45mm<\/p>\n<p>Filetage : G1\/4&Prime;<\/p>\n<p>Mat\u00e9riau : Cuivre<\/p>\n","protected":false},"excerpt":{"rendered":"<p>BARROW Dabel-A s\u00e9rie de 45 MM de hauteur de rang\u00e9e standard en cuivre refroidie \u00e0 l\u2019eau, adapt\u00e9e \u00e0 la plupart des ch\u00e2ssis standard et compacts \u00e0 installer et \u00e0 utiliser Mat\u00e9riau en cuivre pur des cours d\u2019eau, laiton de chambre \u00e0 eau, support de montage de ventilateur en acier inoxydable 120-240-360 trois longueurs avec sp\u00e9cifications, [&hellip;]<\/p>\n","protected":false},"featured_media":6424,"template":"","meta":{"_genesis_hide_title":false,"_genesis_hide_breadcrumbs":false,"_genesis_hide_singular_image":false,"_genesis_hide_footer_widgets":false,"_genesis_custom_body_class":"","_genesis_custom_post_class":"","_genesis_layout":""},"product_brand":[233],"product_cat":[23,31],"product_tag":[],"class_list":{"0":"post-6423","1":"product","2":"type-product","3":"status-publish","4":"has-post-thumbnail","6":"product_brand-barrow","7":"product_cat-radiateurs","8":"product_cat-240mm","9":"entry","11":"first","12":"outofstock","13":"taxable","14":"shipping-taxable","15":"purchasable","16":"product-type-simple"},"_links":{"self":[{"href":"https:\/\/proliquidpc.com\/fr\/wp-json\/wp\/v2\/product\/6423","targetHints":{"allow":["GET"]}}],"collection":[{"href":"https:\/\/proliquidpc.com\/fr\/wp-json\/wp\/v2\/product"}],"about":[{"href":"https:\/\/proliquidpc.com\/fr\/wp-json\/wp\/v2\/types\/product"}],"wp:featuredmedia":[{"embeddable":true,"href":"https:\/\/proliquidpc.com\/fr\/wp-json\/wp\/v2\/media\/6424"}],"wp:attachment":[{"href":"https:\/\/proliquidpc.com\/fr\/wp-json\/wp\/v2\/media?parent=6423"}],"wp:term":[{"taxonomy":"product_brand","embeddable":true,"href":"https:\/\/proliquidpc.com\/fr\/wp-json\/wp\/v2\/product_brand?post=6423"},{"taxonomy":"product_cat","embeddable":true,"href":"https:\/\/proliquidpc.com\/fr\/wp-json\/wp\/v2\/product_cat?post=6423"},{"taxonomy":"product_tag","embeddable":true,"href":"https:\/\/proliquidpc.com\/fr\/wp-json\/wp\/v2\/product_tag?post=6423"}],"curies":[{"name":"wp","href":"https:\/\/api.w.org\/{rel}","templated":true}]}}