{"id":6432,"date":"2024-10-30T16:33:10","date_gmt":"2024-10-30T20:33:10","guid":{"rendered":"https:\/\/dev.proliquidpc.com\/boutique\/non%20class\u00e9\/barrow-360mm-x-30mm-radiateur-en-cuivre-dabel-30a-360\/"},"modified":"2025-03-09T21:50:33","modified_gmt":"2025-03-10T01:50:33","slug":"barrow-360mm-x-30mm-radiateur-en-cuivre-dabel-30a-360","status":"publish","type":"product","link":"https:\/\/proliquidpc.com\/fr\/boutique\/radiateurs\/360mm\/barrow-360mm-x-30mm-radiateur-en-cuivre-dabel-30a-360\/","title":{"rendered":"Barrow 360mm x 30mm Radiateur en Cuivre &#8211;"},"content":{"rendered":"<p>01 Circulation multicanal<br \/>\nCirculation multicanal de 14 pi\u00e8ces, \u00e9largissant directement la zone de dissipation thermique du radiateur par l\u2019augmentation des canaux.<\/p>\n<p>02 Chambre de grande capacit\u00e9<br \/>\nPeut stocker plus de frais et pour la dissipation de la chaleur.<\/p>\n<p>03 Voie d\u2019eau tournante \u00e0 dissipation thermique<br \/>\nAugmentez la distance d\u2019\u00e9coulement du liquide de refroidissement \u00e0 l\u2019int\u00e9rieur du radiateur, ce qui rend la dissipation de la chaleur plus efficace.<\/p>\n<p>04 Mat\u00e9riaux r\u00e9els<br \/>\nLe laiton et le cuivre sont utilis\u00e9s comme mat\u00e9riaux de chambre d\u2019eau et de plaques ondul\u00e9es pour am\u00e9liorer la dissipation de la chaleur.<br \/>\nAvec support de montage en acier inoxydable, ext\u00e9rieur avec logo laser.<\/p>\n<p>05 Diff\u00e9rentes longueurs peuvent \u00eatre choisies<br \/>\n120 | 240 | 360 | 480<\/p>\n<p>06 S\u00e9lection et installation de la vis<br \/>\nPlacez le ventilateur et le radiateur ensemble comme indiqu\u00e9 sur la figure, comparez les vis comme indiqu\u00e9.<br \/>\nS\u00e9lectionnez les vis appropri\u00e9es en fonction de la situation r\u00e9elle.<\/p>\n<p>Mod\u00e8le : Dabel-30a<br \/>\nMat\u00e9riau : Cuivre, Laiton, Acier inoxydable<br \/>\nStructure interne : Tube plat en cuivre, 14 sections, 114x2x17mm<br \/>\nSections : Puissance 18 sections\/pouce, Hauteur 18,5mm<br \/>\nPerformance : Performances thermiques puissantes<br \/>\nAdaptateur ventilateurs : 120 fan x 1<br \/>\nFixation du ventilateur : Trou de vis x 4 chaque surface de travail<br \/>\nInterface : G1\/4&Prime; x 2<br \/>\nAccessoire : vis M3 * 6 x 8, vis M3 * 30 x 4, vis M3 * 35 x 4, cl\u00e9 hexagonale de 2 mm x1, joint noir M3 * 7 * 0,5 x 4<br \/>\nTaille : 155 x 120x 30mm<br \/>\nPression de d\u00e9tection : 0,32 bar<br \/>\nContenance : 150ml<br \/>\nCouleur : Noir<\/p>\n","protected":false},"excerpt":{"rendered":"<p>01 Circulation multicanal Circulation multicanal de 14 pi\u00e8ces, \u00e9largissant directement la zone de dissipation thermique du radiateur par l\u2019augmentation des canaux. 02 Chambre de grande capacit\u00e9 Peut stocker plus de frais et pour la dissipation de la chaleur. 03 Voie d\u2019eau tournante \u00e0 dissipation thermique Augmentez la distance d\u2019\u00e9coulement du liquide de refroidissement \u00e0 l\u2019int\u00e9rieur [&hellip;]<\/p>\n","protected":false},"featured_media":6433,"template":"","meta":{"_genesis_hide_title":false,"_genesis_hide_breadcrumbs":false,"_genesis_hide_singular_image":false,"_genesis_hide_footer_widgets":false,"_genesis_custom_body_class":"","_genesis_custom_post_class":"","_genesis_layout":""},"product_brand":[233],"product_cat":[23,33],"product_tag":[],"class_list":{"0":"post-6432","1":"product","2":"type-product","3":"status-publish","4":"has-post-thumbnail","6":"product_brand-barrow","7":"product_cat-radiateurs","8":"product_cat-360mm","9":"entry","11":"first","12":"instock","13":"taxable","14":"shipping-taxable","15":"purchasable","16":"product-type-simple"},"_links":{"self":[{"href":"https:\/\/proliquidpc.com\/fr\/wp-json\/wp\/v2\/product\/6432","targetHints":{"allow":["GET"]}}],"collection":[{"href":"https:\/\/proliquidpc.com\/fr\/wp-json\/wp\/v2\/product"}],"about":[{"href":"https:\/\/proliquidpc.com\/fr\/wp-json\/wp\/v2\/types\/product"}],"wp:featuredmedia":[{"embeddable":true,"href":"https:\/\/proliquidpc.com\/fr\/wp-json\/wp\/v2\/media\/6433"}],"wp:attachment":[{"href":"https:\/\/proliquidpc.com\/fr\/wp-json\/wp\/v2\/media?parent=6432"}],"wp:term":[{"taxonomy":"product_brand","embeddable":true,"href":"https:\/\/proliquidpc.com\/fr\/wp-json\/wp\/v2\/product_brand?post=6432"},{"taxonomy":"product_cat","embeddable":true,"href":"https:\/\/proliquidpc.com\/fr\/wp-json\/wp\/v2\/product_cat?post=6432"},{"taxonomy":"product_tag","embeddable":true,"href":"https:\/\/proliquidpc.com\/fr\/wp-json\/wp\/v2\/product_tag?post=6432"}],"curies":[{"name":"wp","href":"https:\/\/api.w.org\/{rel}","templated":true}]}}