{"id":6436,"date":"2024-10-30T16:33:10","date_gmt":"2024-10-30T20:33:10","guid":{"rendered":"https:\/\/dev.proliquidpc.com\/boutique\/non%20class\u00e9\/hard-tubing-de-refroidissement-par-eau-bykski-pmma-od14mm-avec-angle-de-90-b-ykl14wp-200mm-x-500mm-transparent\/"},"modified":"2025-03-12T03:18:58","modified_gmt":"2025-03-12T07:18:58","slug":"hard-tubing-de-refroidissement-par-eau-bykski-pmma-od14mm-avec-angle-de-90-b-ykl14wp-200mm-x-500mm-transparent","status":"publish","type":"product","link":"https:\/\/proliquidpc.com\/fr\/boutique\/tubing\/hard-tubing-acrylique-pmma\/hard-tubing-de-refroidissement-par-eau-bykski-pmma-od14mm-avec-angle-de-90-b-ykl14wp-200mm-x-500mm-transparent\/","title":{"rendered":"Hard tubing de refroidissement par eau Bykski PMMA OD14mm avec angle de 90\u00b0 &#8211; B-YKL14WP &#8211; 200mm x 500mm &#8211; Transparent"},"content":{"rendered":"<p>Le tube PMMA Bykski est livr\u00e9 dans une course inclin\u00e9e qui vous permet d\u2019ajuster sur mesure les coudes, mais de couper \u00e0 chaque extr\u00e9mit\u00e9.<\/p>\n<p>Taille du tube : 10 mm de diam\u00e8tre int\u00e9rieur \/ 14 mm de diam\u00e8tre ext\u00e9rieur<br \/>\n\u00c9paisseur de la paroi : 4 mm<\/p>\n<p>Compatibilit\u00e9<br \/>\nfittings : tous les fittings rigides de 14 mm de diam\u00e8tre ext\u00e9rieur<br \/>\nPi\u00e8ces incluses<\/p>\n<p>Avertissements<br \/>\nIl s\u2019agit d\u2019un produit pour les utilisateurs AVANC\u00c9S !<br \/>\nNous ne sommes pas responsables des dommages caus\u00e9s par ou lors de l\u2019utilisation de ce produit. Veuillez utiliser \u00e0 vos risques et p\u00e9rils.<\/p>\n<p>Installation<br \/>\nLa coupe doit \u00eatre effectu\u00e9e avec les outils appropri\u00e9s. Le non-respect de cette consigne peut entra\u00eener des extr\u00e9mit\u00e9s non uniformes, entra\u00eenant des fuites et un d\u00e9faut d\u2019\u00e9tanch\u00e9it\u00e9.<\/p>\n","protected":false},"excerpt":{"rendered":"<p>Le tube PMMA Bykski est livr\u00e9 dans une course inclin\u00e9e qui vous permet d\u2019ajuster sur mesure les coudes, mais de couper \u00e0 chaque extr\u00e9mit\u00e9. Taille du tube : 10 mm de diam\u00e8tre int\u00e9rieur \/ 14 mm de diam\u00e8tre ext\u00e9rieur \u00c9paisseur de la paroi : 4 mm Compatibilit\u00e9 fittings : tous les fittings rigides de 14 [&hellip;]<\/p>\n","protected":false},"featured_media":3389,"template":"","meta":{"_genesis_hide_title":false,"_genesis_hide_breadcrumbs":false,"_genesis_hide_singular_image":false,"_genesis_hide_footer_widgets":false,"_genesis_custom_body_class":"","_genesis_custom_post_class":"","_genesis_layout":""},"product_brand":[],"product_cat":[76,27],"product_tag":[],"class_list":{"0":"post-6436","1":"product","2":"type-product","3":"status-publish","4":"has-post-thumbnail","6":"product_cat-hard-tubing-acrylique-pmma","7":"product_cat-tubing","8":"entry","10":"first","11":"instock","12":"taxable","13":"shipping-taxable","14":"purchasable","15":"product-type-simple"},"_links":{"self":[{"href":"https:\/\/proliquidpc.com\/fr\/wp-json\/wp\/v2\/product\/6436","targetHints":{"allow":["GET"]}}],"collection":[{"href":"https:\/\/proliquidpc.com\/fr\/wp-json\/wp\/v2\/product"}],"about":[{"href":"https:\/\/proliquidpc.com\/fr\/wp-json\/wp\/v2\/types\/product"}],"wp:featuredmedia":[{"embeddable":true,"href":"https:\/\/proliquidpc.com\/fr\/wp-json\/wp\/v2\/media\/3389"}],"wp:attachment":[{"href":"https:\/\/proliquidpc.com\/fr\/wp-json\/wp\/v2\/media?parent=6436"}],"wp:term":[{"taxonomy":"product_brand","embeddable":true,"href":"https:\/\/proliquidpc.com\/fr\/wp-json\/wp\/v2\/product_brand?post=6436"},{"taxonomy":"product_cat","embeddable":true,"href":"https:\/\/proliquidpc.com\/fr\/wp-json\/wp\/v2\/product_cat?post=6436"},{"taxonomy":"product_tag","embeddable":true,"href":"https:\/\/proliquidpc.com\/fr\/wp-json\/wp\/v2\/product_tag?post=6436"}],"curies":[{"name":"wp","href":"https:\/\/api.w.org\/{rel}","templated":true}]}}