{"id":6438,"date":"2024-10-30T16:33:10","date_gmt":"2024-10-30T20:33:10","guid":{"rendered":"https:\/\/dev.proliquidpc.com\/boutique\/non%20class\u00e9\/valve-bykski-cc-hp-x-v2-argent\/"},"modified":"2025-03-17T19:45:54","modified_gmt":"2025-03-17T23:45:54","slug":"valve-bykski-cc-hp-x-v2-argent","status":"publish","type":"product","link":"https:\/\/proliquidpc.com\/fr\/boutique\/fittings\/valve\/valve-bykski-cc-hp-x-v2-argent\/","title":{"rendered":"Valve Bykski &#8211; CC-HP-X-V2 &#8211; Argent"},"content":{"rendered":"<p>La Valve \u00e0 traction m\u00e2le \u00e0 femelle Bykski G1\/4&Prime; est un moyen unique d\u2019arr\u00eater le d\u00e9bit dans votre boucle. Chaque Valve est soigneusement usin\u00e9e selon des sp\u00e9cifications qui permettent \u00e0 l\u2019utilisateur d\u2019installer un fitting G1\/4&Prime; \u00e0 une extr\u00e9mit\u00e9 et de connecter l\u2019autre extr\u00e9mit\u00e9 \u00e0 un composant compatible. Il en r\u00e9sulte une connexion scellable qui permet de localiser facilement l\u2019orifice de vidange ou l\u2019orifice de remplissage. En tirant simplement l\u2019extr\u00e9mit\u00e9 vers l\u2019int\u00e9rieur ou vers l\u2019ext\u00e9rieur, vous pouvez ouvrir\/fermer la connexion.<\/p>\n<p>La conception unique et la facilit\u00e9 d\u2019installation seront parfaites pour votre prochain syst\u00e8me de refroidissement par eau. Ces fittings peuvent \u00eatre utilis\u00e9s sur le dessus de votre bo\u00eetier comme emplacement de remplissage ou au bas comme drain.<\/p>\n<p>Fonctionnalit\u00e9s<br \/>\nG1\/4&Prime; filetage.<br \/>\nS\u2019installe en quelques minutes.<\/p>\n<p>Sp\u00e9cifications<br \/>\nFiletage : Filetage femelle G1 \/ 4 \/ Filetage m\u00e2le G1 \/ 4<\/p>\n<p>Pi\u00e8ces incluses<br \/>\n1x Bykski G1\/4&Prime; M\u00e2le \u00e0 Femelle Valve<\/p>\n<p>Avertissements<br \/>\nUn serrage excessif peut provoquer un d\u00e9nudage des fils.<br \/>\nNous ne sommes pas responsables des dommages mat\u00e9riels.<\/p>\n","protected":false},"excerpt":{"rendered":"<p>La Valve \u00e0 traction m\u00e2le \u00e0 femelle Bykski G1\/4&Prime; est un moyen unique d\u2019arr\u00eater le d\u00e9bit dans votre boucle. Chaque Valve est soigneusement usin\u00e9e selon des sp\u00e9cifications qui permettent \u00e0 l\u2019utilisateur d\u2019installer un fitting G1\/4&Prime; \u00e0 une extr\u00e9mit\u00e9 et de connecter l\u2019autre extr\u00e9mit\u00e9 \u00e0 un composant compatible. Il en r\u00e9sulte une connexion scellable qui permet [&hellip;]<\/p>\n","protected":false},"featured_media":3893,"template":"","meta":{"_genesis_hide_title":false,"_genesis_hide_breadcrumbs":false,"_genesis_hide_singular_image":false,"_genesis_hide_footer_widgets":false,"_genesis_custom_body_class":"","_genesis_custom_post_class":"","_genesis_layout":""},"product_brand":[],"product_cat":[29,32],"product_tag":[],"class_list":{"0":"post-6438","1":"product","2":"type-product","3":"status-publish","4":"has-post-thumbnail","6":"product_cat-fittings","7":"product_cat-valve","8":"entry","10":"first","11":"instock","12":"taxable","13":"shipping-taxable","14":"purchasable","15":"product-type-simple"},"_links":{"self":[{"href":"https:\/\/proliquidpc.com\/fr\/wp-json\/wp\/v2\/product\/6438","targetHints":{"allow":["GET"]}}],"collection":[{"href":"https:\/\/proliquidpc.com\/fr\/wp-json\/wp\/v2\/product"}],"about":[{"href":"https:\/\/proliquidpc.com\/fr\/wp-json\/wp\/v2\/types\/product"}],"wp:featuredmedia":[{"embeddable":true,"href":"https:\/\/proliquidpc.com\/fr\/wp-json\/wp\/v2\/media\/3893"}],"wp:attachment":[{"href":"https:\/\/proliquidpc.com\/fr\/wp-json\/wp\/v2\/media?parent=6438"}],"wp:term":[{"taxonomy":"product_brand","embeddable":true,"href":"https:\/\/proliquidpc.com\/fr\/wp-json\/wp\/v2\/product_brand?post=6438"},{"taxonomy":"product_cat","embeddable":true,"href":"https:\/\/proliquidpc.com\/fr\/wp-json\/wp\/v2\/product_cat?post=6438"},{"taxonomy":"product_tag","embeddable":true,"href":"https:\/\/proliquidpc.com\/fr\/wp-json\/wp\/v2\/product_tag?post=6438"}],"curies":[{"name":"wp","href":"https:\/\/api.w.org\/{rel}","templated":true}]}}